{"id":10177,"date":"2019-08-27T13:10:42","date_gmt":"2019-08-27T10:10:42","guid":{"rendered":"https:\/\/dreamfiregrill.com\/product\/dreamfire-poll-teksariidest\/"},"modified":"2023-07-07T14:59:13","modified_gmt":"2023-07-07T11:59:13","slug":"dreamfire-poll-teksariidest","status":"publish","type":"product","link":"https:\/\/dreamfiregrill.com\/et\/toode\/dreamfire-poll-teksariidest\/","title":{"rendered":"Dreamfire\u00ae p\u00f5ll teksariidest"},"content":{"rendered":"","protected":false},"excerpt":{"rendered":"<p>Dreamfire\u00ae teksariidest BBQ p\u00f5ll on valmistatud paksust ja vastupidavast materjalist, mist\u00f5ttu sobib ta ideaalselt grillimisel riiete kaitsmiseks. P\u00f5llel on reguleeritav kaelapael, v\u00f6\u00f6 ning suured taskud.<\/p>\n<p>P\u00f5lle m\u00f5\u00f5dud: 90cm x 70cm<\/p>\n","protected":false},"featured_media":10178,"template":"","meta":[],"product_brand":[],"product_cat":[92],"product_tag":[],"class_list":{"0":"post-10177","1":"product","2":"type-product","3":"status-publish","4":"has-post-thumbnail","6":"product_cat-lisavarustus","8":"first","9":"outofstock","10":"taxable","11":"shipping-taxable","12":"purchasable","13":"product-type-simple"},"_links":{"self":[{"href":"https:\/\/dreamfiregrill.com\/et\/wp-json\/wp\/v2\/product\/10177","targetHints":{"allow":["GET"]}}],"collection":[{"href":"https:\/\/dreamfiregrill.com\/et\/wp-json\/wp\/v2\/product"}],"about":[{"href":"https:\/\/dreamfiregrill.com\/et\/wp-json\/wp\/v2\/types\/product"}],"wp:featuredmedia":[{"embeddable":true,"href":"https:\/\/dreamfiregrill.com\/et\/wp-json\/wp\/v2\/media\/10178"}],"wp:attachment":[{"href":"https:\/\/dreamfiregrill.com\/et\/wp-json\/wp\/v2\/media?parent=10177"}],"wp:term":[{"taxonomy":"product_brand","embeddable":true,"href":"https:\/\/dreamfiregrill.com\/et\/wp-json\/wp\/v2\/product_brand?post=10177"},{"taxonomy":"product_cat","embeddable":true,"href":"https:\/\/dreamfiregrill.com\/et\/wp-json\/wp\/v2\/product_cat?post=10177"},{"taxonomy":"product_tag","embeddable":true,"href":"https:\/\/dreamfiregrill.com\/et\/wp-json\/wp\/v2\/product_tag?post=10177"}],"curies":[{"name":"wp","href":"https:\/\/api.w.org\/{rel}","templated":true}]}}