{"id":10221,"date":"2019-08-27T13:13:55","date_gmt":"2019-08-27T10:13:55","guid":{"rendered":"https:\/\/dreamfiregrill.com\/product\/dreamfire-meatspotter-100-bluetooth-termomeeter\/"},"modified":"2026-03-27T19:05:40","modified_gmt":"2026-03-27T17:05:40","slug":"dreamfire-meatspotter-100-bluetooth-termomeeter","status":"publish","type":"product","link":"https:\/\/dreamfiregrill.com\/et\/toode\/dreamfire-meatspotter-100-bluetooth-termomeeter\/","title":{"rendered":"Dreamfire\u00ae Meatspotter 100 Bluetooth termomeeter"},"content":{"rendered":"<p>Dreamfire\u00ae Meatspotter 100 eeliseks on suur taustavalgusega ekraan, kust on grilli l\u00e4heduses v\u00e4ga mugav vaadata praegust temperatuuri. Termomeetri kerel on m\u00e4rgutuled, mist\u00f5ttu tead alati, millise sondi temperatuuri hetkel kuvatakse.<\/p>\n<p>Tehnilised andmed:<br \/>\nT\u00e4psus: 0-99\u00b0C \u00b1 1%. 100-199\u00b0C \u00b1 2%. 200-300\u00b0C \u00b1 3%<br \/>\nTemperatuuri taluvus: Hetkeline m\u00f5\u00f5tmine \u2013 1-350\u00b0C<br \/>\nTemperatuuri taluvus: Pikaajaline m\u00f5\u00f5tmine \u2013 1-300\u00b0C<br \/>\nK\u00fcpsusastmete valik: Rare (toores), medium rare (pooltoores), medium (keskmine), medium well (poolk\u00fcps), well (k\u00fcps).<br \/>\nAlarmid: Temperatuuri vahemiku teavitus, temperatuuri saavutamise teavitus, taimer, bluetooth \u00fchenduse katkemise teavitus.<br \/>\nKaal: 144gr<br \/>\nM\u00f5\u00f5dud: 9cm x 9.5cm x 2cm<br \/>\nEkraan: LCD \/ Teie nutiseade<br \/>\nSondi kaabli pikkus: 100cm<br \/>\nSondi pikkus: 106mm<br \/>\nSondi l\u00e4bim\u00f5\u00f5t: 2mm<\/p>\n","protected":false},"excerpt":{"rendered":"<p>Termomeetriga tuleb kaasa 2 sondi (v\u00f5imalik \u00fchendada kuni 6 sondi \u2013 lisasondid eraldi juurde ostetavad).<\/p>\n","protected":false},"featured_media":10230,"template":"","meta":[],"product_brand":[],"product_cat":[92],"product_tag":[],"class_list":{"0":"post-10221","1":"product","2":"type-product","3":"status-publish","4":"has-post-thumbnail","6":"product_cat-lisavarustus","7":"product_shipping_class-accessories","9":"first","10":"instock","11":"taxable","12":"shipping-taxable","13":"purchasable","14":"product-type-simple"},"_links":{"self":[{"href":"https:\/\/dreamfiregrill.com\/et\/wp-json\/wp\/v2\/product\/10221","targetHints":{"allow":["GET"]}}],"collection":[{"href":"https:\/\/dreamfiregrill.com\/et\/wp-json\/wp\/v2\/product"}],"about":[{"href":"https:\/\/dreamfiregrill.com\/et\/wp-json\/wp\/v2\/types\/product"}],"wp:featuredmedia":[{"embeddable":true,"href":"https:\/\/dreamfiregrill.com\/et\/wp-json\/wp\/v2\/media\/10230"}],"wp:attachment":[{"href":"https:\/\/dreamfiregrill.com\/et\/wp-json\/wp\/v2\/media?parent=10221"}],"wp:term":[{"taxonomy":"product_brand","embeddable":true,"href":"https:\/\/dreamfiregrill.com\/et\/wp-json\/wp\/v2\/product_brand?post=10221"},{"taxonomy":"product_cat","embeddable":true,"href":"https:\/\/dreamfiregrill.com\/et\/wp-json\/wp\/v2\/product_cat?post=10221"},{"taxonomy":"product_tag","embeddable":true,"href":"https:\/\/dreamfiregrill.com\/et\/wp-json\/wp\/v2\/product_tag?post=10221"}],"curies":[{"name":"wp","href":"https:\/\/api.w.org\/{rel}","templated":true}]}}