{"id":10247,"date":"2020-05-27T16:04:24","date_gmt":"2022-05-30T07:27:09","guid":{"rendered":"https:\/\/dreamfiregrill.com\/product\/dreamfire-lepapuust-grillimisplank\/"},"modified":"2025-02-20T10:30:50","modified_gmt":"2025-02-20T08:30:50","slug":"dreamfire-lepapuust-grillimisplank","status":"publish","type":"product","link":"https:\/\/dreamfiregrill.com\/et\/toode\/dreamfire-lepapuust-grillimisplank\/","title":{"rendered":"Dreamfire\u00ae lepapuust grillimisplank"},"content":{"rendered":"<p>Dreamfire\u00ae paksust lepapuust grillimisplank. Lepaplank on stiilne ning piisava suurusega, et ka suuremaid kala- v\u00f5i lihat\u00fckid \u00e4ra mahuksid. \u00dchte grillplanku saab kasutada kuni 10 korda.<\/p>\n","protected":false},"excerpt":{"rendered":"<p>Pikkus 40-42cm.<br \/>\nLaius 15-25cm.<br \/>\nPaksus 2.5-3cm.<\/p>\n","protected":false},"featured_media":8614,"template":"","meta":[],"product_brand":[],"product_cat":[142],"product_tag":[],"class_list":{"0":"post-10247","1":"product","2":"type-product","3":"status-publish","4":"has-post-thumbnail","6":"product_cat-susi-ja-suitsutamistarvikud","8":"first","9":"instock","10":"taxable","11":"shipping-taxable","12":"purchasable","13":"product-type-simple"},"_links":{"self":[{"href":"https:\/\/dreamfiregrill.com\/et\/wp-json\/wp\/v2\/product\/10247","targetHints":{"allow":["GET"]}}],"collection":[{"href":"https:\/\/dreamfiregrill.com\/et\/wp-json\/wp\/v2\/product"}],"about":[{"href":"https:\/\/dreamfiregrill.com\/et\/wp-json\/wp\/v2\/types\/product"}],"wp:featuredmedia":[{"embeddable":true,"href":"https:\/\/dreamfiregrill.com\/et\/wp-json\/wp\/v2\/media\/8614"}],"wp:attachment":[{"href":"https:\/\/dreamfiregrill.com\/et\/wp-json\/wp\/v2\/media?parent=10247"}],"wp:term":[{"taxonomy":"product_brand","embeddable":true,"href":"https:\/\/dreamfiregrill.com\/et\/wp-json\/wp\/v2\/product_brand?post=10247"},{"taxonomy":"product_cat","embeddable":true,"href":"https:\/\/dreamfiregrill.com\/et\/wp-json\/wp\/v2\/product_cat?post=10247"},{"taxonomy":"product_tag","embeddable":true,"href":"https:\/\/dreamfiregrill.com\/et\/wp-json\/wp\/v2\/product_tag?post=10247"}],"curies":[{"name":"wp","href":"https:\/\/api.w.org\/{rel}","templated":true}]}}