{"id":10272,"date":"2019-04-17T13:05:55","date_gmt":"2019-04-17T10:05:55","guid":{"rendered":"https:\/\/dreamfiregrill.com\/product\/dreamfire-malmplaat-poolkuu-classic\/"},"modified":"2023-07-07T14:59:17","modified_gmt":"2023-07-07T11:59:17","slug":"dreamfire-malmplaat-poolkuu-classic","status":"publish","type":"product","link":"https:\/\/dreamfiregrill.com\/et\/toode\/dreamfire-malmplaat-poolkuu-classic\/","title":{"rendered":"Dreamfire\u00ae malmplaat poolkuu Classic"},"content":{"rendered":"<p>&nbsp;<\/p>\n<p>&nbsp;<\/p>\n","protected":false},"excerpt":{"rendered":"<p>Malmist poolkuu plaat. Malm-portselanist plaat on nakkekindel, lihtsasti puhastatav ja jaotab kuumuse \u00fchtalselt. Plaati saab kasutada nii k\u00fcpsetamiseks kui ka kuumuse hajutamiseks. Plaat sobib kasutamiseks k\u00f5ikides kamado grillides alates 21\u2033<\/p>\n<p>M\u00f5\u00f5tmed 46.5 \u00d7 1.5cm.<\/p>\n","protected":false},"featured_media":10273,"template":"","meta":[],"product_brand":[],"product_cat":[92],"product_tag":[],"class_list":{"0":"post-10272","1":"product","2":"type-product","3":"status-publish","4":"has-post-thumbnail","6":"product_cat-lisavarustus","7":"product_shipping_class-accessories","9":"first","10":"outofstock","11":"taxable","12":"shipping-taxable","13":"purchasable","14":"product-type-simple"},"_links":{"self":[{"href":"https:\/\/dreamfiregrill.com\/et\/wp-json\/wp\/v2\/product\/10272","targetHints":{"allow":["GET"]}}],"collection":[{"href":"https:\/\/dreamfiregrill.com\/et\/wp-json\/wp\/v2\/product"}],"about":[{"href":"https:\/\/dreamfiregrill.com\/et\/wp-json\/wp\/v2\/types\/product"}],"wp:featuredmedia":[{"embeddable":true,"href":"https:\/\/dreamfiregrill.com\/et\/wp-json\/wp\/v2\/media\/10273"}],"wp:attachment":[{"href":"https:\/\/dreamfiregrill.com\/et\/wp-json\/wp\/v2\/media?parent=10272"}],"wp:term":[{"taxonomy":"product_brand","embeddable":true,"href":"https:\/\/dreamfiregrill.com\/et\/wp-json\/wp\/v2\/product_brand?post=10272"},{"taxonomy":"product_cat","embeddable":true,"href":"https:\/\/dreamfiregrill.com\/et\/wp-json\/wp\/v2\/product_cat?post=10272"},{"taxonomy":"product_tag","embeddable":true,"href":"https:\/\/dreamfiregrill.com\/et\/wp-json\/wp\/v2\/product_tag?post=10272"}],"curies":[{"name":"wp","href":"https:\/\/api.w.org\/{rel}","templated":true}]}}