{"id":10316,"date":"2019-04-13T13:21:07","date_gmt":"2022-05-30T07:48:34","guid":{"rendered":"https:\/\/dreamfiregrill.com\/product\/dreamfire-grillikate\/"},"modified":"2023-07-07T14:59:22","modified_gmt":"2023-07-07T11:59:22","slug":"dreamfire-grillikate","status":"publish","type":"product","link":"https:\/\/dreamfiregrill.com\/et\/toode\/dreamfire-grillikate\/","title":{"rendered":"Dreamfire\u00ae grillikate"},"content":{"rendered":"","protected":false},"excerpt":{"rendered":"<p>Dreamfire kamado grillikate kaitseb grilli vihma, tuule, \u00f5ietolmu ja mustuse eest. Katet on mugav kasutada t\u00e4nu alaosas olevale sulgurile. Dreamfire vihmakate hoiab Sinu grilli puhtana aasta l\u00e4bi.<\/p>\n","protected":false},"featured_media":10317,"template":"","meta":[],"product_brand":[],"product_cat":[92],"product_tag":[],"class_list":{"0":"post-10316","1":"product","2":"type-product","3":"status-publish","4":"has-post-thumbnail","6":"product_cat-lisavarustus","7":"product_shipping_class-accessories","9":"first","10":"instock","11":"taxable","12":"shipping-taxable","13":"purchasable","14":"product-type-variable"},"_links":{"self":[{"href":"https:\/\/dreamfiregrill.com\/et\/wp-json\/wp\/v2\/product\/10316","targetHints":{"allow":["GET"]}}],"collection":[{"href":"https:\/\/dreamfiregrill.com\/et\/wp-json\/wp\/v2\/product"}],"about":[{"href":"https:\/\/dreamfiregrill.com\/et\/wp-json\/wp\/v2\/types\/product"}],"wp:featuredmedia":[{"embeddable":true,"href":"https:\/\/dreamfiregrill.com\/et\/wp-json\/wp\/v2\/media\/10317"}],"wp:attachment":[{"href":"https:\/\/dreamfiregrill.com\/et\/wp-json\/wp\/v2\/media?parent=10316"}],"wp:term":[{"taxonomy":"product_brand","embeddable":true,"href":"https:\/\/dreamfiregrill.com\/et\/wp-json\/wp\/v2\/product_brand?post=10316"},{"taxonomy":"product_cat","embeddable":true,"href":"https:\/\/dreamfiregrill.com\/et\/wp-json\/wp\/v2\/product_cat?post=10316"},{"taxonomy":"product_tag","embeddable":true,"href":"https:\/\/dreamfiregrill.com\/et\/wp-json\/wp\/v2\/product_tag?post=10316"}],"curies":[{"name":"wp","href":"https:\/\/api.w.org\/{rel}","templated":true}]}}