{"id":10334,"date":"2019-04-13T14:50:10","date_gmt":"2022-05-30T07:50:35","guid":{"rendered":"https:\/\/dreamfiregrill.com\/product\/dreamfire-pitsaplaat\/"},"modified":"2023-07-07T14:59:21","modified_gmt":"2023-07-07T11:59:21","slug":"dreamfire-pitsaplaat","status":"publish","type":"product","link":"https:\/\/dreamfiregrill.com\/et\/toode\/dreamfire-pitsaplaat\/","title":{"rendered":"Dreamfire\u00ae pitsaplaat"},"content":{"rendered":"","protected":false},"excerpt":{"rendered":"<p>Dreamfire\u00ae pitsaplaat XL jagab kuumuse \u00fchtlaselt ja imab sisse \u00fcleliigse niiskuse, mis pitsast eraldub. Pitsaplaat annab parima kr\u00f5beda pitsap\u00f5hja.<\/p>\n","protected":false},"featured_media":10335,"template":"","meta":[],"product_brand":[],"product_cat":[92],"product_tag":[],"class_list":{"0":"post-10334","1":"product","2":"type-product","3":"status-publish","4":"has-post-thumbnail","6":"product_cat-lisavarustus","7":"product_shipping_class-accessories","9":"first","10":"instock","11":"taxable","12":"shipping-taxable","13":"purchasable","14":"product-type-variable"},"_links":{"self":[{"href":"https:\/\/dreamfiregrill.com\/et\/wp-json\/wp\/v2\/product\/10334","targetHints":{"allow":["GET"]}}],"collection":[{"href":"https:\/\/dreamfiregrill.com\/et\/wp-json\/wp\/v2\/product"}],"about":[{"href":"https:\/\/dreamfiregrill.com\/et\/wp-json\/wp\/v2\/types\/product"}],"wp:featuredmedia":[{"embeddable":true,"href":"https:\/\/dreamfiregrill.com\/et\/wp-json\/wp\/v2\/media\/10335"}],"wp:attachment":[{"href":"https:\/\/dreamfiregrill.com\/et\/wp-json\/wp\/v2\/media?parent=10334"}],"wp:term":[{"taxonomy":"product_brand","embeddable":true,"href":"https:\/\/dreamfiregrill.com\/et\/wp-json\/wp\/v2\/product_brand?post=10334"},{"taxonomy":"product_cat","embeddable":true,"href":"https:\/\/dreamfiregrill.com\/et\/wp-json\/wp\/v2\/product_cat?post=10334"},{"taxonomy":"product_tag","embeddable":true,"href":"https:\/\/dreamfiregrill.com\/et\/wp-json\/wp\/v2\/product_tag?post=10334"}],"curies":[{"name":"wp","href":"https:\/\/api.w.org\/{rel}","templated":true}]}}