{"id":10446,"date":"2020-02-13T13:22:24","date_gmt":"2022-05-30T08:11:20","guid":{"rendered":"https:\/\/dreamfiregrill.com\/product\/dreamfire-extra-kuumakindel-grillimise-kinnas\/"},"modified":"2025-12-02T13:56:40","modified_gmt":"2025-12-02T11:56:40","slug":"dreamfire-extra-kuumakindel-grillimise-kinnas","status":"publish","type":"product","link":"https:\/\/dreamfiregrill.com\/et\/toode\/dreamfire-extra-kuumakindel-grillimise-kinnas\/","title":{"rendered":"Dreamfire\u00ae extra kuumakindel grillimise kinnas"},"content":{"rendered":"<p>Dreamfire\u00ae extra kuumakindel grillimise kinnas kannatab kuni 600\u00b0C kuumust ning on h\u00e4davajalik abiline grillimisel. V\u00f5imaldab t\u00f5sta mugavalt kuumi potte, grillreste ning muud. Istub mugavalt k\u00e4tte. NB! Olge ettevaatlik kuumade esemete k\u00e4sitlemisel.<\/p>\n","protected":false},"excerpt":{"rendered":"<p>Dreamfire\u00ae extra kuumakindel grillimise kinnas kannatab kuni 600\u00b0C kuumust ning on h\u00e4davajalik abiline grillimisel. V\u00f5imaldab t\u00f5sta mugavalt kuumi potte, grillreste ning muud. Istub mugavalt k\u00e4tte. NB! Olge ettevaatlik kuumade esemete k\u00e4sitlemisel.<\/p>\n","protected":false},"featured_media":8325,"template":"","meta":[],"product_brand":[],"product_cat":[92],"product_tag":[],"class_list":{"0":"post-10446","1":"product","2":"type-product","3":"status-publish","4":"has-post-thumbnail","6":"product_cat-lisavarustus","7":"product_shipping_class-accessories","9":"first","10":"instock","11":"taxable","12":"shipping-taxable","13":"purchasable","14":"product-type-simple"},"_links":{"self":[{"href":"https:\/\/dreamfiregrill.com\/et\/wp-json\/wp\/v2\/product\/10446","targetHints":{"allow":["GET"]}}],"collection":[{"href":"https:\/\/dreamfiregrill.com\/et\/wp-json\/wp\/v2\/product"}],"about":[{"href":"https:\/\/dreamfiregrill.com\/et\/wp-json\/wp\/v2\/types\/product"}],"wp:featuredmedia":[{"embeddable":true,"href":"https:\/\/dreamfiregrill.com\/et\/wp-json\/wp\/v2\/media\/8325"}],"wp:attachment":[{"href":"https:\/\/dreamfiregrill.com\/et\/wp-json\/wp\/v2\/media?parent=10446"}],"wp:term":[{"taxonomy":"product_brand","embeddable":true,"href":"https:\/\/dreamfiregrill.com\/et\/wp-json\/wp\/v2\/product_brand?post=10446"},{"taxonomy":"product_cat","embeddable":true,"href":"https:\/\/dreamfiregrill.com\/et\/wp-json\/wp\/v2\/product_cat?post=10446"},{"taxonomy":"product_tag","embeddable":true,"href":"https:\/\/dreamfiregrill.com\/et\/wp-json\/wp\/v2\/product_tag?post=10446"}],"curies":[{"name":"wp","href":"https:\/\/api.w.org\/{rel}","templated":true}]}}