{"id":10491,"date":"2021-04-22T13:23:21","date_gmt":"2022-05-31T11:29:32","guid":{"rendered":"https:\/\/dreamfiregrill.com\/product\/dreamfire-viskivaadist-suitsutusklotsid\/"},"modified":"2023-07-07T14:59:04","modified_gmt":"2023-07-07T11:59:04","slug":"dreamfire-viskivaadist-suitsutusklotsid","status":"publish","type":"product","link":"https:\/\/dreamfiregrill.com\/et\/toode\/dreamfire-viskivaadist-suitsutusklotsid\/","title":{"rendered":"Dreamfire\u00ae viskivaadist suitsutusklotsid"},"content":{"rendered":"<p>Dreamfire viskivaadist suitsutusklotsid on valmistatud ehtsatest tammest viskivaatidest. Viskivaadist valmistatud suitsutusklotsid annavad m\u00f5nusa magusa ja tugeva suitsuaroomi liha k\u00fcpsetamisel.\u00a0 Sobilik s\u00f6egrillides ning suitsuahjudes kasutamiseks. Viskivaadi suitsutusklotsid sobivad k\u00f5ige paremini veise-, sea-, uluki- v\u00f5i linnulihale maitse andmiseks. Viskiklotse v\u00f5ib enne vees leotada v\u00f5i panna kuivana s\u00fcte vahele.<\/p>\n","protected":false},"excerpt":{"rendered":"<p>Kaal: ~2kg<\/p>\n","protected":false},"featured_media":11773,"template":"","meta":[],"product_brand":[],"product_cat":[142],"product_tag":[],"class_list":{"0":"post-10491","1":"product","2":"type-product","3":"status-publish","4":"has-post-thumbnail","6":"product_cat-susi-ja-suitsutamistarvikud","8":"first","9":"instock","10":"taxable","11":"shipping-taxable","12":"purchasable","13":"product-type-simple"},"_links":{"self":[{"href":"https:\/\/dreamfiregrill.com\/et\/wp-json\/wp\/v2\/product\/10491","targetHints":{"allow":["GET"]}}],"collection":[{"href":"https:\/\/dreamfiregrill.com\/et\/wp-json\/wp\/v2\/product"}],"about":[{"href":"https:\/\/dreamfiregrill.com\/et\/wp-json\/wp\/v2\/types\/product"}],"wp:featuredmedia":[{"embeddable":true,"href":"https:\/\/dreamfiregrill.com\/et\/wp-json\/wp\/v2\/media\/11773"}],"wp:attachment":[{"href":"https:\/\/dreamfiregrill.com\/et\/wp-json\/wp\/v2\/media?parent=10491"}],"wp:term":[{"taxonomy":"product_brand","embeddable":true,"href":"https:\/\/dreamfiregrill.com\/et\/wp-json\/wp\/v2\/product_brand?post=10491"},{"taxonomy":"product_cat","embeddable":true,"href":"https:\/\/dreamfiregrill.com\/et\/wp-json\/wp\/v2\/product_cat?post=10491"},{"taxonomy":"product_tag","embeddable":true,"href":"https:\/\/dreamfiregrill.com\/et\/wp-json\/wp\/v2\/product_tag?post=10491"}],"curies":[{"name":"wp","href":"https:\/\/api.w.org\/{rel}","templated":true}]}}