{"id":10493,"date":"2021-04-22T13:24:36","date_gmt":"2022-05-31T11:34:32","guid":{"rendered":"https:\/\/dreamfiregrill.com\/product\/dreamfire-lepapuust-suitsutusklotsid\/"},"modified":"2023-09-11T23:40:08","modified_gmt":"2023-09-11T20:40:08","slug":"dreamfire-lepapuust-suitsutusklotsid","status":"publish","type":"product","link":"https:\/\/dreamfiregrill.com\/et\/toode\/dreamfire-lepapuust-suitsutusklotsid\/","title":{"rendered":"Dreamfire\u00ae lepapuust suitsutusklotsid"},"content":{"rendered":"<p>Dreamfire lepapuust suitsutusklotsid on valmistatud kuivatatud lepapuust. Lepapuust suitsutusklotsid on v\u00e4ga universaalsed ning sobivad pea igale toidule maheda suitsumaitse lisamiseks. Sobilik s\u00f6egrillides ning suitsuahjudes kasutamiseks. Suitsutusklotsid on kuubiku kujuga ning iga k\u00fclg on umbes 5cm pikk ning sobivad seet\u00f5ttu ideaalselt s\u00f6egrillis s\u00fcte vahele panemiseks. Klotside suurus pakendis v\u00f5ib varieeruda. Lepapuust suitsutusklotsid sobivad k\u00f5ige paremini linnulihale ning mereandidele suitsumaitse lisamiseks. Klotse v\u00f5ib enne vees leotada v\u00f5i panna kuivana s\u00fcte vahele.<\/p>\n","protected":false},"excerpt":{"rendered":"<p>Kaal: ~2kg<\/p>\n","protected":false},"featured_media":11764,"template":"","meta":[],"product_brand":[],"product_cat":[142],"product_tag":[],"class_list":{"0":"post-10493","1":"product","2":"type-product","3":"status-publish","4":"has-post-thumbnail","6":"product_cat-susi-ja-suitsutamistarvikud","8":"first","9":"outofstock","10":"taxable","11":"shipping-taxable","12":"purchasable","13":"product-type-simple"},"_links":{"self":[{"href":"https:\/\/dreamfiregrill.com\/et\/wp-json\/wp\/v2\/product\/10493","targetHints":{"allow":["GET"]}}],"collection":[{"href":"https:\/\/dreamfiregrill.com\/et\/wp-json\/wp\/v2\/product"}],"about":[{"href":"https:\/\/dreamfiregrill.com\/et\/wp-json\/wp\/v2\/types\/product"}],"wp:featuredmedia":[{"embeddable":true,"href":"https:\/\/dreamfiregrill.com\/et\/wp-json\/wp\/v2\/media\/11764"}],"wp:attachment":[{"href":"https:\/\/dreamfiregrill.com\/et\/wp-json\/wp\/v2\/media?parent=10493"}],"wp:term":[{"taxonomy":"product_brand","embeddable":true,"href":"https:\/\/dreamfiregrill.com\/et\/wp-json\/wp\/v2\/product_brand?post=10493"},{"taxonomy":"product_cat","embeddable":true,"href":"https:\/\/dreamfiregrill.com\/et\/wp-json\/wp\/v2\/product_cat?post=10493"},{"taxonomy":"product_tag","embeddable":true,"href":"https:\/\/dreamfiregrill.com\/et\/wp-json\/wp\/v2\/product_tag?post=10493"}],"curies":[{"name":"wp","href":"https:\/\/api.w.org\/{rel}","templated":true}]}}