{"id":10495,"date":"2021-04-22T13:25:51","date_gmt":"2022-05-31T11:49:41","guid":{"rendered":"https:\/\/dreamfiregrill.com\/product\/dreamfire-tammepuust-suitsutusklotsid\/"},"modified":"2023-07-07T14:59:03","modified_gmt":"2023-07-07T11:59:03","slug":"dreamfire-tammepuust-suitsutusklotsid","status":"publish","type":"product","link":"https:\/\/dreamfiregrill.com\/et\/toode\/dreamfire-tammepuust-suitsutusklotsid\/","title":{"rendered":"Dreamfire\u00ae tammepuust suitsutusklotsid"},"content":{"rendered":"<p>Dreamfire tammepuust suitsutusklotsid on valmistatud kuivatatud tammepuust. Tammepuust suitsutusklotsid annavad tugevamat suitsumaitset, kui annab lepapuu. Sobilik s\u00f6egrillides ning suitsuahjudes kasutamiseks.<\/p>\n<p>Tammepuust suitsutusklotsid sobivad k\u00f5ige paremini veise-, sea- ja ulukilihale suitsumaitse lisamiseks. Suitsutusklotsid on korrap\u00e4ratu kujuga, umbes 5cm pikkade k\u00fclgedega ning sobivad ideaalselt s\u00f6egrillis s\u00fcte vahele panemiseks. Klotside suurus pakendis v\u00f5ib varieeruda. Klotse v\u00f5ib enne vees leotada v\u00f5i panna kuivana s\u00fcte vahele.<\/p>\n","protected":false},"excerpt":{"rendered":"<p>Kaal: ~2kg<\/p>\n","protected":false},"featured_media":11755,"template":"","meta":[],"product_brand":[],"product_cat":[142],"product_tag":[],"class_list":{"0":"post-10495","1":"product","2":"type-product","3":"status-publish","4":"has-post-thumbnail","6":"product_cat-susi-ja-suitsutamistarvikud","8":"first","9":"outofstock","10":"taxable","11":"shipping-taxable","12":"purchasable","13":"product-type-simple"},"_links":{"self":[{"href":"https:\/\/dreamfiregrill.com\/et\/wp-json\/wp\/v2\/product\/10495","targetHints":{"allow":["GET"]}}],"collection":[{"href":"https:\/\/dreamfiregrill.com\/et\/wp-json\/wp\/v2\/product"}],"about":[{"href":"https:\/\/dreamfiregrill.com\/et\/wp-json\/wp\/v2\/types\/product"}],"wp:featuredmedia":[{"embeddable":true,"href":"https:\/\/dreamfiregrill.com\/et\/wp-json\/wp\/v2\/media\/11755"}],"wp:attachment":[{"href":"https:\/\/dreamfiregrill.com\/et\/wp-json\/wp\/v2\/media?parent=10495"}],"wp:term":[{"taxonomy":"product_brand","embeddable":true,"href":"https:\/\/dreamfiregrill.com\/et\/wp-json\/wp\/v2\/product_brand?post=10495"},{"taxonomy":"product_cat","embeddable":true,"href":"https:\/\/dreamfiregrill.com\/et\/wp-json\/wp\/v2\/product_cat?post=10495"},{"taxonomy":"product_tag","embeddable":true,"href":"https:\/\/dreamfiregrill.com\/et\/wp-json\/wp\/v2\/product_tag?post=10495"}],"curies":[{"name":"wp","href":"https:\/\/api.w.org\/{rel}","templated":true}]}}