{"id":10497,"date":"2021-11-01T14:34:43","date_gmt":"2022-05-31T12:17:00","guid":{"rendered":"https:\/\/dreamfiregrill.com\/product\/dreamfire-kirsipuust-suitsutusklotsid\/"},"modified":"2025-12-02T13:56:39","modified_gmt":"2025-12-02T11:56:39","slug":"dreamfire-kirsipuust-suitsutusklotsid","status":"publish","type":"product","link":"https:\/\/dreamfiregrill.com\/et\/toode\/dreamfire-kirsipuust-suitsutusklotsid\/","title":{"rendered":"Dreamfire\u00ae kirsipuust suitsutusklotsid"},"content":{"rendered":"<p>Dreamfire\u00ae kirsipuust suitsutusklotsid on valmistatud kuivatatud kirsipuust. Kirsipuust suitsutusklotsid on v\u00e4ga universaalsed ning sobivad pea igale toidule maheda suitsumaitse lisamiseks, k\u00f5ige paremini aga linnulihale ning mereandidele Suitsutusklotsid sobivad kasutamiseks s\u00f6egrillides, kamadodes ja suitsuahjudes. Suitsutusklotsid on kuubiku kujuga ning iga k\u00fclg on umbes 5cm pikk ning sobivad seet\u00f5ttu ideaalselt s\u00f6egrillis s\u00fcte vahele panemiseks. Klotside suurus pakendis v\u00f5ib varieeruda. Klotse v\u00f5ib enne vees leotada v\u00f5i panna kuivana s\u00fcte vahele.<\/p>\n","protected":false},"excerpt":{"rendered":"<p>Dreamfire\u00ae kirsipuust suitsutusklotsid on valmistatud kuivatatud kirsipuust. Kirsipuust suitsutusklotsid on v\u00e4ga universaalsed ning sobivad pea igale toidule maheda suitsumaitse lisamiseks, k\u00f5ige paremini aga linnulihale ning mereandidele Suitsutusklotsid sobivad kasutamiseks s\u00f6egrillides, kamadodes ja suitsuahjudes. Suitsutusklotsid on kuubiku kujuga ning iga k\u00fclg on umbes 5cm pikk ning sobivad seet\u00f5ttu ideaalselt s\u00f6egrillis s\u00fcte vahele panemiseks. Klotside suurus pakendis [&hellip;]<\/p>\n","protected":false},"featured_media":12840,"template":"","meta":[],"product_brand":[],"product_cat":[142],"product_tag":[],"class_list":{"0":"post-10497","1":"product","2":"type-product","3":"status-publish","4":"has-post-thumbnail","6":"product_cat-susi-ja-suitsutamistarvikud","8":"first","9":"instock","10":"taxable","11":"shipping-taxable","12":"purchasable","13":"product-type-simple"},"_links":{"self":[{"href":"https:\/\/dreamfiregrill.com\/et\/wp-json\/wp\/v2\/product\/10497","targetHints":{"allow":["GET"]}}],"collection":[{"href":"https:\/\/dreamfiregrill.com\/et\/wp-json\/wp\/v2\/product"}],"about":[{"href":"https:\/\/dreamfiregrill.com\/et\/wp-json\/wp\/v2\/types\/product"}],"wp:featuredmedia":[{"embeddable":true,"href":"https:\/\/dreamfiregrill.com\/et\/wp-json\/wp\/v2\/media\/12840"}],"wp:attachment":[{"href":"https:\/\/dreamfiregrill.com\/et\/wp-json\/wp\/v2\/media?parent=10497"}],"wp:term":[{"taxonomy":"product_brand","embeddable":true,"href":"https:\/\/dreamfiregrill.com\/et\/wp-json\/wp\/v2\/product_brand?post=10497"},{"taxonomy":"product_cat","embeddable":true,"href":"https:\/\/dreamfiregrill.com\/et\/wp-json\/wp\/v2\/product_cat?post=10497"},{"taxonomy":"product_tag","embeddable":true,"href":"https:\/\/dreamfiregrill.com\/et\/wp-json\/wp\/v2\/product_tag?post=10497"}],"curies":[{"name":"wp","href":"https:\/\/api.w.org\/{rel}","templated":true}]}}