{"id":10499,"date":"2021-11-01T14:46:48","date_gmt":"2022-05-31T12:25:54","guid":{"rendered":"https:\/\/dreamfiregrill.com\/product\/dreamfire-ounapuust-suitsutusklotsid\/"},"modified":"2023-09-11T20:06:25","modified_gmt":"2023-09-11T17:06:25","slug":"dreamfire-ounapuust-suitsutusklotsid","status":"publish","type":"product","link":"https:\/\/dreamfiregrill.com\/et\/toode\/dreamfire-ounapuust-suitsutusklotsid\/","title":{"rendered":"Dreamfire\u00ae \u00f5unapuust suitsutusklotsid"},"content":{"rendered":"<p>Dreamfire\u00ae \u00f5unapuust suitsutusklotsid on valmistatud kuivatatud \u00f5unapuust. \u00d5unapuust suitsutusklotsid on v\u00e4ga universaalsed ning sobivad pea igale toidule maheda suitsumaitse lisamiseks, k\u00f5ige paremini aga sea ja linnulihale. Suitsutusklotsid sobivad kasutamiseks s\u00f6egrillides, kamadodes ja suitsuahjudes. Suitsutusklotsid on kuubiku kujuga ning iga k\u00fclg on umbes 5cm pikk ning sobivad seet\u00f5ttu ideaalselt s\u00f6egrillis s\u00fcte vahele panemiseks. Klotside suurus pakendis v\u00f5ib varieeruda. Klotse v\u00f5ib enne vees leotada v\u00f5i panna kuivana s\u00fcte vahele.<\/p>\n","protected":false},"excerpt":{"rendered":"<p>Dreamfire\u00ae \u00f5unapuust suitsutusklotsid on valmistatud kuivatatud \u00f5unapuust. \u00d5unapuust suitsutusklotsid on v\u00e4ga universaalsed ning sobivad pea igale toidule maheda suitsumaitse lisamiseks, k\u00f5ige paremini aga sea ja linnulihale. Suitsutusklotsid sobivad kasutamiseks s\u00f6egrillides, kamadodes ja suitsuahjudes. Suitsutusklotsid on kuubiku kujuga ning iga k\u00fclg on umbes 5cm pikk ning sobivad seet\u00f5ttu ideaalselt s\u00f6egrillis s\u00fcte vahele panemiseks. Klotside suurus pakendis [&hellip;]<\/p>\n","protected":false},"featured_media":12832,"template":"","meta":[],"product_brand":[],"product_cat":[142],"product_tag":[],"class_list":{"0":"post-10499","1":"product","2":"type-product","3":"status-publish","4":"has-post-thumbnail","6":"product_cat-susi-ja-suitsutamistarvikud","8":"first","9":"instock","10":"taxable","11":"shipping-taxable","12":"purchasable","13":"product-type-simple"},"_links":{"self":[{"href":"https:\/\/dreamfiregrill.com\/et\/wp-json\/wp\/v2\/product\/10499","targetHints":{"allow":["GET"]}}],"collection":[{"href":"https:\/\/dreamfiregrill.com\/et\/wp-json\/wp\/v2\/product"}],"about":[{"href":"https:\/\/dreamfiregrill.com\/et\/wp-json\/wp\/v2\/types\/product"}],"wp:featuredmedia":[{"embeddable":true,"href":"https:\/\/dreamfiregrill.com\/et\/wp-json\/wp\/v2\/media\/12832"}],"wp:attachment":[{"href":"https:\/\/dreamfiregrill.com\/et\/wp-json\/wp\/v2\/media?parent=10499"}],"wp:term":[{"taxonomy":"product_brand","embeddable":true,"href":"https:\/\/dreamfiregrill.com\/et\/wp-json\/wp\/v2\/product_brand?post=10499"},{"taxonomy":"product_cat","embeddable":true,"href":"https:\/\/dreamfiregrill.com\/et\/wp-json\/wp\/v2\/product_cat?post=10499"},{"taxonomy":"product_tag","embeddable":true,"href":"https:\/\/dreamfiregrill.com\/et\/wp-json\/wp\/v2\/product_tag?post=10499"}],"curies":[{"name":"wp","href":"https:\/\/api.w.org\/{rel}","templated":true}]}}