{"id":11346,"date":"2022-07-07T16:10:48","date_gmt":"2022-07-07T13:10:48","guid":{"rendered":"https:\/\/dreamfiregrill.com\/product\/dreamfire-malmist-pott-kaanega-4l\/"},"modified":"2026-01-22T19:17:56","modified_gmt":"2026-01-22T17:17:56","slug":"dreamfire-malmist-pott-kaanega-4l","status":"publish","type":"product","link":"https:\/\/dreamfiregrill.com\/et\/toode\/dreamfire-malmist-pott-kaanega-4l\/","title":{"rendered":"Dreamfire\u00ae malmist pott kaanega 4L"},"content":{"rendered":"<p>Malmpotiga on v\u00f5imalik valmistada palju erinevaid roogasi, alustades r\u00f6stitud k\u00f6\u00f6giviljadest, mahlasest lihast kuni magustoitudeni. Malmpott tekitab toidule m\u00f5nusa kr\u00f5beda kooriku, s\u00e4ilitades samal ajal oma mahlasuse.<\/p>\n","protected":false},"excerpt":{"rendered":"<p>Dreamfire malmist pott kaanega. Kaant on v\u00f5imalik kasutada eraldi pannina. V\u00f5ib kasutada grillil, gaasi-, keraamilisel- , elektri- , halogeen- , puu -ja induktsioonpliidil. Diameeter 26cm, k\u00f5rgus 8cm, mahutavus 4L.<\/p>\n","protected":false},"featured_media":11331,"template":"","meta":[],"product_brand":[],"product_cat":[92],"product_tag":[],"class_list":{"0":"post-11346","1":"product","2":"type-product","3":"status-publish","4":"has-post-thumbnail","6":"product_cat-lisavarustus","8":"first","9":"instock","10":"taxable","11":"shipping-taxable","12":"purchasable","13":"product-type-simple"},"_links":{"self":[{"href":"https:\/\/dreamfiregrill.com\/et\/wp-json\/wp\/v2\/product\/11346","targetHints":{"allow":["GET"]}}],"collection":[{"href":"https:\/\/dreamfiregrill.com\/et\/wp-json\/wp\/v2\/product"}],"about":[{"href":"https:\/\/dreamfiregrill.com\/et\/wp-json\/wp\/v2\/types\/product"}],"wp:featuredmedia":[{"embeddable":true,"href":"https:\/\/dreamfiregrill.com\/et\/wp-json\/wp\/v2\/media\/11331"}],"wp:attachment":[{"href":"https:\/\/dreamfiregrill.com\/et\/wp-json\/wp\/v2\/media?parent=11346"}],"wp:term":[{"taxonomy":"product_brand","embeddable":true,"href":"https:\/\/dreamfiregrill.com\/et\/wp-json\/wp\/v2\/product_brand?post=11346"},{"taxonomy":"product_cat","embeddable":true,"href":"https:\/\/dreamfiregrill.com\/et\/wp-json\/wp\/v2\/product_cat?post=11346"},{"taxonomy":"product_tag","embeddable":true,"href":"https:\/\/dreamfiregrill.com\/et\/wp-json\/wp\/v2\/product_tag?post=11346"}],"curies":[{"name":"wp","href":"https:\/\/api.w.org\/{rel}","templated":true}]}}