{"id":11349,"date":"2022-07-07T16:24:29","date_gmt":"2022-07-07T13:24:29","guid":{"rendered":"https:\/\/dreamfiregrill.com\/?post_type=product&#038;p=11349"},"modified":"2025-12-02T13:54:47","modified_gmt":"2025-12-02T11:54:47","slug":"dreamfire-malmist-wok-pann-36cm-kaanega","status":"publish","type":"product","link":"https:\/\/dreamfiregrill.com\/et\/toode\/dreamfire-malmist-wok-pann-36cm-kaanega\/","title":{"rendered":"Dreamfire malmist wok pann 36cm kaanega"},"content":{"rendered":"<p>Malmpotiga on v\u00f5imalik valmistada palju erinevaid roogasi, alustades r\u00f6stitud k\u00f6\u00f6giviljadest, mahlasest lihast kuni magustoitudeni. Malmpott tekitab toidule m\u00f5nusa kr\u00f5beda kooriku, s\u00e4ilitades samal ajal oma mahlasuse.<\/p>\n","protected":false},"excerpt":{"rendered":"<p>Dreamfire malmist wok pann kaanega. V\u00f5ib kasutada grillil, gaasi-, keraamilisel- , elektri- , halogeen- , puu -ja induktsioonpliidil. Diameeter 36cm, k\u00f5rgus 13cm, mahutavus 5,5L.<\/p>\n","protected":false},"featured_media":11368,"template":"","meta":[],"product_brand":[],"product_cat":[92],"product_tag":[],"class_list":{"0":"post-11349","1":"product","2":"type-product","3":"status-publish","4":"has-post-thumbnail","6":"product_cat-lisavarustus","8":"first","9":"instock","10":"taxable","11":"shipping-taxable","12":"purchasable","13":"product-type-simple"},"_links":{"self":[{"href":"https:\/\/dreamfiregrill.com\/et\/wp-json\/wp\/v2\/product\/11349","targetHints":{"allow":["GET"]}}],"collection":[{"href":"https:\/\/dreamfiregrill.com\/et\/wp-json\/wp\/v2\/product"}],"about":[{"href":"https:\/\/dreamfiregrill.com\/et\/wp-json\/wp\/v2\/types\/product"}],"wp:featuredmedia":[{"embeddable":true,"href":"https:\/\/dreamfiregrill.com\/et\/wp-json\/wp\/v2\/media\/11368"}],"wp:attachment":[{"href":"https:\/\/dreamfiregrill.com\/et\/wp-json\/wp\/v2\/media?parent=11349"}],"wp:term":[{"taxonomy":"product_brand","embeddable":true,"href":"https:\/\/dreamfiregrill.com\/et\/wp-json\/wp\/v2\/product_brand?post=11349"},{"taxonomy":"product_cat","embeddable":true,"href":"https:\/\/dreamfiregrill.com\/et\/wp-json\/wp\/v2\/product_cat?post=11349"},{"taxonomy":"product_tag","embeddable":true,"href":"https:\/\/dreamfiregrill.com\/et\/wp-json\/wp\/v2\/product_tag?post=11349"}],"curies":[{"name":"wp","href":"https:\/\/api.w.org\/{rel}","templated":true}]}}