{"id":11692,"date":"2019-08-13T11:27:51","date_gmt":"2019-08-13T08:27:51","guid":{"rendered":"https:\/\/dreamfiregrill.com\/product\/dreamfire-apron\/"},"modified":"2023-07-07T14:59:14","modified_gmt":"2023-07-07T11:59:14","slug":"dreamfire-apron","status":"publish","type":"product","link":"https:\/\/dreamfiregrill.com\/et\/toode\/dreamfire-apron\/","title":{"rendered":"Dreamfire\u00ae t\u00e4isp\u00f5ll"},"content":{"rendered":"<p>Dreamfire musta v\u00e4rvi t\u00e4isp\u00f5ll. Professionaalne kokap\u00f5ll.<\/p>\n<p>Suurus: 75 x 90 cm<\/p>\n<p>Materjal: 65\/35% polyester\/cotton<\/p>\n<p>Kanga paksus &#8211; 235g\/m\u00b2<\/p>\n","protected":false},"excerpt":{"rendered":"<p>Dreamfire musta v\u00e4rvi t\u00e4isp\u00f5ll. Professionaalne kokap\u00f5ll.<\/p>\n<p>Suurus: 75 x 90 cm<\/p>\n<p>Materjal: 65\/35% polyester\/cotton<\/p>\n<p>Kanga paksus &#8211; 235g\/m\u00b2<\/p>\n","protected":false},"featured_media":11693,"template":"","meta":[],"product_brand":[],"product_cat":[92],"product_tag":[],"class_list":{"0":"post-11692","1":"product","2":"type-product","3":"status-publish","4":"has-post-thumbnail","6":"product_cat-lisavarustus","8":"first","9":"outofstock","10":"taxable","11":"shipping-taxable","12":"purchasable","13":"product-type-simple"},"_links":{"self":[{"href":"https:\/\/dreamfiregrill.com\/et\/wp-json\/wp\/v2\/product\/11692","targetHints":{"allow":["GET"]}}],"collection":[{"href":"https:\/\/dreamfiregrill.com\/et\/wp-json\/wp\/v2\/product"}],"about":[{"href":"https:\/\/dreamfiregrill.com\/et\/wp-json\/wp\/v2\/types\/product"}],"wp:featuredmedia":[{"embeddable":true,"href":"https:\/\/dreamfiregrill.com\/et\/wp-json\/wp\/v2\/media\/11693"}],"wp:attachment":[{"href":"https:\/\/dreamfiregrill.com\/et\/wp-json\/wp\/v2\/media?parent=11692"}],"wp:term":[{"taxonomy":"product_brand","embeddable":true,"href":"https:\/\/dreamfiregrill.com\/et\/wp-json\/wp\/v2\/product_brand?post=11692"},{"taxonomy":"product_cat","embeddable":true,"href":"https:\/\/dreamfiregrill.com\/et\/wp-json\/wp\/v2\/product_cat?post=11692"},{"taxonomy":"product_tag","embeddable":true,"href":"https:\/\/dreamfiregrill.com\/et\/wp-json\/wp\/v2\/product_tag?post=11692"}],"curies":[{"name":"wp","href":"https:\/\/api.w.org\/{rel}","templated":true}]}}