{"id":11851,"date":"2023-03-13T15:06:34","date_gmt":"2023-03-13T13:06:34","guid":{"rendered":"https:\/\/dreamfiregrill.com\/product\/dreamfire-grill-bbq-foolium\/"},"modified":"2025-12-02T13:54:47","modified_gmt":"2025-12-02T11:54:47","slug":"dreamfire-grill-bbq-foolium","status":"publish","type":"product","link":"https:\/\/dreamfiregrill.com\/et\/toode\/dreamfire-grill-bbq-foolium\/","title":{"rendered":"Dreamfire Grill &#038; BBQ Foolium"},"content":{"rendered":"<p>Dreamfire Grill &amp; BBQ foolium on k\u00f5ige tugevam ja vastupidavam m\u00fc\u00fcgilolev foolium. 25 mikroniline paksus teeb selle eriti vastupidavaks k\u00f5rgele kuumusele, mist\u00f5ttu on see ideaalne abiline grillimisel. Foolium on 30m pikk ja 45cm lai, mis teeb ta ideaalseks, et katta suuri pindu grillis v\u00f5i et sisse m\u00e4ssida enda lihad v\u00f5i muud toidud. Olenemata sellest, kas te valmistate s\u00fc\u00fca, grillite v\u00f5i hoiustate toitu, on Dreamfire\u00ae Grill &amp; BBQ Foil perfektne lisa teie k\u00f6\u00f6ki.<\/p>\n","protected":false},"excerpt":{"rendered":"<p>Dreamfire Grill &amp; BBQ foolium on k\u00f5ige tugevam ja vastupidavam m\u00fc\u00fcgilolev foolium. 25 mikroniline paksus teeb selle eriti vastupidavaks k\u00f5rgele kuumusele, mist\u00f5ttu on see ideaalne abiline grillimisel. Foolium on 30m pikk ja 45cm lai, mis teeb ta ideaalseks, et katta suuri pindu grillis v\u00f5i et sisse m\u00e4ssida enda lihad v\u00f5i muud toidud. Olenemata sellest, kas te valmistate s\u00fc\u00fca, grillite v\u00f5i hoiustate toitu, on Dreamfire\u00ae Grill &amp; BBQ Foil perfektne lisa teie k\u00f6\u00f6ki.<\/p>\n","protected":false},"featured_media":11836,"template":"","meta":[],"product_brand":[],"product_cat":[92],"product_tag":[],"class_list":{"0":"post-11851","1":"product","2":"type-product","3":"status-publish","4":"has-post-thumbnail","6":"product_cat-lisavarustus","8":"first","9":"instock","10":"taxable","11":"shipping-taxable","12":"purchasable","13":"product-type-simple"},"_links":{"self":[{"href":"https:\/\/dreamfiregrill.com\/et\/wp-json\/wp\/v2\/product\/11851","targetHints":{"allow":["GET"]}}],"collection":[{"href":"https:\/\/dreamfiregrill.com\/et\/wp-json\/wp\/v2\/product"}],"about":[{"href":"https:\/\/dreamfiregrill.com\/et\/wp-json\/wp\/v2\/types\/product"}],"wp:featuredmedia":[{"embeddable":true,"href":"https:\/\/dreamfiregrill.com\/et\/wp-json\/wp\/v2\/media\/11836"}],"wp:attachment":[{"href":"https:\/\/dreamfiregrill.com\/et\/wp-json\/wp\/v2\/media?parent=11851"}],"wp:term":[{"taxonomy":"product_brand","embeddable":true,"href":"https:\/\/dreamfiregrill.com\/et\/wp-json\/wp\/v2\/product_brand?post=11851"},{"taxonomy":"product_cat","embeddable":true,"href":"https:\/\/dreamfiregrill.com\/et\/wp-json\/wp\/v2\/product_cat?post=11851"},{"taxonomy":"product_tag","embeddable":true,"href":"https:\/\/dreamfiregrill.com\/et\/wp-json\/wp\/v2\/product_tag?post=11851"}],"curies":[{"name":"wp","href":"https:\/\/api.w.org\/{rel}","templated":true}]}}