{"id":11878,"date":"2023-03-13T15:25:50","date_gmt":"2023-03-13T13:25:50","guid":{"rendered":"https:\/\/dreamfiregrill.com\/product\/dreamfire-meatspotter-foldable-2-in-1-infrapuna-ja-kiirtermomeeter\/"},"modified":"2026-03-22T12:25:34","modified_gmt":"2026-03-22T10:25:34","slug":"dreamfire-meatspotter-foldable-2-in-1-infrapuna-ja-kiirtermomeeter","status":"publish","type":"product","link":"https:\/\/dreamfiregrill.com\/et\/toode\/dreamfire-meatspotter-foldable-2-in-1-infrapuna-ja-kiirtermomeeter\/","title":{"rendered":"Dreamfire\u00ae Meatspotter Foldable 2-in-1 infrapuna ja kiirtermomeeter"},"content":{"rendered":"<p>Dreamfire Meatspotter Foldable 2-in-1 kokkupandava sondiga lihatermomeeter on parim t\u00f6\u00f6riist iga kodukoka jaoks. Termomeetril on sisseehitatud infrapuna pinnatemperatuuri andur ning volditav sond, mis n\u00e4itavad kiirelt ja t\u00e4pselt teie toidu temperatuuri.<\/p>\n<p>Kergesti loetav LCD-ekraan muudab temperatuuri kiire kontrollimise lihtsaks ning tagab t\u00e4iusliku tulemuse. See kompaktne ja mugav termomeeter on vajalik k\u00f5igile, kes armastavad s\u00fc\u00fca teha.<\/p>\n<p>&nbsp;<\/p>\n<p>Sondi m\u00f5\u00f5tmiskiirus: ~3-4sek<br \/>\nSondi t\u00f6\u00f6vahemik: -30\u00b0C kuni 300\u00b0C.<br \/>\nSondi t\u00e4psus: +-1\u00b0C vahemikus 0-100\u00b0C. V\u00e4ljaspool vahemikku t\u00e4psus ~3\u00b0C.<br \/>\nInfrapuna anduri t\u00f6\u00f6vahemik: 0\u00b0C kuni 380\u00b0C.<br \/>\nInfrapuna anduri t\u00e4psus: +-3\u00b0C &lt;50\u00b0C. &gt;50\u00b0C +-2\u00b0C.<br \/>\nTermomeetri veekindlusklass: IP54<\/p>\n<p><strong>Infrapuna termomeetri kasutamine<\/strong><\/p>\n<p>Infrapuna termomeeter t\u00f6\u00f6tab ainult sondi kinnises asendis. Vajuta IR nupule, et termomeeter sisse l\u00fclituks. Hoia nuppu all, et termomeeter temperatuuri m\u00f5\u00f5daks. Kui lased nupu lahti, siis n\u00e4itab termomeeter 15 sekundi jooksul viimast m\u00f5\u00f5detud temperatuuri ning seej\u00e4rel l\u00fclitub ekraan v\u00e4lja.<br \/>\nTermomeetri infrapuna andur on 5:1 suhtega, mis t\u00e4hendab et m\u00f5\u00f5tes 5cm kaugusel m\u00f5\u00f5dab termomeeter 1cm diameetriga ala temperatuuri. M\u00f5\u00f5tes 10cm kauguselt m\u00f5\u00f5dab termomeeter 2cm ala temperatuuri jne. Termomeeter on seda t\u00e4psem, mida l\u00e4hemalt temperatuuri m\u00f5\u00f5ta. Termomeetri t\u00e4psus oleneb ka termomeetrit \u00fcmbritsevast \u00f5hutemperatuurist &#8211; mida v\u00e4iksem on v\u00e4lis\u00f5hu vahe m\u00f5\u00f5detava pinnaga, seda t\u00e4psem on termomeeter.<br \/>\nNB! Termomeeter pole m\u00f5eldud kehatemperatuuri m\u00f5\u00f5tmiseks.<\/p>\n<p><strong>Volditava sondi kasutamine<\/strong><\/p>\n<p>Voldi sond lahti ning sisesta sondi ots m\u00f5\u00f5detava toidu keskele. Oota m\u00f5ned sekundid, et saada t\u00e4pne temperatuuri lugem. NB! Mida suurem on v\u00e4listemperatuuri ning toidu temperatuuri vahe, seda kauem l\u00e4heb aega t\u00e4pse lugemi saamiseks.<br \/>\nTermomeetri ekraani taustavalgus p\u00f5leb 30sekundit. Termomeeter l\u00fclitab end v\u00e4lja p\u00e4rast 3 minuti m\u00f6\u00f6dumist. Kui soovid termomeetrit uuesti sisse l\u00fclitada, siis vajuta Mode nuppu.<\/p>\n<p><strong>Puhastamine<\/strong><\/p>\n<p>Puhasta termomeetrit regulaarselt. Infrapuna termomeetri andur on v\u00e4ga tundlik ning tuleb alati hoida puhtana. Puhastamiseks kasuta puuvillast vmt pehmet puhastuslappi.<\/p>\n","protected":false},"excerpt":{"rendered":"<p>Dreamfire Meatspotter Foldable 2-in-1 volditav lihatermomeeter on parim t\u00f6\u00f6riist iga kodukoka jaoks. Termomeetril on sisseehitatud infrapuna pinnatemperatuuri andur ning volditav sond, mis n\u00e4itavad kiirelt ja t\u00e4pselt teie toidu temperatuuri.<\/p>\n<p>Kergesti loetav LCD-ekraan muudab temperatuuri kiire kontrollimise lihtsaks ning tagab t\u00e4iusliku tulemuse. See kompaktne ja mugav termomeeter on vajalik k\u00f5igile, kes armastavad s\u00fc\u00fca teha.<\/p>\n","protected":false},"featured_media":11854,"template":"","meta":[],"product_brand":[],"product_cat":[92],"product_tag":[],"class_list":{"0":"post-11878","1":"product","2":"type-product","3":"status-publish","4":"has-post-thumbnail","6":"product_cat-lisavarustus","8":"first","9":"instock","10":"taxable","11":"shipping-taxable","12":"purchasable","13":"product-type-simple"},"_links":{"self":[{"href":"https:\/\/dreamfiregrill.com\/et\/wp-json\/wp\/v2\/product\/11878","targetHints":{"allow":["GET"]}}],"collection":[{"href":"https:\/\/dreamfiregrill.com\/et\/wp-json\/wp\/v2\/product"}],"about":[{"href":"https:\/\/dreamfiregrill.com\/et\/wp-json\/wp\/v2\/types\/product"}],"wp:featuredmedia":[{"embeddable":true,"href":"https:\/\/dreamfiregrill.com\/et\/wp-json\/wp\/v2\/media\/11854"}],"wp:attachment":[{"href":"https:\/\/dreamfiregrill.com\/et\/wp-json\/wp\/v2\/media?parent=11878"}],"wp:term":[{"taxonomy":"product_brand","embeddable":true,"href":"https:\/\/dreamfiregrill.com\/et\/wp-json\/wp\/v2\/product_brand?post=11878"},{"taxonomy":"product_cat","embeddable":true,"href":"https:\/\/dreamfiregrill.com\/et\/wp-json\/wp\/v2\/product_cat?post=11878"},{"taxonomy":"product_tag","embeddable":true,"href":"https:\/\/dreamfiregrill.com\/et\/wp-json\/wp\/v2\/product_tag?post=11878"}],"curies":[{"name":"wp","href":"https:\/\/api.w.org\/{rel}","templated":true}]}}