{"id":12035,"date":"2023-05-10T13:28:25","date_gmt":"2023-05-10T10:28:25","guid":{"rendered":"https:\/\/dreamfiregrill.com\/?post_type=product&#038;p=12035"},"modified":"2026-03-06T13:06:01","modified_gmt":"2026-03-06T11:06:01","slug":"dreamfire-kamado-comfy-home","status":"publish","type":"product","link":"https:\/\/dreamfiregrill.com\/et\/toode\/dreamfire-kamado-comfy-home\/","title":{"rendered":"Dreamfire Kamado Comfy Home"},"content":{"rendered":"<p>Dreamfire Kamado Comfy Home on kompaktne kuid v\u00f5imas kamado, mis pakub erakordset grillimiskogemust v\u00e4iksemas suuruses. Dreamfire Kamado Comfy Home on loodud v\u00e4iksemate perekondadele v\u00f5i kohtadesse, kus ruumiga kitsas.<\/p>\n<p>Dreamfire Kamado Comfy Home on parajas suuruses, et seda oleks v\u00f5imalik v\u00e4hese vaevaga mahutada panipaika, kuid sellest olenemata on tal olemas k\u00f5ik suuremate kamadode omadused. Selle 37cm diameetriga k\u00fcpsetuspind v\u00f5imaldab korraga kahel korrusel k\u00fcpsetada nii suussulavaid ribisid, tervet kana, maitsvaid burgereid v\u00f5i ka pitsat.<\/p>\n<p><strong>Eksklusiivne kuusnurkadest koosnev disain<br \/>\n<\/strong>\u00c4ra lepi igavate disainidega \u2013 meie oleme t\u00e4iesti n\u00f5us, et grill on tagaaias lisaks k\u00fcpsetusvahendile ka disainielement. Comfy mudelitega v\u00f5ib kindel olla, et Sinu kamado on unikaalse ja maitseka disainiga, aga samas ei anna hetkekski j\u00e4rgi kvaliteedi ega funktsionaalsuse poolelt. Comfy Home pakub mitmeid silmapaistvaid funktsioone, sealhulgas:<\/p>\n<ul>\n<li><strong>Kahetasandiline k\u00fcpsetuss\u00fcsteem LUX\u00a0<\/strong>\u2013 Kaks tasandit, neli<em>\u00a0<\/em>poolkuu roostevabast terasest resti, kaks keraamilist poolkuu deflektorplaati ja mugavad k\u00e4epidemed kogu s\u00fcsteemi t\u00f5stmiseks \u2013 see teeb Dreamfire Kamado Comfy t\u00f5eliselt paindlikuks grilliks, kus saad kasutada reste ja deflektoreid k\u00fcmnetes eri konfiguratsioonides.<\/li>\n<li><strong>Roostevabast terasest s\u00f6ekorv \u2013\u00a0<\/strong>Dreamfire Kamado Comfy komplektis sisaldub lihtsalt kasutatav s\u00f6ekorv, t\u00e4nu millele saab mugavalt lahti \u00fcleliigsest tuhast s\u00f6e vahel, kindlustades s\u00f6ele perfektse \u00f5huvoolu. Enne kamado kasutamist t\u00f5sta s\u00f6ekorv grillist v\u00e4lja, raputa tuhk ja pisike s\u00f6epuru v\u00e4lja ning aseta korv tagasi tuleaseme sisse. S\u00f6ekorviga ei teki iial probleemi, et s\u00f6erest oleks tuhakihi all, mis takistaks s\u00fctt efektiivselt p\u00f5lemast.<\/li>\n<li><strong>Dreamfire Meatspotter 100 Bluetooth termomeeter \u2013<\/strong>Meie Bluetooth termomeeter Meatspotter 100 annab grillijale meelerahu ning v\u00f5imaluse tegeleda muude asjadega samal ajal, kui Smokey II valmistab j\u00e4rjekordset maitsvat rooga. Kui kas grilli temperatuuri v\u00f5i toidu sisetemperatuur saavutab etteantud kraadi, siis Meatspotteri app telefonis annab sellest teada.\u00a0 Olles grillist eemal saab toimuvat j\u00e4lgida telefonist ning grilli k\u00f5rval olles n\u00e4eb temperatuure suure taustavalgusega ekraani pealt.<\/li>\n<li><strong>Vihmakate \u2013<\/strong>\u00a0komplektis sisaldub kvaliteetne vihmakate, mis hoiab grilli puhtana ja kaitseb seda UV kiirguse, vihma, lume ja (\u00f5ie)tolmu eest.<\/li>\n<li><strong>Dreamfire tuharoop\u00a0<\/strong>\u2013 Teeb grillist alumisest sahtlist tuha eemaldamise lihtsaks. Sobib h\u00e4sti ka s\u00f6e segamiseks grilli sees!<\/li>\n<li><strong>Roostevabast terasest \u00fclemine siiber katusega \u2013\u00a0<\/strong>Comfy \u00fclemisel siibril on pikk k\u00e4epide koos kuumuskindla otsaga, mis tagab selle lihtsa ja ohutu kasutamise. Kvaliteetne roostevaba teras annab sellele suurep\u00e4rase vastupidavuse ja vihmakatus teeb grilli v\u00e4ljas hoidmise muretuks aastaringselt. Olgu kui vihmane tahes \u00f5ues, grill j\u00e4\u00e4b seest kuivaks.<\/li>\n<li><strong>Tugevad roostevabast terasest restid \u2013\u00a0<\/strong>Dreamfire Kamado Comfy grillil on paksud roostevabast terasest restid. Antud restidel on \u00e4\u00e4rmiselt pikk eluiga t\u00e4nu paksule materjalile. Roostevabad poolkuu reste on mugav puhastada ning need ei paindu ega sula.<\/li>\n<li><strong>Roostevabast terasest raam koos ekstra vastupidavate ratastega \u2013\u00a0<\/strong>Dreamfire Kamado Comfy Home komplektis on tugev roostevaba jalaraam, millel on kvaliteetsed rattad. T\u00e4nu sellele on kamadol stiilne kodu ja seda saab h\u00f5lpsasti liigutada.<\/li>\n<li><strong>Roostevabad detailid \u2013\u00a0<\/strong>Comfy Home kamadol on k\u00f5rgkvaliteetsed 304 roostevabast terasest osad, sealhulgas siibrid, raam ja metallv\u00f6\u00f6d. Roostevabast terasest osadega ei pea muretsema, et kamadol l\u00e4heks juba m\u00f5ne kuuga metallosad rooste.<\/li>\n<li><strong>Ekstra paks ja tihe keraamika \u2013\u00a0<\/strong>Dreamfire Kamado Comfy Home keraamiline kere on tehtud ekstra paksust ja ekstra tihedast keraamikast, mis teeb Comfy eriti vastupidavaks ning paremini soojust hoidvaks kui teised kamado t\u00fc\u00fcpi grillid. Paks keraamika hoiab ka grilli v\u00e4lispinna jahedamana kui metallist grillidel, mis teeb omakorda kamado ka ohutumaks grillit\u00fc\u00fcbiks.<\/li>\n<li><strong>Ekstra efektiivne tihend kere ja kaane vahel \u2013<\/strong>\u00a0Kvaliteetne tihend t\u00e4hendab, et kogu grillis olev \u00f5hk on Sinu kontrolli all l\u00e4bi siibrite reguleerimise. T\u00e4nu sellele on k\u00fcpsetamisprotsess lihtne kuna temperatuur ei k\u00f5igu. Samuti t\u00e4hendab see seda, et p\u00e4rast k\u00fcpsetamise l\u00f5petamist kustub allesj\u00e4\u00e4nud grills\u00fcsi \u00e4ra vaid minutitega v\u00e4hendades m\u00e4rgatavalt s\u00f6ekulu.<\/li>\n<li><strong>Puidust k\u00fcljelauad riputuskonksudega \u2013\u00a0<\/strong>Eemaldatavad puidust k\u00fcljelauad annavad grillile t\u00f6\u00f6pinda, kuhu saab mugavalt asetada tarvikuid. Konksude otsa saab mugavalt riputada oma tangid, labidad ja palju muud.<\/li>\n<li><strong>Lihtne komplekteerida \u2013 <\/strong>Dreamfire Kamado Comfy Home on suures osas eelmonteeritud, mis t\u00e4hendab, et kokku peab panema vaid jalaraami ning keerama k\u00e4epideme ja k\u00fcljelauad k\u00fclge. K\u00f5ik muu on juba eelmonteeritud ehk grill saab kokku juba alla 30 minutiga.<\/li>\n<li><strong>Piiratud eluaegne garantii<\/strong> \u2013 Dreamfire Kamado Comfy Homeil on piiratud eluaegne garantii keraamilisele korpusele. Me seisame oma toote kvaliteedi ja vastupidavuse taga, tagades Teie rahulolu aastateks.<\/li>\n<\/ul>\n<p><strong>Spetsifikatsioon:<\/strong><\/p>\n<ul>\n<li>V\u00e4rv:\u00a0<i>Sinine<\/i><\/li>\n<li>Kere v\u00e4lidiameeter: 37cm \/ 17\u201d<\/li>\n<li>Resti diameeter: 43cm (14.5\u201d)<\/li>\n<li>K\u00fcpsetusala kokku: 2153 cm2<\/li>\n<\/ul>\n","protected":false},"excerpt":{"rendered":"<p>Dreamfire Kamado Comfy Home on kompaktne ja mitmek\u00fclgne kamado, mis v\u00f5imaldab v\u00e4ikse grilliga luua suuri maitseid. See kamado sobib ideaalselt v\u00e4ikestele peredele ja liikvel olevatele inimestele, pakkudes v\u00e4iksemas suuruses k\u00f5iki Comfy sarja erakordseid funktsioone. Oma eksklusiivse disaini, kaheastmelise k\u00fcpsetuss\u00fcsteemi, roostevabast terasest detailide ja piiratud eluaegse garantiiga on Comfy Home Teie tee unustamatute grillimiskogemuste juurde.<\/p>\n","protected":false},"featured_media":12154,"template":"","meta":[],"product_brand":[],"product_cat":[91],"product_tag":[],"class_list":{"0":"post-12035","1":"product","2":"type-product","3":"status-publish","4":"has-post-thumbnail","6":"product_cat-grillid","8":"first","9":"instock","10":"taxable","11":"shipping-taxable","12":"purchasable","13":"product-type-simple"},"_links":{"self":[{"href":"https:\/\/dreamfiregrill.com\/et\/wp-json\/wp\/v2\/product\/12035","targetHints":{"allow":["GET"]}}],"collection":[{"href":"https:\/\/dreamfiregrill.com\/et\/wp-json\/wp\/v2\/product"}],"about":[{"href":"https:\/\/dreamfiregrill.com\/et\/wp-json\/wp\/v2\/types\/product"}],"wp:featuredmedia":[{"embeddable":true,"href":"https:\/\/dreamfiregrill.com\/et\/wp-json\/wp\/v2\/media\/12154"}],"wp:attachment":[{"href":"https:\/\/dreamfiregrill.com\/et\/wp-json\/wp\/v2\/media?parent=12035"}],"wp:term":[{"taxonomy":"product_brand","embeddable":true,"href":"https:\/\/dreamfiregrill.com\/et\/wp-json\/wp\/v2\/product_brand?post=12035"},{"taxonomy":"product_cat","embeddable":true,"href":"https:\/\/dreamfiregrill.com\/et\/wp-json\/wp\/v2\/product_cat?post=12035"},{"taxonomy":"product_tag","embeddable":true,"href":"https:\/\/dreamfiregrill.com\/et\/wp-json\/wp\/v2\/product_tag?post=12035"}],"curies":[{"name":"wp","href":"https:\/\/api.w.org\/{rel}","templated":true}]}}