{"id":12074,"date":"2023-05-17T13:54:38","date_gmt":"2023-05-17T10:54:38","guid":{"rendered":"https:\/\/dreamfiregrill.com\/product\/dreamfire-tarvikute-hoidik\/"},"modified":"2023-07-07T14:58:49","modified_gmt":"2023-07-07T11:58:49","slug":"dreamfire-tarvikute-hoidik","status":"publish","type":"product","link":"https:\/\/dreamfiregrill.com\/et\/toode\/dreamfire-tarvikute-hoidik\/","title":{"rendered":"Dreamfire tarvikute hoidik Classic"},"content":{"rendered":"<p>Dreamfire tarvikute hoidik Classic &#8211; ideaalne lahendus grillrestide, deflektorite, pitsakivide ja muude tarvikute hoiustamiseks. Hoidke k\u00f5ik lisatarvikud mugavalt k\u00e4eulatuses ja korralikult organiseerituna oma grilli l\u00e4hedal.<\/p>\n<p>Tarvikute hoidikul on kolm pesa, mille laius on umbes 2 cm. Valmistatud vastupidavast roostevabast terasest. Sobib ideaalselt teie Dreamfire Kamado grillile ja on t\u00e4ielikult ilmastikukindel.<\/p>\n<p>See sobib suurep\u00e4raselt Dreamfire Classic suuruses grillidele (Dreamfire Kamado Trendy Classic, Comfy Classic, Smokey II).<\/p>\n<p>M\u00e4rkus: Piltidel kujutatud grillrestid, deflektorid, pitsakivid ja muud tarvikud on illustratiivsed ning ei kuulu komplekti.<\/p>\n<p>Tehnilised andmed:<\/p>\n<ul>\n<li>Materjal: Vastupidav roostevaba teras<\/li>\n<li>Sobivus: Sobib ideaalselt Dreamfire Classic suuruses grillidele<\/li>\n<li>Ilmastikukindel disain pikaajaliseks vastupidavuseks<\/li>\n<li>Kolm pesa umbes 2 cm laiusega tarvikute kindlaks hoiustamiseks<\/li>\n<\/ul>\n","protected":false},"excerpt":{"rendered":"<p>Dreamfire tarvikute hoidik Classic &#8211; ideaalne lahendus grillrestide, deflektorite, pitsakivide ja muude tarvikute hoiustamiseks. Hoidke k\u00f5ik lisatarvikud mugavalt k\u00e4eulatuses ja korralikult organiseerituna oma grilli l\u00e4hedal.<\/p>\n<p>Tarvikute hoidikul on kolm pesa, mille laius on umbes 2 cm. Valmistatud vastupidavast roostevabast terasest. Sobib ideaalselt teie Dreamfire Kamado grillile ja on t\u00e4ielikult ilmastikukindel.<\/p>\n","protected":false},"featured_media":12043,"template":"","meta":[],"product_brand":[],"product_cat":[92],"product_tag":[],"class_list":{"0":"post-12074","1":"product","2":"type-product","3":"status-publish","4":"has-post-thumbnail","6":"product_cat-lisavarustus","8":"first","9":"instock","10":"taxable","11":"shipping-taxable","12":"purchasable","13":"product-type-simple"},"_links":{"self":[{"href":"https:\/\/dreamfiregrill.com\/et\/wp-json\/wp\/v2\/product\/12074","targetHints":{"allow":["GET"]}}],"collection":[{"href":"https:\/\/dreamfiregrill.com\/et\/wp-json\/wp\/v2\/product"}],"about":[{"href":"https:\/\/dreamfiregrill.com\/et\/wp-json\/wp\/v2\/types\/product"}],"wp:featuredmedia":[{"embeddable":true,"href":"https:\/\/dreamfiregrill.com\/et\/wp-json\/wp\/v2\/media\/12043"}],"wp:attachment":[{"href":"https:\/\/dreamfiregrill.com\/et\/wp-json\/wp\/v2\/media?parent=12074"}],"wp:term":[{"taxonomy":"product_brand","embeddable":true,"href":"https:\/\/dreamfiregrill.com\/et\/wp-json\/wp\/v2\/product_brand?post=12074"},{"taxonomy":"product_cat","embeddable":true,"href":"https:\/\/dreamfiregrill.com\/et\/wp-json\/wp\/v2\/product_cat?post=12074"},{"taxonomy":"product_tag","embeddable":true,"href":"https:\/\/dreamfiregrill.com\/et\/wp-json\/wp\/v2\/product_tag?post=12074"}],"curies":[{"name":"wp","href":"https:\/\/api.w.org\/{rel}","templated":true}]}}