{"id":12222,"date":"2023-07-10T12:05:39","date_gmt":"2023-07-10T09:05:39","guid":{"rendered":"https:\/\/dreamfiregrill.com\/?post_type=product&#038;p=12222"},"modified":"2023-11-03T17:09:34","modified_gmt":"2023-11-03T15:09:34","slug":"dreamfire-kamado-comfy-max","status":"publish","type":"product","link":"https:\/\/dreamfiregrill.com\/et\/toode\/dreamfire-kamado-comfy-max\/","title":{"rendered":"Dreamfire Kamado Comfy Max"},"content":{"rendered":"<p>Dreamfire Kamado Comfy Max on parim kamado grill nendele, kes kokkavad suurele perele, profikokkadele v\u00f5i ka neile, kellele meeldib korraldada suuri grillpidusid. Comfy Maxi \u00fclisuur k\u00fcpsetusala (61cm \/ 24 tolli) pakub piisavalt ruumi, et k\u00fcpsetada suurtele seltskondadele muretult. Comfy Max v\u00f5imaldab korraga k\u00fcpsetada 4 brisketit, 6-8 sea aba t\u00fckki, 3-4 tervet kana v\u00f5i 1 v\u00e4ga suure kalkuni.<\/p>\n<p>Olenemata sellest, kas korraldate aiapidu, peate restorani v\u00f5i naudite lihtsalt toidu valmistamist, on Comfy Max teie ideaalne partner.<\/p>\n<p>Omadused:<\/p>\n<ul>\n<li><strong>Kahetasandiline k\u00fcpsetuss\u00fcsteem LUX PRO\u00a0<\/strong>\u2013 Kaks tasandit, neli<em>\u00a0<\/em>poolkuu roostevabast terasest resti, kaks keraamilist poolkuu deflektorplaati ja mugavad k\u00e4epidemed kogu s\u00fcsteemi t\u00f5stmiseks \u2013 see teeb Dreamfire Kamado Comfy Maxi t\u00f5eliselt paindlikuks grilliks, kus saad kasutada reste ja deflektoreid k\u00fcmnetes eri konfiguratsioonides.<\/li>\n<li><strong>Roostevabast terasest s\u00f6ekorv \u2013\u00a0<\/strong>Dreamfire Kamado Comfy Maxi komplektis sisaldub lihtsalt kasutatav s\u00f6ekorv, t\u00e4nu millele saab mugavalt lahti \u00fcleliigsest tuhast s\u00f6e vahel, kindlustades s\u00f6ele perfektse \u00f5huvoolu. Enne kamado kasutamist t\u00f5sta s\u00f6ekorv grillist v\u00e4lja, raputa tuhk ja pisike s\u00f6epuru v\u00e4lja ning aseta korv tagasi tuleaseme sisse. S\u00f6ekorviga ei teki iial probleemi, et s\u00f6erest oleks tuhakihi all, mis takistaks s\u00fctt efektiivselt p\u00f5lemast.<\/li>\n<li><strong>Dreamfire Meatspotter 100 Bluetooth termomeeter \u2013\u00a0<\/strong>Meie Bluetooth termomeeter Meatspotter 100 annab grillijale meelerahu ning v\u00f5imaluse tegeleda muude asjadega samal ajal, kui Smokey II valmistab j\u00e4rjekordset maitsvat rooga. Kui kas grilli temperatuuri v\u00f5i toidu sisetemperatuur saavutab etteantud kraadi, siis Meatspotteri app telefonis annab sellest teada.\u00a0 Olles grillist eemal saab toimuvat j\u00e4lgida telefonist ning grilli k\u00f5rval olles n\u00e4eb temperatuure suure taustavalgusega ekraani pealt.<\/li>\n<li><strong>Vihmakate \u2013<\/strong>\u00a0komplektis sisaldub kvaliteetne vihmakate, mis hoiab grilli puhtana ja kaitseb seda UV kiirguse, vihma, lume ja (\u00f5ie)tolmu eest.<\/li>\n<li><strong>Dreamfire tuharoop\u00a0<\/strong>\u2013 Teeb grillist alumisest sahtlist tuha eemaldamise lihtsaks. Sobib h\u00e4sti ka s\u00f6e segamiseks grilli sees!<\/li>\n<li><strong>Roostevabast terasest \u00fclemine siiber katusega \u2013\u00a0<\/strong>Comfy \u00fclemisel siibril on pikk k\u00e4epide koos kuumuskindla otsaga, mis tagab selle lihtsa ja ohutu kasutamise. Kvaliteetne roostevaba teras annab sellele suurep\u00e4rase vastupidavuse ja vihmakatus teeb grilli v\u00e4ljas hoidmise muretuks aastaringselt. Olgu kui vihmane tahes \u00f5ues, grill j\u00e4\u00e4b seest kuivaks.<\/li>\n<li><strong>Tugevad roostevabast terasest restid \u2013\u00a0<\/strong>Dreamfire Kamado Comfy grillil on paksud roostevabast terasest restid. Antud restidel on \u00e4\u00e4rmiselt pikk eluiga t\u00e4nu paksule materjalile. Roostevabad poolkuu reste on mugav puhastada ning need ei paindu ega sula.<\/li>\n<li><strong>Roostevabast terasest raam koos ekstra vastupidavate ratastega \u2013\u00a0<\/strong>Dreamfire Kamado Comfy Max komplektis on tugev roostevaba jalaraam, millel on kvaliteetsed rattad. T\u00e4nu sellele on kamadol stiilne kodu ja seda saab h\u00f5lpsasti liigutada.<\/li>\n<li><strong>Roostevabad detailid \u2013\u00a0<\/strong>Comfy Max kamadol on k\u00f5rgkvaliteetsed 304 roostevabast terasest osad, sealhulgas siibrid, raam ja metallv\u00f6\u00f6d. Roostevabast terasest osadega ei pea muretsema, et kamadol l\u00e4heks juba m\u00f5ne kuuga metallosad rooste.<\/li>\n<li><strong>Ekstra paks ja tihe keraamika \u2013\u00a0<\/strong>Dreamfire Kamado Comfy Max keraamiline kere on tehtud ekstra paksust ja ekstra tihedast keraamikast, mis teeb Comfy eriti vastupidavaks ning paremini soojust hoidvaks kui teised kamado t\u00fc\u00fcpi grillid. Paks keraamika hoiab ka grilli v\u00e4lispinna jahedamana kui metallist grillidel, mis teeb omakorda kamado ka ohutumaks grillit\u00fc\u00fcbiks.<\/li>\n<li><strong>Ekstra efektiivne tihend kere ja kaane vahel \u2013<\/strong>\u00a0Kvaliteetne tihend t\u00e4hendab, et kogu grillis olev \u00f5hk on Sinu kontrolli all l\u00e4bi siibrite reguleerimise. T\u00e4nu sellele on k\u00fcpsetamisprotsess lihtne kuna temperatuur ei k\u00f5igu. Samuti t\u00e4hendab see seda, et p\u00e4rast k\u00fcpsetamise l\u00f5petamist kustub allesj\u00e4\u00e4nud grills\u00fcsi \u00e4ra vaid minutitega v\u00e4hendades m\u00e4rgatavalt s\u00f6ekulu.<\/li>\n<li><strong>Puidust k\u00fcljelauad riputuskonksudega \u2013\u00a0<\/strong>Eemaldatavad puidust k\u00fcljelauad annavad grillile t\u00f6\u00f6pinda, kuhu saab mugavalt asetada tarvikuid. Konksude otsa saab mugavalt riputada oma tangid, labidad ja palju muud.<\/li>\n<\/ul>\n<p><strong>Spetsifikatsioon:<\/strong><\/p>\n<ul>\n<li>V\u00e4rv: <i>Sinine<\/i><\/li>\n<li>Kere v\u00e4lidiameeter: 68.5cm \/ 27&#8221;<\/li>\n<li>Resti diameeter: 61cm (24\u201d)<\/li>\n<li>K\u00fcpsetusala kokku: 5835 cm2<\/li>\n<\/ul>\n","protected":false},"excerpt":{"rendered":"<p>Dreamfire Kamado Comfy Max on parim kamado grill nendele, kes kokkavad suurele perele, profikokkadele v\u00f5i ka neile, kellele meeldib korraldada suuri grillpidusid. Comfy Maxi \u00fclisuur k\u00fcpsetusala (61cm \/ 24 tolli) pakub piisavalt ruumi, et k\u00fcpsetada suurtele seltskondadele muretult. Comfy Max v\u00f5imaldab korraga k\u00fcpsetada 4 brisketit, 6-8 sea aba t\u00fckki, 3-4 tervet kana v\u00f5i 1 v\u00e4ga suure kalkuni.<\/p>\n<p>K\u00fcpseta mahlast liha, mitut tervet kala v\u00f5i mitut pitsat &#8211; Comfy Maxi avar k\u00fcpsetusalal on ruumi k\u00f5igele. Comfy Maxi mitmek\u00fclgsus ja ruumikus annavad Teile v\u00f5imaluse lasta valla k\u00f5ik oma kulinaarsed ideed.<\/p>\n","protected":false},"featured_media":12225,"template":"","meta":[],"product_brand":[],"product_cat":[91],"product_tag":[],"class_list":{"0":"post-12222","1":"product","2":"type-product","3":"status-publish","4":"has-post-thumbnail","6":"product_cat-grillid","8":"first","9":"instock","10":"taxable","11":"shipping-taxable","12":"purchasable","13":"product-type-simple"},"_links":{"self":[{"href":"https:\/\/dreamfiregrill.com\/et\/wp-json\/wp\/v2\/product\/12222","targetHints":{"allow":["GET"]}}],"collection":[{"href":"https:\/\/dreamfiregrill.com\/et\/wp-json\/wp\/v2\/product"}],"about":[{"href":"https:\/\/dreamfiregrill.com\/et\/wp-json\/wp\/v2\/types\/product"}],"wp:featuredmedia":[{"embeddable":true,"href":"https:\/\/dreamfiregrill.com\/et\/wp-json\/wp\/v2\/media\/12225"}],"wp:attachment":[{"href":"https:\/\/dreamfiregrill.com\/et\/wp-json\/wp\/v2\/media?parent=12222"}],"wp:term":[{"taxonomy":"product_brand","embeddable":true,"href":"https:\/\/dreamfiregrill.com\/et\/wp-json\/wp\/v2\/product_brand?post=12222"},{"taxonomy":"product_cat","embeddable":true,"href":"https:\/\/dreamfiregrill.com\/et\/wp-json\/wp\/v2\/product_cat?post=12222"},{"taxonomy":"product_tag","embeddable":true,"href":"https:\/\/dreamfiregrill.com\/et\/wp-json\/wp\/v2\/product_tag?post=12222"}],"curies":[{"name":"wp","href":"https:\/\/api.w.org\/{rel}","templated":true}]}}