{"id":12814,"date":"2023-08-09T16:06:01","date_gmt":"2023-08-09T13:06:01","guid":{"rendered":"https:\/\/dreamfiregrill.com\/?post_type=product&#038;p=12814"},"modified":"2025-04-20T21:22:31","modified_gmt":"2025-04-20T18:22:31","slug":"dreamfire-tammepuu-grillsusi","status":"publish","type":"product","link":"https:\/\/dreamfiregrill.com\/et\/toode\/dreamfire-tammepuu-grillsusi\/","title":{"rendered":"Dreamfire Tammepuu grills\u00fcsi"},"content":{"rendered":"<p>Dreamfire Tammepuu grills\u00fcsi on k\u00f5rgekvaliteediline tammepuidust grills\u00fcsi suure fraktsiooniga. Ideaalne s\u00fcsi grillimiseks, restoranides kasutamiseks jne. Tamme s\u00fcsi p\u00f5leb kuni 2x kauem (\u00fcle 20h keskmise suurusega kamados) ning saavutab k\u00f5rgemaid temperatuure, kui lepas\u00fcsi.<\/p>\n<p>Suurefraktsiooniline grills\u00fcsi restoranidele ja grillis\u00f5pradele.<\/p>\n<p>Suur ja \u00fchtlane fraktsioon tagab \u00fchtlase kuumuse ja ka s\u00f6e kulu on v\u00e4iksem. Sobib ideaalselt pikkade grillimiste ning suitsetamiste jaoks.<\/p>\n<p>Dreamfire tammepuu s\u00fcsi sobib ideaalselt nii v\u00e4iksematele kui suurematele grillidele. Kuna Dreamfire tammepuu s\u00fcsi on naturaalne, siis v\u00f5ib k\u00fcpsetada ka otse s\u00fcte sees. Dreamfire tammepuu s\u00fcsi s\u00fctib kiiresti ilma keemiliste vedelike abita. Kuna s\u00f6ele pole lisatud s\u00fc\u00fcteaineid ei v\u00f5ta see k\u00fcpsetamisel \u00fcles liigset leeki ega tekita \u00fclem\u00e4\u00e4ra suitsu! Seevastu annab ta toidule m\u00f5nusa suitsuse BBQ maitse ning aroomi.<\/p>\n<p>Pakend 6kg.<\/p>\n","protected":false},"excerpt":{"rendered":"<p>Dreamfire Tammepuu s\u00fcsi on k\u00f5rgekvaliteediline tammepuidust grills\u00fcsi suure fraktsiooniga. Ideaalne s\u00fcsi grillimiseks, restoranides kasutamiseks jne. Tamme s\u00fcsi p\u00f5leb kuni 2x kauem (\u00fcle 20h keskmise suurusega kamados) ning saavutab k\u00f5rgemaid temperatuure, kui lepas\u00fcsi.<\/p>\n","protected":false},"featured_media":12817,"template":"","meta":[],"product_brand":[],"product_cat":[142],"product_tag":[],"class_list":{"0":"post-12814","1":"product","2":"type-product","3":"status-publish","4":"has-post-thumbnail","6":"product_cat-susi-ja-suitsutamistarvikud","8":"first","9":"outofstock","10":"sale","11":"taxable","12":"shipping-taxable","13":"purchasable","14":"product-type-simple"},"_links":{"self":[{"href":"https:\/\/dreamfiregrill.com\/et\/wp-json\/wp\/v2\/product\/12814","targetHints":{"allow":["GET"]}}],"collection":[{"href":"https:\/\/dreamfiregrill.com\/et\/wp-json\/wp\/v2\/product"}],"about":[{"href":"https:\/\/dreamfiregrill.com\/et\/wp-json\/wp\/v2\/types\/product"}],"wp:featuredmedia":[{"embeddable":true,"href":"https:\/\/dreamfiregrill.com\/et\/wp-json\/wp\/v2\/media\/12817"}],"wp:attachment":[{"href":"https:\/\/dreamfiregrill.com\/et\/wp-json\/wp\/v2\/media?parent=12814"}],"wp:term":[{"taxonomy":"product_brand","embeddable":true,"href":"https:\/\/dreamfiregrill.com\/et\/wp-json\/wp\/v2\/product_brand?post=12814"},{"taxonomy":"product_cat","embeddable":true,"href":"https:\/\/dreamfiregrill.com\/et\/wp-json\/wp\/v2\/product_cat?post=12814"},{"taxonomy":"product_tag","embeddable":true,"href":"https:\/\/dreamfiregrill.com\/et\/wp-json\/wp\/v2\/product_tag?post=12814"}],"curies":[{"name":"wp","href":"https:\/\/api.w.org\/{rel}","templated":true}]}}