{"id":13551,"date":"2022-10-06T13:22:59","date_gmt":"2022-10-06T10:22:59","guid":{"rendered":"https:\/\/dreamfiregrill.com\/product\/dreamfire-soekorv\/"},"modified":"2025-08-01T13:04:53","modified_gmt":"2025-08-01T10:04:53","slug":"dreamfire-soekorv","status":"publish","type":"product","link":"https:\/\/dreamfiregrill.com\/et\/toode\/dreamfire-soekorv\/","title":{"rendered":"Dreamfire s\u00f6ekorv"},"content":{"rendered":"<p>Dreamfire\u00ae ekstra paksust roostevabast terasest s\u00f6ekorv muudab grilli puhastamise lihtsaks. Sangadega s\u00f6ekorvi on mugav tuleasemest v\u00e4lja t\u00f5sta ning s\u00f6ej\u00e4\u00e4k eemaldada. Lisaks tagab s\u00f6ekorv parema p\u00f5lemise, kuna s\u00fcsi saab juurde hapniku k\u00fclgedelt. Lisaks on Dreamfire\u00ae s\u00f6ekorvil vahesein, millega saad lihtsalt kontrollida s\u00f6e hulka v\u00e4iksema k\u00fcpsetamise mahu puhul ( nt kui grillid 2 steiki, pole vaja s\u00fc\u00fcdata kogu grilli )<\/p>\n<p>Universaalse s\u00f6ekorvi m\u00f5\u00f5tmed on:<\/p>\n<ul>\n<li>Alumine diameeter 23cm<\/li>\n<li>\u00dclemine diameeter 36.5.<\/li>\n<li>Sobib Dreamfire mudelitele Trendy Classic ja Comfy ning teistele 21-22\u2033 kamadodele.<\/li>\n<\/ul>\n","protected":false},"excerpt":{"rendered":"<p>Dreamfire\u00ae ekstra paksust roostevabast terasest s\u00f6ekorv muudab grilli puhastamise lihtsaks. Sangadega s\u00f6ekorvi on mugav tuleasemest v\u00e4lja t\u00f5sta ning s\u00f6ej\u00e4\u00e4k eemaldada. Lisaks tagab s\u00f6ekorv parema p\u00f5lemise, kuna s\u00fcsi saab juurde hapniku k\u00fclgedelt. Lisaks on Dreamfire\u00ae s\u00f6ekorvil vahesein, millega saad lihtsalt kontrollida s\u00f6e hulka v\u00e4iksema k\u00fcpsetamise mahu puhul ( nt kui grillid 2 steiki, pole vaja s\u00fc\u00fcdata kogu grilli )<\/p>\n<p>Universaalse s\u00f6ekorvi m\u00f5\u00f5tmed on:<\/p>\n<ul>\n<li>Alumine diameeter 23cm<\/li>\n<li>\u00dclemine diameeter 36.5.<\/li>\n<li>Sobib Dreamfire\u00ae mudelitele Trendy Classic ja Comfy ning teistele 21-22\u2033 kamadodele.<\/li>\n<\/ul>\n","protected":false},"featured_media":11635,"template":"","meta":[],"product_brand":[],"product_cat":[92],"product_tag":[],"class_list":{"0":"post-13551","1":"product","2":"type-product","3":"status-publish","4":"has-post-thumbnail","6":"product_cat-lisavarustus","8":"first","9":"outofstock","10":"taxable","11":"shipping-taxable","12":"purchasable","13":"product-type-simple"},"_links":{"self":[{"href":"https:\/\/dreamfiregrill.com\/et\/wp-json\/wp\/v2\/product\/13551","targetHints":{"allow":["GET"]}}],"collection":[{"href":"https:\/\/dreamfiregrill.com\/et\/wp-json\/wp\/v2\/product"}],"about":[{"href":"https:\/\/dreamfiregrill.com\/et\/wp-json\/wp\/v2\/types\/product"}],"wp:featuredmedia":[{"embeddable":true,"href":"https:\/\/dreamfiregrill.com\/et\/wp-json\/wp\/v2\/media\/11635"}],"wp:attachment":[{"href":"https:\/\/dreamfiregrill.com\/et\/wp-json\/wp\/v2\/media?parent=13551"}],"wp:term":[{"taxonomy":"product_brand","embeddable":true,"href":"https:\/\/dreamfiregrill.com\/et\/wp-json\/wp\/v2\/product_brand?post=13551"},{"taxonomy":"product_cat","embeddable":true,"href":"https:\/\/dreamfiregrill.com\/et\/wp-json\/wp\/v2\/product_cat?post=13551"},{"taxonomy":"product_tag","embeddable":true,"href":"https:\/\/dreamfiregrill.com\/et\/wp-json\/wp\/v2\/product_tag?post=13551"}],"curies":[{"name":"wp","href":"https:\/\/api.w.org\/{rel}","templated":true}]}}