{"id":13553,"date":"2022-10-03T15:38:59","date_gmt":"2022-10-03T12:38:59","guid":{"rendered":"https:\/\/dreamfiregrill.com\/product\/dreamfire-bbq-varraste-komplekt-6-tk\/"},"modified":"2026-05-04T19:31:02","modified_gmt":"2026-05-04T16:31:02","slug":"dreamfire-bbq-varraste-komplekt-6-tk","status":"publish","type":"product","link":"https:\/\/dreamfiregrill.com\/et\/toode\/dreamfire-bbq-varraste-komplekt-6-tk\/","title":{"rendered":"Dreamfire BBQ varraste komplekt 6 tk"},"content":{"rendered":"<p>Dreamfire BBQ varraste komplekt on iga \u0161a\u0161l\u00f5kis\u00f5bra jaoks vajalikud. Need vardad sobivad suurep\u00e4raselt toidu grillimiseks otsesel leegil ning U-kujuline disain muudab toidu grillil p\u00f6\u00f6ramise lihtsaks ja takistab samas toidu ise p\u00f6\u00f6rlemist. Vardad on valmistatud roostevabast terasest, tagades vastupidavuse ning roostekindluse. Vardad on ka n\u00f5udepesumasinas pestavad, muutes puhastamise imelihtsaks.<\/p>\n<p>See komplekt sisaldab 6 U-kujulist \u0161a\u0161l\u00f5kivarrast ja sametkotti. Iga varras on 30,5 cm pikk, pakkudes piisavalt ruumi liha, k\u00f6\u00f6giviljade ja muude toitude jaoks. Vardad sobivad suurep\u00e4raselt kebabide, \u0161a\u0161l\u00f5ki ja satayde grillimiseks.<\/p>\n<p>Komplekt: 6tk vardasid ja sametkott.<\/p>\n<p>Pikkus: 30,5 cm.<\/p>\n","protected":false},"excerpt":{"rendered":"<p>Dreamfire BBQ varraste komplekt on iga \u0161a\u0161l\u00f5kis\u00f5bra jaoks vajalikud. Need vardad sobivad suurep\u00e4raselt toidu grillimiseks otsesel leegil ning U-kujuline disain muudab toidu grillil p\u00f6\u00f6ramise lihtsaks ja takistab samas toidu ise p\u00f6\u00f6rlemist. Vardad on valmistatud roostevabast terasest, tagades vastupidavuse ning roostekindluse. Vardad on ka n\u00f5udepesumasinas pestavad, muutes puhastamise imelihtsaks.<\/p>\n<p>See komplekt sisaldab 6 U-kujulist \u0161a\u0161l\u00f5kivarrast ja sametkotti. Iga varras on 30,5 cm pikk, pakkudes piisavalt ruumi liha, k\u00f6\u00f6giviljade ja muude toitude jaoks. Vardad sobivad suurep\u00e4raselt kebabide, \u0161a\u0161l\u00f5ki ja satayde grillimiseks.<\/p>\n<p>Komplekt: 6tk vardasid ja sametkott.<\/p>\n<p>Pikkus: 30,5 cm.<\/p>\n","protected":false},"featured_media":11596,"template":"","meta":[],"product_brand":[],"product_cat":[92],"product_tag":[],"class_list":{"0":"post-13553","1":"product","2":"type-product","3":"status-publish","4":"has-post-thumbnail","6":"product_cat-lisavarustus","8":"first","9":"instock","10":"taxable","11":"shipping-taxable","12":"purchasable","13":"product-type-simple"},"_links":{"self":[{"href":"https:\/\/dreamfiregrill.com\/et\/wp-json\/wp\/v2\/product\/13553","targetHints":{"allow":["GET"]}}],"collection":[{"href":"https:\/\/dreamfiregrill.com\/et\/wp-json\/wp\/v2\/product"}],"about":[{"href":"https:\/\/dreamfiregrill.com\/et\/wp-json\/wp\/v2\/types\/product"}],"wp:featuredmedia":[{"embeddable":true,"href":"https:\/\/dreamfiregrill.com\/et\/wp-json\/wp\/v2\/media\/11596"}],"wp:attachment":[{"href":"https:\/\/dreamfiregrill.com\/et\/wp-json\/wp\/v2\/media?parent=13553"}],"wp:term":[{"taxonomy":"product_brand","embeddable":true,"href":"https:\/\/dreamfiregrill.com\/et\/wp-json\/wp\/v2\/product_brand?post=13553"},{"taxonomy":"product_cat","embeddable":true,"href":"https:\/\/dreamfiregrill.com\/et\/wp-json\/wp\/v2\/product_cat?post=13553"},{"taxonomy":"product_tag","embeddable":true,"href":"https:\/\/dreamfiregrill.com\/et\/wp-json\/wp\/v2\/product_tag?post=13553"}],"curies":[{"name":"wp","href":"https:\/\/api.w.org\/{rel}","templated":true}]}}