{"id":13592,"date":"2019-04-13T14:24:32","date_gmt":"2019-04-13T11:24:32","guid":{"rendered":"https:\/\/dreamfiregrill.com\/product\/dreamfire-korgendusrest\/"},"modified":"2019-04-13T14:24:32","modified_gmt":"2019-04-13T11:24:32","slug":"dreamfire-korgendusrest","status":"publish","type":"product","link":"https:\/\/dreamfiregrill.com\/et\/toode\/dreamfire-korgendusrest\/","title":{"rendered":"Dreamfire k\u00f5rgendusrest"},"content":{"rendered":"<p>Grilli k\u00f5rgendusrest, mis suurendab grilli k\u00fcpsetuspinda kuni 60%. K\u00f5rgendusrest istub ideaalselt grillresti peale.<\/p>\n<p>Valmistatud v\u00e4ga kvaliteetsest paksust 304 roostevabast terasest. V\u00f5ib pesta ka n\u00f5udepesumasinas.<\/p>\n<p>Sobib kokku Dreamfire Kamado Comfy Classic, Dreamfire Kamado Smokey II, Dreamfire Kamado Comfy Max ning teiste kamado grillidega, mis on v\u00e4hemalt 21\u201d v\u00e4lise l\u00e4bim\u00f5\u00f5duga.<\/p>\n","protected":false},"excerpt":{"rendered":"<p>Dreamfire k\u00f5rgendusrest suurendab grilli k\u00fcpsetuspinda kuni 60%. K\u00f5rgendusrest istub ideaalselt grillresti peale.<\/p>\n","protected":false},"featured_media":12077,"template":"","meta":[],"product_brand":[],"product_cat":[92],"product_tag":[],"class_list":{"0":"post-13592","1":"product","2":"type-product","3":"status-publish","4":"has-post-thumbnail","6":"product_cat-lisavarustus","7":"product_shipping_class-accessories","9":"first","10":"instock","11":"taxable","12":"shipping-taxable","13":"purchasable","14":"product-type-simple"},"_links":{"self":[{"href":"https:\/\/dreamfiregrill.com\/et\/wp-json\/wp\/v2\/product\/13592","targetHints":{"allow":["GET"]}}],"collection":[{"href":"https:\/\/dreamfiregrill.com\/et\/wp-json\/wp\/v2\/product"}],"about":[{"href":"https:\/\/dreamfiregrill.com\/et\/wp-json\/wp\/v2\/types\/product"}],"wp:featuredmedia":[{"embeddable":true,"href":"https:\/\/dreamfiregrill.com\/et\/wp-json\/wp\/v2\/media\/12077"}],"wp:attachment":[{"href":"https:\/\/dreamfiregrill.com\/et\/wp-json\/wp\/v2\/media?parent=13592"}],"wp:term":[{"taxonomy":"product_brand","embeddable":true,"href":"https:\/\/dreamfiregrill.com\/et\/wp-json\/wp\/v2\/product_brand?post=13592"},{"taxonomy":"product_cat","embeddable":true,"href":"https:\/\/dreamfiregrill.com\/et\/wp-json\/wp\/v2\/product_cat?post=13592"},{"taxonomy":"product_tag","embeddable":true,"href":"https:\/\/dreamfiregrill.com\/et\/wp-json\/wp\/v2\/product_tag?post=13592"}],"curies":[{"name":"wp","href":"https:\/\/api.w.org\/{rel}","templated":true}]}}