{"id":13593,"date":"2019-04-13T15:27:51","date_gmt":"2019-04-13T12:27:51","guid":{"rendered":"https:\/\/dreamfiregrill.com\/product\/dreamfire-ribirest\/"},"modified":"2026-03-22T11:59:49","modified_gmt":"2026-03-22T09:59:49","slug":"dreamfire-ribirest","status":"publish","type":"product","link":"https:\/\/dreamfiregrill.com\/et\/toode\/dreamfire-ribirest\/","title":{"rendered":"Dreamfire ribirest"},"content":{"rendered":"<p>Ribirestid annavad v\u00f5imaluse k\u00fcpsetada korraga suuremat hulka, ribid asetatakse restide vahele p\u00fcstiasendis. Neid saab kasutada ka kanakoibade jm lihade k\u00fcpsetamisel.<\/p>\n<p>M\u00f5\u00f5tmed: 40 \u00d7 17 \u00d7 12.5 cm<\/p>\n","protected":false},"excerpt":{"rendered":"<p>Ribirestid annavad v\u00f5imaluse k\u00fcpsetada korraga suuremat hulka, ribid asetatakse restide vahele p\u00fcstiasendis. Neid saab kasutada ka kanakoibade jm lihade k\u00fcpsetamisel.<\/p>\n<p>M\u00f5\u00f5tmed: 40 \u00d7 17 \u00d7 12.5 cm<\/p>\n","protected":false},"featured_media":11799,"template":"","meta":[],"product_brand":[],"product_cat":[92],"product_tag":[],"class_list":{"0":"post-13593","1":"product","2":"type-product","3":"status-publish","4":"has-post-thumbnail","6":"product_cat-lisavarustus","7":"product_shipping_class-accessories","9":"first","10":"instock","11":"taxable","12":"shipping-taxable","13":"purchasable","14":"product-type-simple"},"_links":{"self":[{"href":"https:\/\/dreamfiregrill.com\/et\/wp-json\/wp\/v2\/product\/13593","targetHints":{"allow":["GET"]}}],"collection":[{"href":"https:\/\/dreamfiregrill.com\/et\/wp-json\/wp\/v2\/product"}],"about":[{"href":"https:\/\/dreamfiregrill.com\/et\/wp-json\/wp\/v2\/types\/product"}],"wp:featuredmedia":[{"embeddable":true,"href":"https:\/\/dreamfiregrill.com\/et\/wp-json\/wp\/v2\/media\/11799"}],"wp:attachment":[{"href":"https:\/\/dreamfiregrill.com\/et\/wp-json\/wp\/v2\/media?parent=13593"}],"wp:term":[{"taxonomy":"product_brand","embeddable":true,"href":"https:\/\/dreamfiregrill.com\/et\/wp-json\/wp\/v2\/product_brand?post=13593"},{"taxonomy":"product_cat","embeddable":true,"href":"https:\/\/dreamfiregrill.com\/et\/wp-json\/wp\/v2\/product_cat?post=13593"},{"taxonomy":"product_tag","embeddable":true,"href":"https:\/\/dreamfiregrill.com\/et\/wp-json\/wp\/v2\/product_tag?post=13593"}],"curies":[{"name":"wp","href":"https:\/\/api.w.org\/{rel}","templated":true}]}}