{"id":13784,"date":"2024-01-22T14:37:54","date_gmt":"2024-01-22T12:37:55","guid":{"rendered":"https:\/\/dreamfiregrill.com\/?post_type=product&#038;p=13784"},"modified":"2025-12-02T13:56:39","modified_gmt":"2025-12-02T11:56:39","slug":"dreamfire-bbq-pintsetid","status":"publish","type":"product","link":"https:\/\/dreamfiregrill.com\/et\/toode\/dreamfire-bbq-pintsetid\/","title":{"rendered":"Dreamfire BBQ pintsetid"},"content":{"rendered":"<p>Dreamfire BBQ pintsetid on valmistatud roostevabast metallist. Pintsetid on 40cm pikad, t\u00e4nu millele saab ka kuumalt grillilt t\u00f5sta turvaliselt toitusid maha.<\/p>\n<p>Pintsetid on mitmek\u00fclgsed t\u00f6\u00f6riistad, mida kasutatakse peamiselt \u00f5rnade toitude t\u00f5stmiseks nagu n\u00e4iteks maitsetaimed, steigid, kala, k\u00f6\u00f6giviljad, fond\u00fc\u00fc, vorstikesed v\u00f5i grill-liha.<\/p>\n","protected":false},"excerpt":{"rendered":"<p>Dreamfire BBQ pintsetid on valmistatud roostevabast metallist. Pintsetid on 40cm pikad, t\u00e4nu millele saab ka kuumalt grillilt t\u00f5sta turvaliselt toitusid maha.<\/p>\n<p>Pintsetid on mitmek\u00fclgsed t\u00f6\u00f6riistad, mida kasutatakse peamiselt \u00f5rnade toitude t\u00f5stmiseks nagu n\u00e4iteks maitsetaimed, steigid, kala, k\u00f6\u00f6giviljad, fond\u00fc\u00fc, vorstikesed v\u00f5i grill-liha.<\/p>\n","protected":false},"featured_media":13787,"template":"","meta":[],"product_brand":[],"product_cat":[92],"product_tag":[],"class_list":{"0":"post-13784","1":"product","2":"type-product","3":"status-publish","4":"has-post-thumbnail","6":"product_cat-lisavarustus","8":"first","9":"instock","10":"taxable","11":"shipping-taxable","12":"purchasable","13":"product-type-simple"},"_links":{"self":[{"href":"https:\/\/dreamfiregrill.com\/et\/wp-json\/wp\/v2\/product\/13784","targetHints":{"allow":["GET"]}}],"collection":[{"href":"https:\/\/dreamfiregrill.com\/et\/wp-json\/wp\/v2\/product"}],"about":[{"href":"https:\/\/dreamfiregrill.com\/et\/wp-json\/wp\/v2\/types\/product"}],"wp:featuredmedia":[{"embeddable":true,"href":"https:\/\/dreamfiregrill.com\/et\/wp-json\/wp\/v2\/media\/13787"}],"wp:attachment":[{"href":"https:\/\/dreamfiregrill.com\/et\/wp-json\/wp\/v2\/media?parent=13784"}],"wp:term":[{"taxonomy":"product_brand","embeddable":true,"href":"https:\/\/dreamfiregrill.com\/et\/wp-json\/wp\/v2\/product_brand?post=13784"},{"taxonomy":"product_cat","embeddable":true,"href":"https:\/\/dreamfiregrill.com\/et\/wp-json\/wp\/v2\/product_cat?post=13784"},{"taxonomy":"product_tag","embeddable":true,"href":"https:\/\/dreamfiregrill.com\/et\/wp-json\/wp\/v2\/product_tag?post=13784"}],"curies":[{"name":"wp","href":"https:\/\/api.w.org\/{rel}","templated":true}]}}