{"id":13888,"date":"2024-02-20T13:59:21","date_gmt":"2024-02-20T11:59:22","guid":{"rendered":"https:\/\/dreamfiregrill.com\/?post_type=product&#038;p=13888"},"modified":"2024-02-21T11:54:05","modified_gmt":"2024-02-21T09:54:05","slug":"dreamfire-grillimismatt-40x33cm-copy","status":"publish","type":"product","link":"https:\/\/dreamfiregrill.com\/et\/toode\/dreamfire-grillimismatt-40x33cm-copy\/","title":{"rendered":"Dreamfire grillimisv\u00f5rk"},"content":{"rendered":"<p>Dreamfire grillimisv\u00f5rk &#8211; see kuumakindel silikoonv\u00f5rk hoiab \u00e4ra v\u00e4ikeste toiduainete kukkumise l\u00e4bi restide. Ideaalne kala, k\u00f6\u00f6giviljade, krevettide ja muude v\u00e4iksemate toitude jaoks.<\/p>\n<p>M\u00f5\u00f5dud: 40 cm x 33 cm<\/p>\n<p>N\u00f5udepesumasinas pestav.<\/p>\n","protected":false},"excerpt":{"rendered":"<p>Dreamfire grillimisv\u00f5rk &#8211; see kuumakindel silikoonv\u00f5rk hoiab \u00e4ra v\u00e4ikeste toiduainete kukkumise l\u00e4bi restide. Ideaalne kala, k\u00f6\u00f6giviljade, krevettide ja muude v\u00e4iksemate toitude jaoks.<\/p>\n<p>M\u00f5\u00f5dud: 40 cm x 33 cm<\/p>\n<p>N\u00f5udepesumasinas pestav.<\/p>\n","protected":false},"featured_media":13890,"template":"","meta":[],"product_brand":[],"product_cat":[92],"product_tag":[],"class_list":{"0":"post-13888","1":"product","2":"type-product","3":"status-publish","4":"has-post-thumbnail","6":"product_cat-lisavarustus","8":"first","9":"instock","10":"taxable","11":"shipping-taxable","12":"purchasable","13":"product-type-simple"},"_links":{"self":[{"href":"https:\/\/dreamfiregrill.com\/et\/wp-json\/wp\/v2\/product\/13888","targetHints":{"allow":["GET"]}}],"collection":[{"href":"https:\/\/dreamfiregrill.com\/et\/wp-json\/wp\/v2\/product"}],"about":[{"href":"https:\/\/dreamfiregrill.com\/et\/wp-json\/wp\/v2\/types\/product"}],"wp:featuredmedia":[{"embeddable":true,"href":"https:\/\/dreamfiregrill.com\/et\/wp-json\/wp\/v2\/media\/13890"}],"wp:attachment":[{"href":"https:\/\/dreamfiregrill.com\/et\/wp-json\/wp\/v2\/media?parent=13888"}],"wp:term":[{"taxonomy":"product_brand","embeddable":true,"href":"https:\/\/dreamfiregrill.com\/et\/wp-json\/wp\/v2\/product_brand?post=13888"},{"taxonomy":"product_cat","embeddable":true,"href":"https:\/\/dreamfiregrill.com\/et\/wp-json\/wp\/v2\/product_cat?post=13888"},{"taxonomy":"product_tag","embeddable":true,"href":"https:\/\/dreamfiregrill.com\/et\/wp-json\/wp\/v2\/product_tag?post=13888"}],"curies":[{"name":"wp","href":"https:\/\/api.w.org\/{rel}","templated":true}]}}