{"id":13900,"date":"2024-02-20T14:31:12","date_gmt":"2024-02-20T12:31:12","guid":{"rendered":"https:\/\/dreamfiregrill.com\/?post_type=product&#038;p=13900"},"modified":"2025-12-02T13:54:47","modified_gmt":"2025-12-02T11:54:47","slug":"dreamfire-grillitangid","status":"publish","type":"product","link":"https:\/\/dreamfiregrill.com\/et\/toode\/dreamfire-grillitangid\/","title":{"rendered":"Dreamfire grillitangid"},"content":{"rendered":"<p>Dreamfire grillitangid on erilise disainiga, mis kaitseb \u00f5rnu toiduaineid kahjustuste eest, pakkudes samas kindlat haaret.<\/p>\n<p>40 cm pikkus hoiab teie k\u00e4ed kuumuse eest ohutult eemal.<\/p>\n<p>Ideaalne kala, k\u00f6\u00f6giviljade, burgerite ja muu t\u00f5stmiseks.<\/p>\n","protected":false},"excerpt":{"rendered":"<p>Dreamfire grillitangid on erilise disainiga, mis kaitseb \u00f5rnu toiduaineid kahjustuste eest, pakkudes samas kindlat haaret.<\/p>\n<p>40 cm pikkus hoiab teie k\u00e4ed kuumuse eest ohutult eemal.<\/p>\n<p>Ideaalne kala, k\u00f6\u00f6giviljade, burgerite ja muu t\u00f5stmiseks.<\/p>\n","protected":false},"featured_media":14036,"template":"","meta":[],"product_brand":[],"product_cat":[92],"product_tag":[],"class_list":{"0":"post-13900","1":"product","2":"type-product","3":"status-publish","4":"has-post-thumbnail","6":"product_cat-lisavarustus","8":"first","9":"instock","10":"taxable","11":"shipping-taxable","12":"purchasable","13":"product-type-simple"},"_links":{"self":[{"href":"https:\/\/dreamfiregrill.com\/et\/wp-json\/wp\/v2\/product\/13900","targetHints":{"allow":["GET"]}}],"collection":[{"href":"https:\/\/dreamfiregrill.com\/et\/wp-json\/wp\/v2\/product"}],"about":[{"href":"https:\/\/dreamfiregrill.com\/et\/wp-json\/wp\/v2\/types\/product"}],"wp:featuredmedia":[{"embeddable":true,"href":"https:\/\/dreamfiregrill.com\/et\/wp-json\/wp\/v2\/media\/14036"}],"wp:attachment":[{"href":"https:\/\/dreamfiregrill.com\/et\/wp-json\/wp\/v2\/media?parent=13900"}],"wp:term":[{"taxonomy":"product_brand","embeddable":true,"href":"https:\/\/dreamfiregrill.com\/et\/wp-json\/wp\/v2\/product_brand?post=13900"},{"taxonomy":"product_cat","embeddable":true,"href":"https:\/\/dreamfiregrill.com\/et\/wp-json\/wp\/v2\/product_cat?post=13900"},{"taxonomy":"product_tag","embeddable":true,"href":"https:\/\/dreamfiregrill.com\/et\/wp-json\/wp\/v2\/product_tag?post=13900"}],"curies":[{"name":"wp","href":"https:\/\/api.w.org\/{rel}","templated":true}]}}