{"id":13903,"date":"2024-02-20T14:57:54","date_gmt":"2024-02-20T12:57:54","guid":{"rendered":"https:\/\/dreamfiregrill.com\/?post_type=product&#038;p=13903"},"modified":"2024-02-20T15:04:51","modified_gmt":"2024-02-20T13:04:51","slug":"dreamfire-tarvikute-hoidik-classic-copy","status":"publish","type":"product","link":"https:\/\/dreamfiregrill.com\/et\/toode\/dreamfire-tarvikute-hoidik-classic-copy\/","title":{"rendered":"Dreamfire malmist burgeripress"},"content":{"rendered":"<p>Dreamfire malmist burgeripress. Puidust k\u00e4epidemega.<\/p>\n<p>Dreamfire malmist burgeripress on ideaalne, et valmistada smash burgereid.<\/p>\n<p>Smashburgeri valmistamisel pihvi pressimine l\u00fchendab k\u00fcpsetusaega ja v\u00f5imaldab teha burgeripihvi \u00fchtlase paksusega.<\/p>\n<p>&nbsp;<\/p>\n<p>M\u00f5\u00f5dud: 30.5cm x 10.5cm.<br \/>\nKaal: 1kg<\/p>\n","protected":false},"excerpt":{"rendered":"<p>Dreamfire malmist burgeripress. Puidust k\u00e4epidemega.<\/p>\n<p>Dreamfire malmist burgeripress on ideaalne, et valmistada smash burgereid.<\/p>\n<p>Smashburgeri valmistamisel pihvi pressimine l\u00fchendab k\u00fcpsetusaega ja v\u00f5imaldab teha burgeripihvi \u00fchtlase paksusega.<\/p>\n<p>&nbsp;<\/p>\n<p>M\u00f5\u00f5dud: 30.5cm x 10.5cm.<br \/>\nKaal: 1kg<\/p>\n","protected":false},"featured_media":13907,"template":"","meta":[],"product_brand":[],"product_cat":[92],"product_tag":[],"class_list":{"0":"post-13903","1":"product","2":"type-product","3":"status-publish","4":"has-post-thumbnail","6":"product_cat-lisavarustus","8":"first","9":"instock","10":"taxable","11":"shipping-taxable","12":"purchasable","13":"product-type-simple"},"_links":{"self":[{"href":"https:\/\/dreamfiregrill.com\/et\/wp-json\/wp\/v2\/product\/13903","targetHints":{"allow":["GET"]}}],"collection":[{"href":"https:\/\/dreamfiregrill.com\/et\/wp-json\/wp\/v2\/product"}],"about":[{"href":"https:\/\/dreamfiregrill.com\/et\/wp-json\/wp\/v2\/types\/product"}],"wp:featuredmedia":[{"embeddable":true,"href":"https:\/\/dreamfiregrill.com\/et\/wp-json\/wp\/v2\/media\/13907"}],"wp:attachment":[{"href":"https:\/\/dreamfiregrill.com\/et\/wp-json\/wp\/v2\/media?parent=13903"}],"wp:term":[{"taxonomy":"product_brand","embeddable":true,"href":"https:\/\/dreamfiregrill.com\/et\/wp-json\/wp\/v2\/product_brand?post=13903"},{"taxonomy":"product_cat","embeddable":true,"href":"https:\/\/dreamfiregrill.com\/et\/wp-json\/wp\/v2\/product_cat?post=13903"},{"taxonomy":"product_tag","embeddable":true,"href":"https:\/\/dreamfiregrill.com\/et\/wp-json\/wp\/v2\/product_tag?post=13903"}],"curies":[{"name":"wp","href":"https:\/\/api.w.org\/{rel}","templated":true}]}}