{"id":13923,"date":"2024-02-20T15:15:35","date_gmt":"2024-02-20T13:15:35","guid":{"rendered":"https:\/\/dreamfiregrill.com\/product\/dreamfire-ummargune-grillikorv\/"},"modified":"2025-12-02T13:54:05","modified_gmt":"2025-12-02T11:54:05","slug":"dreamfire-ummargune-grillikorv","status":"publish","type":"product","link":"https:\/\/dreamfiregrill.com\/et\/toode\/dreamfire-ummargune-grillikorv\/","title":{"rendered":"Dreamfire \u00fcmmargune grillikorv"},"content":{"rendered":"<p>Dreamfire \u00fcmmargune grillikorv on ideaalne k\u00f6\u00f6giviljade, tiibade, mereandide ja muude v\u00e4iksemate toitude jaoks.<\/p>\n<p>Vastupidav roostevabast terasest konstruktsioon talub k\u00f5rget kuumust.<\/p>\n<p>Silindri kuju muudab toidu p\u00f6\u00f6rlemise imelihtsaks.<\/p>\n","protected":false},"excerpt":{"rendered":"<p>Dreamfire \u00fcmmargune grillikorv on ideaalne k\u00f6\u00f6giviljade, tiibade, mereandide ja muude v\u00e4iksemate toitude jaoks.<\/p>\n<p>Vastupidav roostevabast terasest konstruktsioon talub k\u00f5rget kuumust.<\/p>\n<p>Silindri kuju muudab toidu p\u00f6\u00f6rlemise imelihtsaks.<\/p>\n","protected":false},"featured_media":13916,"template":"","meta":[],"product_brand":[],"product_cat":[92],"product_tag":[],"class_list":{"0":"post-13923","1":"product","2":"type-product","3":"status-publish","4":"has-post-thumbnail","6":"product_cat-lisavarustus","7":"product_shipping_class-accessories","9":"first","10":"instock","11":"taxable","12":"shipping-taxable","13":"purchasable","14":"product-type-simple"},"_links":{"self":[{"href":"https:\/\/dreamfiregrill.com\/et\/wp-json\/wp\/v2\/product\/13923","targetHints":{"allow":["GET"]}}],"collection":[{"href":"https:\/\/dreamfiregrill.com\/et\/wp-json\/wp\/v2\/product"}],"about":[{"href":"https:\/\/dreamfiregrill.com\/et\/wp-json\/wp\/v2\/types\/product"}],"wp:featuredmedia":[{"embeddable":true,"href":"https:\/\/dreamfiregrill.com\/et\/wp-json\/wp\/v2\/media\/13916"}],"wp:attachment":[{"href":"https:\/\/dreamfiregrill.com\/et\/wp-json\/wp\/v2\/media?parent=13923"}],"wp:term":[{"taxonomy":"product_brand","embeddable":true,"href":"https:\/\/dreamfiregrill.com\/et\/wp-json\/wp\/v2\/product_brand?post=13923"},{"taxonomy":"product_cat","embeddable":true,"href":"https:\/\/dreamfiregrill.com\/et\/wp-json\/wp\/v2\/product_cat?post=13923"},{"taxonomy":"product_tag","embeddable":true,"href":"https:\/\/dreamfiregrill.com\/et\/wp-json\/wp\/v2\/product_tag?post=13923"}],"curies":[{"name":"wp","href":"https:\/\/api.w.org\/{rel}","templated":true}]}}