{"id":13951,"date":"2024-02-20T15:45:43","date_gmt":"2024-02-20T13:45:43","guid":{"rendered":"https:\/\/dreamfiregrill.com\/product\/dreamfire-grillikorv\/"},"modified":"2025-12-02T13:54:05","modified_gmt":"2025-12-02T11:54:05","slug":"dreamfire-grillikorv","status":"publish","type":"product","link":"https:\/\/dreamfiregrill.com\/et\/toode\/dreamfire-grillikorv\/","title":{"rendered":"Dreamfire grillikorv"},"content":{"rendered":"<p>Dreamfire grillikorv, mis on valmistatud roostevaba terasest ja v\u00f5imaldab grillida ideaalselt aedvilju, kala, v\u00e4iksemaid lihat\u00fckke, krevette, seeni ja muid sarnaseid tooraineid. Sobib\u00a0 Kamado stiilis keraamilistele grillidele suurusega L v\u00f5i Classic ning ka teistele grillit\u00fc\u00fcpidele. M\u00f5\u00f5tudega 35&#215;30.7&#215;5<\/p>\n<div class=\"flex-1 overflow-hidden\">\n<div class=\"react-scroll-to-bottom--css-ovpnr-79elbk h-full\">\n<div class=\"react-scroll-to-bottom--css-ovpnr-1n7m0yu\">\n<div class=\"flex flex-col pb-9 text-sm\">\n<div class=\"w-full text-token-text-primary\" data-testid=\"conversation-turn-5\">\n<div class=\"px-4 py-2 justify-center text-base md:gap-6 m-auto\">\n<div class=\"flex flex-1 text-base mx-auto gap-3 md:px-5 lg:px-1 xl:px-5 md:max-w-3xl lg:max-w-[40rem] xl:max-w-[48rem] group final-completion\">\n<div class=\"relative flex w-full flex-col agent-turn\">\n<div class=\"flex-col gap-1 md:gap-3\">\n<div class=\"flex flex-grow flex-col max-w-full\">\n<div class=\"min-h-[20px] text-message flex flex-col items-start gap-3 whitespace-pre-wrap break-words [.text-message+&amp;]:mt-5 overflow-x-auto\" data-message-author-role=\"assistant\" data-message-id=\"023944fb-39ac-4797-97cf-c2e8b1cbb023\">\n<div class=\"markdown prose w-full break-words dark:prose-invert light\">\n<p><strong>T\u00f5stetud servad ja kumerad k\u00e4epidemed<\/strong>: Disainitud sinu mugavust silmas pidades, pikad, kumerad k\u00e4epidemed v\u00f5imaldavad lihtsat ja mugavat kasutamist \u00fcmber grilli. T\u00f5stetud servad ja tugevdatud nurgad hoiavad toidu korvis, k\u00f5rvaldades mure selle l\u00e4bi grillrestide kukkumisest, olgu sul siis praadimine, r\u00f6stimine v\u00f5i segamine.<\/p>\n<p><strong>Maksimaalne kuumuse ringlus<\/strong>: V\u00f5rdselt paigutatud avad v\u00f5imaldavad suurep\u00e4rast kuumuse s\u00e4ilitamist ja jaotamist. Need avad lasevad suitsul toidust l\u00e4bi minna ja tagavad \u00fchtlase grillimise.<\/p>\n<p><strong>Grilli rohkem kui lihtsalt k\u00f6\u00f6givilju<\/strong>: Loo k\u00f5ikv\u00f5imalikke lisandeid selle BBQ grillkorviga, lisades maitsva suitsuse maitse k\u00f6\u00f6giviljadele, puuviljadele, mereandidele ja muule.<\/p>\n<div class=\"flex-1 overflow-hidden\">\n<div class=\"react-scroll-to-bottom--css-ovpnr-79elbk h-full\">\n<div class=\"react-scroll-to-bottom--css-ovpnr-1n7m0yu\">\n<div class=\"flex flex-col pb-9 text-sm\">\n<div class=\"w-full text-token-text-primary\" data-testid=\"conversation-turn-7\">\n<div class=\"px-4 py-2 justify-center text-base md:gap-6 m-auto\">\n<div class=\"flex flex-1 text-base mx-auto gap-3 md:px-5 lg:px-1 xl:px-5 md:max-w-3xl lg:max-w-[40rem] xl:max-w-[48rem] group final-completion\">\n<div class=\"relative flex w-full flex-col agent-turn\">\n<div class=\"flex-col gap-1 md:gap-3\">\n<div class=\"flex flex-grow flex-col max-w-full\">\n<div class=\"min-h-[20px] text-message flex flex-col items-start gap-3 whitespace-pre-wrap break-words [.text-message+&amp;]:mt-5 overflow-x-auto\" data-message-author-role=\"assistant\" data-message-id=\"00bfb562-0584-41b1-9cb5-01f656ca5b17\">\n<div class=\"markdown prose w-full break-words dark:prose-invert light\">\n<p><strong>\u00dcldm\u00f5\u00f5tmed:<\/strong><\/p>\n<p>Laius 35cm,<\/p>\n<p>S\u00fcgavus 30.7cm<\/p>\n<p>K\u00f5rgus 5cm<\/p>\n<p><strong>Parimate tulemuste saamiseks<\/strong>: Harja v\u00f5i piserda oma grillkorvi oliivi\u00f5li v\u00f5i m\u00f5ne muu toiduvalmistamise \u00f5liga. \u00c4ra kasuta otsest leeki, kuna see v\u00f5ib p\u00f5hjustada roostevaba terase v\u00e4rvimuutust. Kui eemaldad grillilt, on korv kuum. K\u00e4sitse seda ettevaatlikult, eemaldades selle grillilt ahjukindaga v\u00f5i grillkinnastega.<\/p>\n<p><strong>Hooldusjuhised<\/strong>: S\u00e4ilita loomulik roostevaba terase viimistlus, veendudes, et puhastad korralikult p\u00e4rast iga kasutamist. Grillkorvi on kerge puhastada k\u00e4sitsi sooja seebiveega pesemisega. Kuivata korralikult enne korvi hoiustamist.<\/p>\n<\/div>\n<\/div>\n<\/div>\n<\/div>\n<\/div>\n<\/div>\n<\/div>\n<\/div>\n<\/div>\n<\/div>\n<\/div>\n<\/div>\n<\/div>\n<\/div>\n<\/div>\n<\/div>\n<\/div>\n<\/div>\n<\/div>\n<\/div>\n<\/div>\n<\/div>\n<\/div>\n<\/div>\n","protected":false},"excerpt":{"rendered":"<p>Dreamfire grillikorv, mis on valmistatud roostevaba terasest ja v\u00f5imaldab grillida ideaalselt aedvilju, kala, v\u00e4iksemaid lihat\u00fckke, krevette, seeni ja muid sarnaseid tooraineid. Sobib\u00a0 Kamado stiilis keraamilistele grillidele suurusega L v\u00f5i Classic ning ka teistele grillit\u00fc\u00fcpidele. M\u00f5\u00f5tudega 35&#215;30.7&#215;5<\/p>\n","protected":false},"featured_media":13928,"template":"","meta":[],"product_brand":[],"product_cat":[92],"product_tag":[],"class_list":{"0":"post-13951","1":"product","2":"type-product","3":"status-publish","4":"has-post-thumbnail","6":"product_cat-lisavarustus","7":"product_shipping_class-accessories","9":"first","10":"instock","11":"taxable","12":"shipping-taxable","13":"purchasable","14":"product-type-simple"},"_links":{"self":[{"href":"https:\/\/dreamfiregrill.com\/et\/wp-json\/wp\/v2\/product\/13951","targetHints":{"allow":["GET"]}}],"collection":[{"href":"https:\/\/dreamfiregrill.com\/et\/wp-json\/wp\/v2\/product"}],"about":[{"href":"https:\/\/dreamfiregrill.com\/et\/wp-json\/wp\/v2\/types\/product"}],"wp:featuredmedia":[{"embeddable":true,"href":"https:\/\/dreamfiregrill.com\/et\/wp-json\/wp\/v2\/media\/13928"}],"wp:attachment":[{"href":"https:\/\/dreamfiregrill.com\/et\/wp-json\/wp\/v2\/media?parent=13951"}],"wp:term":[{"taxonomy":"product_brand","embeddable":true,"href":"https:\/\/dreamfiregrill.com\/et\/wp-json\/wp\/v2\/product_brand?post=13951"},{"taxonomy":"product_cat","embeddable":true,"href":"https:\/\/dreamfiregrill.com\/et\/wp-json\/wp\/v2\/product_cat?post=13951"},{"taxonomy":"product_tag","embeddable":true,"href":"https:\/\/dreamfiregrill.com\/et\/wp-json\/wp\/v2\/product_tag?post=13951"}],"curies":[{"name":"wp","href":"https:\/\/api.w.org\/{rel}","templated":true}]}}