{"id":13978,"date":"2024-02-20T16:00:32","date_gmt":"2024-02-20T14:00:32","guid":{"rendered":"https:\/\/dreamfiregrill.com\/product\/dreamfire-bbq-pipeti-komplekt\/"},"modified":"2025-12-02T13:54:05","modified_gmt":"2025-12-02T11:54:05","slug":"dreamfire-bbq-pipeti-komplekt","status":"publish","type":"product","link":"https:\/\/dreamfiregrill.com\/et\/toode\/dreamfire-bbq-pipeti-komplekt\/","title":{"rendered":"Dreamfire BBQ pipeti komplekt"},"content":{"rendered":"<p>Dreamfire BBQ pipeti komplekt &#8211; selle mehise pipetiga saad kerge vaevaga kasta v\u00f5i s\u00fcstida oma liha marinaadide v\u00f5i lihamahlaga. Komplektis on kaasas kaks roostevabast terasest n\u00f5ela ning puhastushari.<\/p>\n","protected":false},"excerpt":{"rendered":"<p>Dreamfire BBQ pipeti komplekt &#8211; selle mehise pipetiga saad kerge vaevaga kasta v\u00f5i s\u00fcstida oma liha marinaadide v\u00f5i lihamahlaga. Komplektis on kaasas kaks roostevabast terasest n\u00f5ela ning puhastushari.<\/p>\n","protected":false},"featured_media":13955,"template":"","meta":[],"product_brand":[],"product_cat":[92],"product_tag":[],"class_list":{"0":"post-13978","1":"product","2":"type-product","3":"status-publish","4":"has-post-thumbnail","6":"product_cat-lisavarustus","8":"first","9":"instock","10":"taxable","11":"shipping-taxable","12":"purchasable","13":"product-type-simple"},"_links":{"self":[{"href":"https:\/\/dreamfiregrill.com\/et\/wp-json\/wp\/v2\/product\/13978","targetHints":{"allow":["GET"]}}],"collection":[{"href":"https:\/\/dreamfiregrill.com\/et\/wp-json\/wp\/v2\/product"}],"about":[{"href":"https:\/\/dreamfiregrill.com\/et\/wp-json\/wp\/v2\/types\/product"}],"wp:featuredmedia":[{"embeddable":true,"href":"https:\/\/dreamfiregrill.com\/et\/wp-json\/wp\/v2\/media\/13955"}],"wp:attachment":[{"href":"https:\/\/dreamfiregrill.com\/et\/wp-json\/wp\/v2\/media?parent=13978"}],"wp:term":[{"taxonomy":"product_brand","embeddable":true,"href":"https:\/\/dreamfiregrill.com\/et\/wp-json\/wp\/v2\/product_brand?post=13978"},{"taxonomy":"product_cat","embeddable":true,"href":"https:\/\/dreamfiregrill.com\/et\/wp-json\/wp\/v2\/product_cat?post=13978"},{"taxonomy":"product_tag","embeddable":true,"href":"https:\/\/dreamfiregrill.com\/et\/wp-json\/wp\/v2\/product_tag?post=13978"}],"curies":[{"name":"wp","href":"https:\/\/api.w.org\/{rel}","templated":true}]}}