{"id":14051,"date":"2024-02-21T11:07:17","date_gmt":"2024-02-21T09:07:17","guid":{"rendered":"https:\/\/dreamfiregrill.com\/product\/dreamfire-pitsaloikur\/"},"modified":"2025-12-02T13:54:04","modified_gmt":"2025-12-02T11:54:04","slug":"dreamfire-pitsaloikur","status":"publish","type":"product","link":"https:\/\/dreamfiregrill.com\/et\/toode\/dreamfire-pitsaloikur\/","title":{"rendered":"Dreamfire Pitsal\u00f5ikur"},"content":{"rendered":"<p>Dreamfire pitsal\u00f5ikur on valmistatud roostevabast metallist ning teeb pitsade l\u00f5ikamise lihtsaks ja mugavaks. Pitsal\u00f5ikur on valmistatud eriti tugevast materjalist ja on v\u00e4ga vastupidav.<\/p>\n<p>Komplektis on kaasas plastikust kaitse terale.<\/p>\n","protected":false},"excerpt":{"rendered":"<p>Dreamfire pitsal\u00f5ikur on valmistatud roostevabast metallist ning teeb pitsade l\u00f5ikamise lihtsaks ja mugavaks. Pitsal\u00f5ikur on valmistatud eriti tugevast materjalist ja on v\u00e4ga vastupidav.<\/p>\n<p>Komplektis on kaasas plastikust kaitse terale.<\/p>\n","protected":false},"featured_media":14020,"template":"","meta":[],"product_brand":[],"product_cat":[92],"product_tag":[],"class_list":{"0":"post-14051","1":"product","2":"type-product","3":"status-publish","4":"has-post-thumbnail","6":"product_cat-lisavarustus","7":"product_shipping_class-accessories","9":"first","10":"instock","11":"taxable","12":"shipping-taxable","13":"purchasable","14":"product-type-simple"},"_links":{"self":[{"href":"https:\/\/dreamfiregrill.com\/et\/wp-json\/wp\/v2\/product\/14051","targetHints":{"allow":["GET"]}}],"collection":[{"href":"https:\/\/dreamfiregrill.com\/et\/wp-json\/wp\/v2\/product"}],"about":[{"href":"https:\/\/dreamfiregrill.com\/et\/wp-json\/wp\/v2\/types\/product"}],"wp:featuredmedia":[{"embeddable":true,"href":"https:\/\/dreamfiregrill.com\/et\/wp-json\/wp\/v2\/media\/14020"}],"wp:attachment":[{"href":"https:\/\/dreamfiregrill.com\/et\/wp-json\/wp\/v2\/media?parent=14051"}],"wp:term":[{"taxonomy":"product_brand","embeddable":true,"href":"https:\/\/dreamfiregrill.com\/et\/wp-json\/wp\/v2\/product_brand?post=14051"},{"taxonomy":"product_cat","embeddable":true,"href":"https:\/\/dreamfiregrill.com\/et\/wp-json\/wp\/v2\/product_cat?post=14051"},{"taxonomy":"product_tag","embeddable":true,"href":"https:\/\/dreamfiregrill.com\/et\/wp-json\/wp\/v2\/product_tag?post=14051"}],"curies":[{"name":"wp","href":"https:\/\/api.w.org\/{rel}","templated":true}]}}