{"id":14832,"date":"2025-02-10T10:04:41","date_gmt":"2025-02-10T08:04:41","guid":{"rendered":"https:\/\/dreamfiregrill.com\/?post_type=product&#038;p=14832"},"modified":"2025-12-02T13:53:41","modified_gmt":"2025-12-02T11:53:41","slug":"dreamfire-stainless-steel-kamado-handle","status":"publish","type":"product","link":"https:\/\/dreamfiregrill.com\/et\/toode\/dreamfire-stainless-steel-kamado-handle\/","title":{"rendered":"Dreamfire roostevaba kamado k\u00e4epide"},"content":{"rendered":"<p>Roostevabast k\u00e4epide, mis oma kujult ning muudetava asendiga grilli kinnitusest peaks olema sobiv k\u00f5ikidele grillidele.<\/p>\n","protected":false},"excerpt":{"rendered":"<p>Roostevabast k\u00e4epide, mis oma kujult ning muudetava asendiga grilli kinnitusest peaks olema sobiv k\u00f5ikidele grillidele.<\/p>\n","protected":false},"featured_media":14833,"template":"","meta":[],"product_brand":[],"product_cat":[92],"product_tag":[],"class_list":{"0":"post-14832","1":"product","2":"type-product","3":"status-publish","4":"has-post-thumbnail","6":"product_cat-lisavarustus","8":"first","9":"outofstock","10":"taxable","11":"shipping-taxable","12":"purchasable","13":"product-type-simple"},"_links":{"self":[{"href":"https:\/\/dreamfiregrill.com\/et\/wp-json\/wp\/v2\/product\/14832","targetHints":{"allow":["GET"]}}],"collection":[{"href":"https:\/\/dreamfiregrill.com\/et\/wp-json\/wp\/v2\/product"}],"about":[{"href":"https:\/\/dreamfiregrill.com\/et\/wp-json\/wp\/v2\/types\/product"}],"wp:featuredmedia":[{"embeddable":true,"href":"https:\/\/dreamfiregrill.com\/et\/wp-json\/wp\/v2\/media\/14833"}],"wp:attachment":[{"href":"https:\/\/dreamfiregrill.com\/et\/wp-json\/wp\/v2\/media?parent=14832"}],"wp:term":[{"taxonomy":"product_brand","embeddable":true,"href":"https:\/\/dreamfiregrill.com\/et\/wp-json\/wp\/v2\/product_brand?post=14832"},{"taxonomy":"product_cat","embeddable":true,"href":"https:\/\/dreamfiregrill.com\/et\/wp-json\/wp\/v2\/product_cat?post=14832"},{"taxonomy":"product_tag","embeddable":true,"href":"https:\/\/dreamfiregrill.com\/et\/wp-json\/wp\/v2\/product_tag?post=14832"}],"curies":[{"name":"wp","href":"https:\/\/api.w.org\/{rel}","templated":true}]}}