{"id":14842,"date":"2025-02-10T10:15:27","date_gmt":"2025-02-10T08:15:27","guid":{"rendered":"https:\/\/dreamfiregrill.com\/?post_type=product&#038;p=14842"},"modified":"2025-12-02T13:54:04","modified_gmt":"2025-12-02T11:54:04","slug":"dreamfire-roostevabad-kuljelauad","status":"publish","type":"product","link":"https:\/\/dreamfiregrill.com\/et\/toode\/dreamfire-roostevabad-kuljelauad\/","title":{"rendered":"Dreamfire roostevabad k\u00fcljelauad"},"content":{"rendered":"<p>Roosevabast k\u00fcljelauad sobivad Comfy classic ja Smokey seeriale. Roostevabast k\u00fcljelauad on ilmastikukindlad ning on kergemini hooldatavad ja ei karda kuuma.<\/p>\n<p>Komplekti kuulub kaks lauda.<\/p>\n","protected":false},"excerpt":{"rendered":"<p>Roosevabast k\u00fcljelauad sobivad Comfy classic ja Smokey seeriale. Roostevabast k\u00fcljelauad on ilmastikukindlad ning on kergemini hooldatavad ja ei karda kuuma.<\/p>\n<p>Komplekti kuulub kaks lauda.<\/p>\n","protected":false},"featured_media":14843,"template":"","meta":[],"product_brand":[],"product_cat":[92],"product_tag":[],"class_list":{"0":"post-14842","1":"product","2":"type-product","3":"status-publish","4":"has-post-thumbnail","6":"product_cat-lisavarustus","8":"first","9":"instock","10":"taxable","11":"shipping-taxable","12":"purchasable","13":"product-type-simple"},"_links":{"self":[{"href":"https:\/\/dreamfiregrill.com\/et\/wp-json\/wp\/v2\/product\/14842","targetHints":{"allow":["GET"]}}],"collection":[{"href":"https:\/\/dreamfiregrill.com\/et\/wp-json\/wp\/v2\/product"}],"about":[{"href":"https:\/\/dreamfiregrill.com\/et\/wp-json\/wp\/v2\/types\/product"}],"wp:featuredmedia":[{"embeddable":true,"href":"https:\/\/dreamfiregrill.com\/et\/wp-json\/wp\/v2\/media\/14843"}],"wp:attachment":[{"href":"https:\/\/dreamfiregrill.com\/et\/wp-json\/wp\/v2\/media?parent=14842"}],"wp:term":[{"taxonomy":"product_brand","embeddable":true,"href":"https:\/\/dreamfiregrill.com\/et\/wp-json\/wp\/v2\/product_brand?post=14842"},{"taxonomy":"product_cat","embeddable":true,"href":"https:\/\/dreamfiregrill.com\/et\/wp-json\/wp\/v2\/product_cat?post=14842"},{"taxonomy":"product_tag","embeddable":true,"href":"https:\/\/dreamfiregrill.com\/et\/wp-json\/wp\/v2\/product_tag?post=14842"}],"curies":[{"name":"wp","href":"https:\/\/api.w.org\/{rel}","templated":true}]}}