{"id":10568,"date":"2022-06-02T15:27:17","date_gmt":"2022-06-02T12:27:17","guid":{"rendered":"https:\/\/dreamfiregrill.com\/dreamfire\/"},"modified":"2024-04-10T13:49:00","modified_gmt":"2024-04-10T10:49:00","slug":"dreamfire","status":"publish","type":"page","link":"https:\/\/dreamfiregrill.com\/fi\/","title":{"rendered":"Dreamfire"},"content":{"rendered":"\t\t<div data-elementor-type=\"wp-page\" data-elementor-id=\"10568\" class=\"elementor elementor-10568 elementor-499\" data-elementor-post-type=\"page\">\n\t\t\t\t\t\t<section class=\"elementor-section elementor-top-section elementor-element elementor-element-5d8e8dc ct-section-stretched elementor-section-full_width elementor-section-height-default elementor-section-height-default\" data-id=\"5d8e8dc\" data-element_type=\"section\" data-e-type=\"section\">\n\t\t\t\t\t\t<div class=\"elementor-container elementor-column-gap-no\">\n\t\t\t\t\t<div class=\"elementor-column elementor-col-100 elementor-top-column elementor-element elementor-element-451a30d\" data-id=\"451a30d\" data-element_type=\"column\" data-e-type=\"column\">\n\t\t\t<div class=\"elementor-widget-wrap elementor-element-populated\">\n\t\t\t\t\t\t<div class=\"elementor-element elementor-element-529a24d elementor-widget elementor-widget-slider_revolution\" data-id=\"529a24d\" data-element_type=\"widget\" data-e-type=\"widget\" data-widget_type=\"slider_revolution.default\">\n\t\t\t\t<div class=\"elementor-widget-container\">\n\t\t\t\t\t\n\t\t<div class=\"wp-block-themepunch-revslider\">\n\t\t\t<!-- START Slide Product REVOLUTION SLIDER 6.7.41 --><p class=\"rs-p-wp-fix\"><\/p>\n\t\t\t<rs-module-wrap id=\"rev_slider_1_1_wrapper\" data-source=\"gallery\" style=\"visibility:hidden;background:#ffffff;padding:0;margin:0px auto;margin-top:0;margin-bottom:0;\">\n\t\t\t\t<rs-module id=\"rev_slider_1_1\" style=\"\" data-version=\"6.7.41\">\n\t\t\t\t\t<rs-slides style=\"overflow: hidden; position: absolute;\">\n\t\t\t\t\t\t<rs-slide style=\"position: absolute;\" data-key=\"rs-7\" data-title=\"Slide\" data-anim=\"adpr:false;\" data-in=\"o:1;y:-100%;\" data-out=\"sx:0.85;sy:0.85;\">\n\t\t\t\t\t\t\t<img decoding=\"async\" src=\"\/\/dreamfiregrill.com\/wp-content\/plugins\/revslider\/sr6\/assets\/assets\/dummy.png\" alt=\"\" title=\"Dreamfire\" class=\"rev-slidebg tp-rs-img rs-lazyload\" data-lazyload=\"\/\/dreamfiregrill.com\/wp-content\/uploads\/revslider\/one-page-lp\/slide_product_bg.jpg\" data-parallax=\"off\" data-no-retina>\n<!--\n\t\t\t\t\t\t\t--><rs-layer\n\t\t\t\t\t\t\t\tid=\"slider-1-slide-7-layer-6\" \n\t\t\t\t\t\t\t\tclass=\"avada-landing-product-description\"\n\t\t\t\t\t\t\t\tdata-type=\"text\"\n\t\t\t\t\t\t\t\tdata-color=\"rgba(255, 255, 255, 1)\"\n\t\t\t\t\t\t\t\tdata-rsp_ch=\"on\"\n\t\t\t\t\t\t\t\tdata-xy=\"x:c;yo:290px,270px,180px,170px;\"\n\t\t\t\t\t\t\t\tdata-text=\"s:32,26,23,22;l:48,42,32,32;fw:200;\"\n\t\t\t\t\t\t\t\tdata-frame_1=\"e:expo.out;st:1680;sp:1500;sR:1680;\"\n\t\t\t\t\t\t\t\tdata-frame_999=\"st:w;sp:800;sR:5820;auto:true;\"\n\t\t\t\t\t\t\t\tstyle=\"z-index:5;font-family:'Source Sans Pro';\"\n\t\t\t\t\t\t\t>Tehd\u00e4\u00e4n ruokaa yhdess\u00e4! \n\t\t\t\t\t\t\t<\/rs-layer><!--\n\n\t\t\t\t\t\t\t--><rs-layer\n\t\t\t\t\t\t\t\tid=\"slider-1-slide-7-layer-8\" \n\t\t\t\t\t\t\t\tclass=\"shadow avada-landing-product-button rev-btn\"\n\t\t\t\t\t\t\t\tdata-type=\"button\"\n\t\t\t\t\t\t\t\tdata-color=\"#ffffff||rgba(255, 255, 255, 1)||rgba(255, 255, 255, 1)||rgba(255, 255, 255, 1)\"\n\t\t\t\t\t\t\t\tdata-xy=\"x:c;yo:360px,330px,220px,220px;\"\n\t\t\t\t\t\t\t\tdata-text=\"s:20,20,18,17;l:37,37,32,30;fw:600;\"\n\t\t\t\t\t\t\t\tdata-padding=\"t:12;r:35;b:12;l:35;\"\n\t\t\t\t\t\t\t\tdata-border=\"bor:4px,4px,4px,4px;\"\n\t\t\t\t\t\t\t\tdata-frame_1=\"e:power3.out;st:2580;sp:1200;sR:2580;\"\n\t\t\t\t\t\t\t\tdata-frame_999=\"st:w;sp:800;sR:5220;auto:true;\"\n\t\t\t\t\t\t\t\tdata-frame_999_mask=\"u:t;\"\n\t\t\t\t\t\t\t\tdata-frame_hover=\"c:#fff;bgc:#e2000b;boc:#000;bor:4px,4px,4px,4px;bos:solid;oX:50;oY:50;sp:500;e:none;\"\n\t\t\t\t\t\t\t\tstyle=\"z-index:6;background-color:#f8b131;font-family:'Source Sans Pro';cursor:pointer;\"\n\t\t\t\t\t\t\t>Katso l\u00e4hemmin! \n\t\t\t\t\t\t\t<\/rs-layer><!--\n\n\t\t\t\t\t\t\t--><rs-layer\n\t\t\t\t\t\t\t\tid=\"slider-1-slide-7-layer-11\" \n\t\t\t\t\t\t\t\tdata-type=\"image\"\n\t\t\t\t\t\t\t\tdata-rsp_ch=\"on\"\n\t\t\t\t\t\t\t\tdata-xy=\"x:r;xo:100px,60px,50px,30px;y:b;yo:90px,70px,90px,100px;\"\n\t\t\t\t\t\t\t\tdata-text=\"l:22;a:inherit;\"\n\t\t\t\t\t\t\t\tdata-dim=\"w:300px,240px,200px,150px;h:394px,315px,263px,197px;\"\n\t\t\t\t\t\t\t\tdata-frame_0=\"x:100%;o:1;\"\n\t\t\t\t\t\t\t\tdata-frame_1=\"sp:1500;sR:10;\"\n\t\t\t\t\t\t\t\tdata-frame_999=\"o:0;st:w;sR:7490;\"\n\t\t\t\t\t\t\t\tstyle=\"z-index:7;\"\n\t\t\t\t\t\t\t><img fetchpriority=\"high\" decoding=\"async\" src=\"\/\/dreamfiregrill.com\/wp-content\/plugins\/revslider\/sr6\/assets\/assets\/dummy.png\" alt=\"Dreamfire\u00ae Kamado Smokey II\" class=\"tp-rs-img rs-lazyload\" width=\"436\" height=\"573\" data-lazyload=\"\/\/dreamfiregrill.com\/wp-content\/uploads\/2021\/05\/Kamado-Smokey-II-5-scaled-removebg-preview-1.png\" data-no-retina title=\"\"> \n\t\t\t\t\t\t\t<\/rs-layer><!--\n\n\t\t\t\t\t\t\t--><rs-layer\n\t\t\t\t\t\t\t\tid=\"slider-1-slide-7-layer-12\" \n\t\t\t\t\t\t\t\tdata-type=\"image\"\n\t\t\t\t\t\t\t\tdata-rsp_ch=\"on\"\n\t\t\t\t\t\t\t\tdata-xy=\"xo:100px,60px,50px,30px;y:b;yo:90px,70px,90px,100px;\"\n\t\t\t\t\t\t\t\tdata-text=\"l:22;a:inherit;\"\n\t\t\t\t\t\t\t\tdata-dim=\"w:300px,240px,200px,150px;h:326px,261px,218px,163px;\"\n\t\t\t\t\t\t\t\tdata-frame_0=\"x:-100%;o:1;\"\n\t\t\t\t\t\t\t\tdata-frame_1=\"sp:1500;sR:10;\"\n\t\t\t\t\t\t\t\tdata-frame_999=\"o:0;st:w;sR:7490;\"\n\t\t\t\t\t\t\t\tstyle=\"z-index:8;\"\n\t\t\t\t\t\t\t><img decoding=\"async\" src=\"\/\/dreamfiregrill.com\/wp-content\/plugins\/revslider\/sr6\/assets\/assets\/dummy.png\" alt=\"Dreamfire\u00ae Kamado Smokey II\" class=\"tp-rs-img rs-lazyload\" width=\"479\" height=\"521\" data-lazyload=\"\/\/dreamfiregrill.com\/wp-content\/uploads\/2021\/05\/15654-1-scaled-removebg-preview.png\" data-no-retina title=\"\"> \n\t\t\t\t\t\t\t<\/rs-layer><!--\n\n\t\t\t\t\t\t\t--><rs-layer\n\t\t\t\t\t\t\t\tid=\"slider-1-slide-7-layer-14\" \n\t\t\t\t\t\t\t\tdata-type=\"image\"\n\t\t\t\t\t\t\t\tdata-rsp_ch=\"on\"\n\t\t\t\t\t\t\t\tdata-xy=\"x:c;yo:30px,20px,20px,10px;\"\n\t\t\t\t\t\t\t\tdata-text=\"l:22;a:inherit;\"\n\t\t\t\t\t\t\t\tdata-dim=\"w:250px,240px,150px,150px;h:250px,240px,150px,150px;\"\n\t\t\t\t\t\t\t\tdata-frame_1=\"sR:10;\"\n\t\t\t\t\t\t\t\tdata-frame_999=\"o:0;st:w;sR:8690;\"\n\t\t\t\t\t\t\t\tstyle=\"z-index:9;\"\n\t\t\t\t\t\t\t><img decoding=\"async\" src=\"\/\/dreamfiregrill.com\/wp-content\/plugins\/revslider\/sr6\/assets\/assets\/dummy.png\" alt=\"dreamfire\" class=\"tp-rs-img rs-lazyload\" width=\"400\" height=\"400\" data-lazyload=\"\/\/dreamfiregrill.com\/wp-content\/uploads\/2020\/06\/dreamfire1-1_whitetext-400x400.png\" data-no-retina title=\"\"> \n\t\t\t\t\t\t\t<\/rs-layer><!--\n\n\t\t\t\t\t\t\t--><rs-layer\n\t\t\t\t\t\t\t\tid=\"slider-1-slide-7-layer-15\" \n\t\t\t\t\t\t\t\tclass=\"Gym-Subline\"\n\t\t\t\t\t\t\t\tdata-type=\"text\"\n\t\t\t\t\t\t\t\tdata-rsp_ch=\"on\"\n\t\t\t\t\t\t\t\tdata-xy=\"xo:120px,80px,60px,40px;y:b;yo:30px,30px,50px,70px;\"\n\t\t\t\t\t\t\t\tdata-text=\"s:30,24,19,14;l:30,30,19,31;a:inherit;\"\n\t\t\t\t\t\t\t\tdata-dim=\"w:auto,auto,252px,auto;h:auto,auto,21px,auto;\"\n\t\t\t\t\t\t\t\tdata-frame_1=\"x:0,0,0px,0px;y:0,0,0px,0px;sR:10;\"\n\t\t\t\t\t\t\t\tdata-frame_999=\"o:0;st:w;sR:8690;\"\n\t\t\t\t\t\t\t\tstyle=\"z-index:10;font-family:'Raleway';\"\n\t\t\t\t\t\t\t>Uudistunut Comfy \n\t\t\t\t\t\t\t<\/rs-layer><!--\n\n\t\t\t\t\t\t\t--><rs-layer\n\t\t\t\t\t\t\t\tid=\"slider-1-slide-7-layer-16\" \n\t\t\t\t\t\t\t\tclass=\"Gym-Subline\"\n\t\t\t\t\t\t\t\tdata-type=\"text\"\n\t\t\t\t\t\t\t\tdata-rsp_ch=\"on\"\n\t\t\t\t\t\t\t\tdata-xy=\"x:r;xo:20px,10px,10px,5px;y:b;yo:30px,30px,50px,70px;\"\n\t\t\t\t\t\t\t\tdata-text=\"s:30,24,19,14;l:30,30,19,31;a:center;\"\n\t\t\t\t\t\t\t\tdata-frame_1=\"sR:10;\"\n\t\t\t\t\t\t\t\tdata-frame_999=\"o:0;st:w;sR:8690;\"\n\t\t\t\t\t\t\t\tstyle=\"z-index:11;font-family:'Raleway';\"\n\t\t\t\t\t\t\t>Paljon lis\u00e4varusteita sis\u00e4lt\u00e4v\u00e4 Smokey II \n\t\t\t\t\t\t\t<\/rs-layer><!--\n-->\t\t\t\t\t<\/rs-slide>\n\t\t\t\t\t<\/rs-slides>\n\t\t\t\t\t<rs-static-layers><!--\n\t\t\t\t\t--><\/rs-static-layers>\n\t\t\t\t<\/rs-module>\n\t\t\t\t<script>\n\t\t\t\t\tsetREVStartSize({c: 'rev_slider_1_1',rl:[1240,1024,778,480],el:[700,660,650,660],gw:[1400,1024,778,480],gh:[700,660,650,660],type:'hero',justify:'',layout:'fullwidth',mh:\"0\"});if (window.RS_MODULES!==undefined && window.RS_MODULES.modules!==undefined && window.RS_MODULES.modules[\"revslider11\"]!==undefined) {window.RS_MODULES.modules[\"revslider11\"].once = false;window.revapi1 = undefined;if (window.RS_MODULES.checkMinimal!==undefined) window.RS_MODULES.checkMinimal()}\n\t\t\t\t<\/script>\n\t\t\t<\/rs-module-wrap>\n\t\t\t<!-- END REVOLUTION SLIDER -->\n<\/div>\n\n\t\t\t\t\t\t<\/div>\n\t\t\t\t<\/div>\n\t\t\t\t\t<\/div>\n\t\t<\/div>\n\t\t\t\t\t<\/div>\n\t\t<\/section>\n\t\t\t\t<section class=\"elementor-section elementor-top-section elementor-element elementor-element-08d2248 elementor-section-content-middle elementor-section-boxed elementor-section-height-default elementor-section-height-default\" data-id=\"08d2248\" data-element_type=\"section\" data-e-type=\"section\" data-settings=\"{&quot;background_background&quot;:&quot;classic&quot;}\">\n\t\t\t\t\t\t<div class=\"elementor-container elementor-column-gap-default\">\n\t\t\t\t\t<div class=\"elementor-column elementor-col-50 elementor-top-column elementor-element elementor-element-e3b05e6\" data-id=\"e3b05e6\" data-element_type=\"column\" data-e-type=\"column\">\n\t\t\t<div class=\"elementor-widget-wrap elementor-element-populated\">\n\t\t\t\t\t\t<div class=\"elementor-element elementor-element-62506c9 elementor-widget elementor-widget-heading\" data-id=\"62506c9\" data-element_type=\"widget\" data-e-type=\"widget\" data-widget_type=\"heading.default\">\n\t\t\t\t<div class=\"elementor-widget-container\">\n\t\t\t\t\t<h1 class=\"elementor-heading-title elementor-size-default\">Kaikki, mit\u00e4 maistuvan ruoan valmistamisessa tarvitset.<\/h1>\t\t\t\t<\/div>\n\t\t\t\t<\/div>\n\t\t\t\t<div class=\"elementor-element elementor-element-575ffb4 elementor-widget elementor-widget-heading\" data-id=\"575ffb4\" data-element_type=\"widget\" data-e-type=\"widget\" data-widget_type=\"heading.default\">\n\t\t\t\t<div class=\"elementor-widget-container\">\n\t\t\t\t\t<h2 class=\"elementor-heading-title elementor-size-default\">Monik\u00e4ytt\u00f6inen ulkokeitti\u00f6 yhdess\u00e4 grilliss\u00e4.<\/h2>\t\t\t\t<\/div>\n\t\t\t\t<\/div>\n\t\t\t\t<div class=\"elementor-element elementor-element-08a64ea elementor-widget elementor-widget-text-editor\" data-id=\"08a64ea\" data-element_type=\"widget\" data-e-type=\"widget\" data-widget_type=\"text-editor.default\">\n\t\t\t\t<div class=\"elementor-widget-container\">\n\t\t\t\t\t\t\t\t\tKeraaminen Dreamfire-grilli tekee vaikutuksen kaikkiin. Yhdist\u00e4m\u00e4ll\u00e4 muinaisen keramiikassa paistamisen taidon nykyp\u00e4iv\u00e4n tekniikkaan voit olla varma siit\u00e4, ett\u00e4 jokaisesta ateriasta tulee t\u00e4ydellinen. Tunne itsesi huippukokkina omassa puutarhassasi!\t\t\t\t\t\t\t\t<\/div>\n\t\t\t\t<\/div>\n\t\t\t\t\t<\/div>\n\t\t<\/div>\n\t\t\t\t<div class=\"elementor-column elementor-col-50 elementor-top-column elementor-element elementor-element-80ea6ed\" data-id=\"80ea6ed\" data-element_type=\"column\" data-e-type=\"column\">\n\t\t\t<div class=\"elementor-widget-wrap elementor-element-populated\">\n\t\t\t\t\t\t<div class=\"elementor-element elementor-element-ec75f76 animated-slow elementor-invisible elementor-widget elementor-widget-image\" data-id=\"ec75f76\" data-element_type=\"widget\" data-e-type=\"widget\" data-settings=\"{&quot;_animation&quot;:&quot;fadeInDown&quot;}\" data-widget_type=\"image.default\">\n\t\t\t\t<div class=\"elementor-widget-container\">\n\t\t\t\t\t\t\t\t\t\t\t\t\t\t\t<img loading=\"lazy\" decoding=\"async\" width=\"500\" height=\"500\" src=\"https:\/\/dreamfiregrill.com\/wp-content\/uploads\/2019\/04\/kisspng-steak-diane-chophouse-restaurant-sirloin-steak-coo-5a683abf9c0065.294456631516780223639-500x500.png\" class=\"attachment-woocommerce_thumbnail size-woocommerce_thumbnail wp-image-10569\" alt=\"\" srcset=\"https:\/\/dreamfiregrill.com\/wp-content\/uploads\/2019\/04\/kisspng-steak-diane-chophouse-restaurant-sirloin-steak-coo-5a683abf9c0065.294456631516780223639-500x500.png 500w, https:\/\/dreamfiregrill.com\/wp-content\/uploads\/2019\/04\/kisspng-steak-diane-chophouse-restaurant-sirloin-steak-coo-5a683abf9c0065.294456631516780223639-100x100.png 100w, https:\/\/dreamfiregrill.com\/wp-content\/uploads\/2019\/04\/kisspng-steak-diane-chophouse-restaurant-sirloin-steak-coo-5a683abf9c0065.294456631516780223639-700x700.png 700w, https:\/\/dreamfiregrill.com\/wp-content\/uploads\/2019\/04\/kisspng-steak-diane-chophouse-restaurant-sirloin-steak-coo-5a683abf9c0065.294456631516780223639-150x150.png 150w, https:\/\/dreamfiregrill.com\/wp-content\/uploads\/2019\/04\/kisspng-steak-diane-chophouse-restaurant-sirloin-steak-coo-5a683abf9c0065.294456631516780223639-300x300.png 300w, https:\/\/dreamfiregrill.com\/wp-content\/uploads\/2019\/04\/kisspng-steak-diane-chophouse-restaurant-sirloin-steak-coo-5a683abf9c0065.294456631516780223639-768x768.png 768w, https:\/\/dreamfiregrill.com\/wp-content\/uploads\/2019\/04\/kisspng-steak-diane-chophouse-restaurant-sirloin-steak-coo-5a683abf9c0065.294456631516780223639-66x66.png 66w, https:\/\/dreamfiregrill.com\/wp-content\/uploads\/2019\/04\/kisspng-steak-diane-chophouse-restaurant-sirloin-steak-coo-5a683abf9c0065.294456631516780223639-200x200.png 200w, https:\/\/dreamfiregrill.com\/wp-content\/uploads\/2019\/04\/kisspng-steak-diane-chophouse-restaurant-sirloin-steak-coo-5a683abf9c0065.294456631516780223639-400x400.png 400w, https:\/\/dreamfiregrill.com\/wp-content\/uploads\/2019\/04\/kisspng-steak-diane-chophouse-restaurant-sirloin-steak-coo-5a683abf9c0065.294456631516780223639-600x600.png 600w, https:\/\/dreamfiregrill.com\/wp-content\/uploads\/2019\/04\/kisspng-steak-diane-chophouse-restaurant-sirloin-steak-coo-5a683abf9c0065.294456631516780223639.png 800w\" sizes=\"(max-width: 500px) 100vw, 500px\" title=\"\">\t\t\t\t\t\t\t\t\t\t\t\t\t\t\t<\/div>\n\t\t\t\t<\/div>\n\t\t\t\t\t<\/div>\n\t\t<\/div>\n\t\t\t\t\t<\/div>\n\t\t<\/section>\n\t\t\t\t<section class=\"elementor-section elementor-top-section elementor-element elementor-element-4333b7a elementor-section-boxed elementor-section-height-default elementor-section-height-default\" data-id=\"4333b7a\" data-element_type=\"section\" data-e-type=\"section\" data-settings=\"{&quot;background_background&quot;:&quot;classic&quot;}\">\n\t\t\t\t\t\t<div class=\"elementor-container elementor-column-gap-default\">\n\t\t\t\t\t<div class=\"elementor-column elementor-col-100 elementor-top-column elementor-element elementor-element-0072871\" data-id=\"0072871\" data-element_type=\"column\" data-e-type=\"column\">\n\t\t\t<div class=\"elementor-widget-wrap elementor-element-populated\">\n\t\t\t\t\t\t<div class=\"elementor-element elementor-element-b0818e6 elementor-widget elementor-widget-heading\" data-id=\"b0818e6\" data-element_type=\"widget\" data-e-type=\"widget\" data-widget_type=\"heading.default\">\n\t\t\t\t<div class=\"elementor-widget-container\">\n\t\t\t\t\t<h2 class=\"elementor-heading-title elementor-size-default\">Keraamisella Dreamfire-grillill\u00e4 ei ole rajoja!<\/h2>\t\t\t\t<\/div>\n\t\t\t\t<\/div>\n\t\t\t\t<div class=\"elementor-element elementor-element-ea29870 elementor-widget elementor-widget-text-editor\" data-id=\"ea29870\" data-element_type=\"widget\" data-e-type=\"widget\" data-widget_type=\"text-editor.default\">\n\t\t\t\t<div class=\"elementor-widget-container\">\n\t\t\t\t\t\t\t\t\tPerinteisest\u00e4 linnun- ja sianlihasta alkaen aina naudan- ja lampaanlihaan asti. Keraamisella grillill\u00e4 voit valmistaa ihanteellisen rapeakuorisen suussa sulavan mehukkaan lihan. Samoin voit valmistaa savulihoja, kinkkuja ja luonnollisesti BBQ-menetelm\u00e4ll\u00e4 paistettuja lihansiivuja. Grillaa nopeasti naudanpaistia tai savusta siankylke\u00e4, Dreamfire-grillill\u00e4 saat kaikkea sit\u00e4.\t\t\t\t\t\t\t\t<\/div>\n\t\t\t\t<\/div>\n\t\t\t\t<section class=\"elementor-section elementor-inner-section elementor-element elementor-element-d09674a elementor-section-boxed elementor-section-height-default elementor-section-height-default\" data-id=\"d09674a\" data-element_type=\"section\" data-e-type=\"section\" id=\"ikoonigaboxid\">\n\t\t\t\t\t\t<div class=\"elementor-container elementor-column-gap-default\">\n\t\t\t\t\t<div class=\"elementor-column elementor-col-33 elementor-inner-column elementor-element elementor-element-3761031\" data-id=\"3761031\" data-element_type=\"column\" data-e-type=\"column\">\n\t\t\t<div class=\"elementor-widget-wrap elementor-element-populated\">\n\t\t\t\t\t\t<div class=\"elementor-element elementor-element-0b849de elementor-view-stacked elementor-shape-circle elementor-position-block-start elementor-mobile-position-block-start elementor-widget elementor-widget-icon-box\" data-id=\"0b849de\" data-element_type=\"widget\" data-e-type=\"widget\" data-widget_type=\"icon-box.default\">\n\t\t\t\t<div class=\"elementor-widget-container\">\n\t\t\t\t\t\t\t<div class=\"elementor-icon-box-wrapper\">\n\n\t\t\t\t\t\t<div class=\"elementor-icon-box-icon\">\n\t\t\t\t<span  class=\"elementor-icon\">\n\t\t\t\t<i aria-hidden=\"true\" class=\"fas fa-drumstick-bite\"><\/i>\t\t\t\t<\/span>\n\t\t\t<\/div>\n\t\t\t\n\t\t\t\t\t\t<div class=\"elementor-icon-box-content\">\n\n\t\t\t\t\t\t\t\t\t<h3 class=\"elementor-icon-box-title\">\n\t\t\t\t\t\t<span  >\n\t\t\t\t\t\t\tLiha\t\t\t\t\t\t<\/span>\n\t\t\t\t\t<\/h3>\n\t\t\t\t\n\t\t\t\t\t\t\t\t\t<p class=\"elementor-icon-box-description\">\n\t\t\t\t\t\tPerinteisest\u00e4 linnun- ja sianlihasta alkaen aina naudan- ja lampaanlihaanasti. Keraamisella grillill\u00e4 voit valmistaa ihanteellisen rapeakuorisen suussasulavan mehukkaan lihan. Samoin voit valmistaa savulihoja, kinkkuja ja luonnollisesti BBQ-menetelm\u00e4ll\u00e4 paistettuja lihansiivuja. Grillaa nopeasti naudanpaistia tai savusta siankylke\u00e4, Dreamfire-grillill\u00e4 saat kaikkea sit\u00e4.\t\t\t\t\t<\/p>\n\t\t\t\t\n\t\t\t<\/div>\n\t\t\t\n\t\t<\/div>\n\t\t\t\t\t\t<\/div>\n\t\t\t\t<\/div>\n\t\t\t\t\t<\/div>\n\t\t<\/div>\n\t\t\t\t<div class=\"elementor-column elementor-col-33 elementor-inner-column elementor-element elementor-element-99653cf\" data-id=\"99653cf\" data-element_type=\"column\" data-e-type=\"column\">\n\t\t\t<div class=\"elementor-widget-wrap elementor-element-populated\">\n\t\t\t\t\t\t<div class=\"elementor-element elementor-element-44565a0 elementor-view-stacked elementor-shape-circle elementor-position-block-start elementor-mobile-position-block-start elementor-widget elementor-widget-icon-box\" data-id=\"44565a0\" data-element_type=\"widget\" data-e-type=\"widget\" data-widget_type=\"icon-box.default\">\n\t\t\t\t<div class=\"elementor-widget-container\">\n\t\t\t\t\t\t\t<div class=\"elementor-icon-box-wrapper\">\n\n\t\t\t\t\t\t<div class=\"elementor-icon-box-icon\">\n\t\t\t\t<span  class=\"elementor-icon\">\n\t\t\t\t<i aria-hidden=\"true\" class=\"fas fa-carrot\"><\/i>\t\t\t\t<\/span>\n\t\t\t<\/div>\n\t\t\t\n\t\t\t\t\t\t<div class=\"elementor-icon-box-content\">\n\n\t\t\t\t\t\t\t\t\t<h3 class=\"elementor-icon-box-title\">\n\t\t\t\t\t\t<span  >\n\t\t\t\t\t\t\tVihannekset\t\t\t\t\t\t<\/span>\n\t\t\t\t\t<\/h3>\n\t\t\t\t\n\t\t\t\t\t\t\t\t\t<p class=\"elementor-icon-box-description\">\n\t\t\t\t\t\t<p style=\"margin:0cm\"><span lang=\"FI\" style=\",sans-serif\">Vihannesten paistaminen\ngrilliss\u00e4 voi vaikuttaa hankalalta ja siksi kaikki oheen tarjottavat ruoat\npaistetaan tavallisesti keitti\u00f6ss\u00e4. Dreamfire-grillill\u00e4 se on kuitenkin huippuhelppoa,\nsill\u00e4 voi paistaa erilaisia vihannesherkkuja sek\u00e4 isoina kappaleina ett\u00e4 my\u00f6s\nwokkina k\u00e4ytt\u00e4m\u00e4ll\u00e4 siihen Dreamfiren erilaisia lis\u00e4tarvikkeita (wokkipannu, vihanneskori, paistomatto jne.) Tulos on aina paras.<\/span><\/p><p style=\"margin:0cm\"><br><\/p>\n\t\t\t\t\t<\/p>\n\t\t\t\t\n\t\t\t<\/div>\n\t\t\t\n\t\t<\/div>\n\t\t\t\t\t\t<\/div>\n\t\t\t\t<\/div>\n\t\t\t\t\t<\/div>\n\t\t<\/div>\n\t\t\t\t<div class=\"elementor-column elementor-col-33 elementor-inner-column elementor-element elementor-element-8428185\" data-id=\"8428185\" data-element_type=\"column\" data-e-type=\"column\">\n\t\t\t<div class=\"elementor-widget-wrap elementor-element-populated\">\n\t\t\t\t\t\t<div class=\"elementor-element elementor-element-27dbbb3 elementor-view-stacked elementor-shape-circle elementor-position-block-start elementor-mobile-position-block-start elementor-widget elementor-widget-icon-box\" data-id=\"27dbbb3\" data-element_type=\"widget\" data-e-type=\"widget\" data-widget_type=\"icon-box.default\">\n\t\t\t\t<div class=\"elementor-widget-container\">\n\t\t\t\t\t\t\t<div class=\"elementor-icon-box-wrapper\">\n\n\t\t\t\t\t\t<div class=\"elementor-icon-box-icon\">\n\t\t\t\t<span  class=\"elementor-icon\">\n\t\t\t\t<i aria-hidden=\"true\" class=\"fas fa-bread-slice\"><\/i>\t\t\t\t<\/span>\n\t\t\t<\/div>\n\t\t\t\n\t\t\t\t\t\t<div class=\"elementor-icon-box-content\">\n\n\t\t\t\t\t\t\t\t\t<h3 class=\"elementor-icon-box-title\">\n\t\t\t\t\t\t<span  >\n\t\t\t\t\t\t\tLeivonnaisten paistaminen\t\t\t\t\t\t<\/span>\n\t\t\t\t\t<\/h3>\n\t\t\t\t\n\t\t\t\t\t\t\t\t\t<p class=\"elementor-icon-box-description\">\n\t\t\t\t\t\tKyll\u00e4 \u2013 sekin on mahdollista. Silloin Dreamfire-grilli\u00e4 voi k\u00e4ytt\u00e4\u00e4 ulkouunin tapaan, jolloin mahdollisuudet ovat rajattomat. Maukkaasta rapeasta pitsasta aloittaen aina j\u00e4lkiruokiin saakka. \t\t\t\t\t<\/p>\n\t\t\t\t\n\t\t\t<\/div>\n\t\t\t\n\t\t<\/div>\n\t\t\t\t\t\t<\/div>\n\t\t\t\t<\/div>\n\t\t\t\t\t<\/div>\n\t\t<\/div>\n\t\t\t\t\t<\/div>\n\t\t<\/section>\n\t\t\t\t\t<\/div>\n\t\t<\/div>\n\t\t\t\t\t<\/div>\n\t\t<\/section>\n\t\t\t\t<\/div>\n\t\t","protected":false},"excerpt":{"rendered":"<p>Kaikki, mit\u00e4 maistuvan ruoan valmistamisessa tarvitset. Monik\u00e4ytt\u00f6inen ulkokeitti\u00f6 yhdess\u00e4 grilliss\u00e4. Keraaminen Dreamfire-grilli tekee vaikutuksen kaikkiin. Yhdist\u00e4m\u00e4ll\u00e4 muinaisen keramiikassa paistamisen taidon nykyp\u00e4iv\u00e4n tekniikkaan voit olla varma siit\u00e4, ett\u00e4 jokaisesta ateriasta tulee t\u00e4ydellinen. Tunne itsesi huippukokkina omassa puutarhassasi! Keraamisella Dreamfire-grillill\u00e4 ei ole rajoja! Perinteisest\u00e4 linnun- ja sianlihasta alkaen aina naudan- ja lampaanlihaan asti. Keraamisella grillill\u00e4 voit valmistaa [&hellip;]<\/p>\n","protected":false},"author":2,"featured_media":10570,"parent":0,"menu_order":0,"comment_status":"closed","ping_status":"closed","template":"elementor_header_footer","meta":{"footnotes":""},"class_list":["post-10568","page","type-page","status-publish","has-post-thumbnail","hentry"],"blocksy_meta":{"styles_descriptor":{"styles":{"desktop":"","tablet":"","mobile":""},"google_fonts":[],"version":6}},"_links":{"self":[{"href":"https:\/\/dreamfiregrill.com\/fi\/wp-json\/wp\/v2\/pages\/10568","targetHints":{"allow":["GET"]}}],"collection":[{"href":"https:\/\/dreamfiregrill.com\/fi\/wp-json\/wp\/v2\/pages"}],"about":[{"href":"https:\/\/dreamfiregrill.com\/fi\/wp-json\/wp\/v2\/types\/page"}],"author":[{"embeddable":true,"href":"https:\/\/dreamfiregrill.com\/fi\/wp-json\/wp\/v2\/users\/2"}],"replies":[{"embeddable":true,"href":"https:\/\/dreamfiregrill.com\/fi\/wp-json\/wp\/v2\/comments?post=10568"}],"version-history":[{"count":28,"href":"https:\/\/dreamfiregrill.com\/fi\/wp-json\/wp\/v2\/pages\/10568\/revisions"}],"predecessor-version":[{"id":14162,"href":"https:\/\/dreamfiregrill.com\/fi\/wp-json\/wp\/v2\/pages\/10568\/revisions\/14162"}],"wp:featuredmedia":[{"embeddable":true,"href":"https:\/\/dreamfiregrill.com\/fi\/wp-json\/wp\/v2\/media\/10570"}],"wp:attachment":[{"href":"https:\/\/dreamfiregrill.com\/fi\/wp-json\/wp\/v2\/media?parent=10568"}],"curies":[{"name":"wp","href":"https:\/\/api.w.org\/{rel}","templated":true}]}}