{"id":10576,"date":"2022-06-07T10:50:34","date_gmt":"2022-06-07T07:50:34","guid":{"rendered":"https:\/\/dreamfiregrill.com\/tietosuojakaytanto\/"},"modified":"2025-05-29T12:55:31","modified_gmt":"2025-05-29T09:55:31","slug":"tietosuojakaytanto","status":"publish","type":"page","link":"https:\/\/dreamfiregrill.com\/fi\/tietosuojakaytanto\/","title":{"rendered":"Tietosuojak\u00e4yt\u00e4nt\u00f6"},"content":{"rendered":"\t\t<div data-elementor-type=\"wp-page\" data-elementor-id=\"10576\" class=\"elementor elementor-10576 elementor-1123\" data-elementor-post-type=\"page\">\n\t\t\t\t\t\t<section class=\"elementor-section elementor-top-section elementor-element elementor-element-79cef726 elementor-section-boxed elementor-section-height-default elementor-section-height-default\" data-id=\"79cef726\" data-element_type=\"section\" data-e-type=\"section\">\n\t\t\t\t\t\t<div class=\"elementor-container elementor-column-gap-default\">\n\t\t\t\t\t<div class=\"elementor-column elementor-col-100 elementor-top-column elementor-element elementor-element-5e4540f1\" data-id=\"5e4540f1\" data-element_type=\"column\" data-e-type=\"column\">\n\t\t\t<div class=\"elementor-widget-wrap elementor-element-populated\">\n\t\t\t\t\t\t<div class=\"elementor-element elementor-element-552beacd elementor-widget elementor-widget-text-editor\" data-id=\"552beacd\" data-element_type=\"widget\" data-e-type=\"widget\" data-widget_type=\"text-editor.default\">\n\t\t\t\t<div class=\"elementor-widget-container\">\n\t\t\t\t\t\t\t\t\t<p>Dreamfire-grillien edustaja Edelgran O\u00dc verkkosivulla dreamfiregrill.com (jatkossa nimell\u00e4 \u201dDreamfire\u201d) noudattaa vastuullisen tietojenk\u00e4sittelyn periaatteita. Dreamfire-sivustolla voi k\u00e4yd\u00e4 jakamatta itsest\u00e4\u00e4n tietoa, mutta tietyiss\u00e4 tapauksissa tarvitsemme tietoa ottaaksemme Sinuun yhteytt\u00e4 esitt\u00e4miisi kysymyksiin tai tiedusteluihin liittyen. T\u00e4m\u00e4 tietosuojak\u00e4yt\u00e4nt\u00f6 selvitt\u00e4\u00e4 tietojen ker\u00e4\u00e4misen ja k\u00e4ytt\u00e4misen tarkoitusta n\u00e4iss\u00e4 tilanteissa. Dreamfire-verkkosivulla k\u00e4ym\u00e4ll\u00e4 hyv\u00e4ksyt tietosuojak\u00e4yt\u00e4nn\u00f6n ehdot.<\/p><h4><strong>SINUN TIETOJESI JA HENKIL\u00d6TIETOJESI SUOJAAMINEN <\/strong><\/h4><p>Dreamfire ei jaa tietoja eik\u00e4 henkil\u00f6tietoja sivullisten kanssa ilman suostumustasi, maksujen ker\u00e4\u00e4minen ESTO AS:n avulla pois lukien. ESTO AS:lle v\u00e4litetyt tiedot ovat tarkoitetut vain Sinun verkkokaupassamme suorittamien maksujen k\u00e4sittelyyn ja ne rajoittuvat tietoihin, joita tarvitaan maksun onnistuneessa ker\u00e4\u00e4misess\u00e4 ja k\u00e4sittelyss\u00e4.<\/p><p><strong>HENKIL\u00d6TIETOJEN K\u00c4SITTELY<\/strong><\/p><p>Verkkokaupan henkil\u00f6tietojen vastuullinen k\u00e4sittelij\u00e4 on DREAMFIREGRILL.COM (rekisterikoodi 10553332), kotipaikka , Valli tee 17, Vaela k\u00fcla, 75413 Kiili vald, Harju maakond Viro, puh. +372 56\u00a0906\u00a0996 ja s\u00e4hk\u00f6postiosoite <a href=\"mailto:info@dreamfiregrill.com\">info@dreamfiregrill.com<\/a><\/p><p><strong>Millaisia henkil\u00f6tietoja k\u00e4sitell\u00e4\u00e4n<\/strong><\/p><ul><li>nimi, puhelinnumero ja s\u00e4hk\u00f6postiosoite;<\/li><li>toimitusosoite;<\/li><li>pankkitilin numero;<\/li><li>tavaroiden ja palvelujen hinta ja maksuihin liittyv\u00e4t tiedot (ostohistoria);<\/li><li>asiakastuen tiedot;<\/li><\/ul><p><strong>Miksi henkil\u00f6tietoja k\u00e4sitell\u00e4\u00e4n<\/strong><\/p><p>Henkil\u00f6tietoja k\u00e4ytet\u00e4\u00e4n asiakkaiden tilausten hallinnointiin ja tavaran perille toimittamiseen.<\/p><p>Ostohistoriatietoja (ostop\u00e4iv\u00e4, tavara, m\u00e4\u00e4r\u00e4, asiakastiedot) k\u00e4ytet\u00e4\u00e4n ostettujen tavaroiden ja palvelujen yhteenvetojen laatimiseen ja asiakkaiden mieltymysten analysointiin.<\/p><p>Pankkitilin numeroa k\u00e4ytet\u00e4\u00e4n maksujen hyvitt\u00e4miseen asiakkaalle.<\/p><p>Henkil\u00f6tietoja, kuten s\u00e4hk\u00f6postiosoitetta, puhelinnumeroa ja asiakkaan nime\u00e4, k\u00e4sitell\u00e4\u00e4n tavaroiden ja palveluiden tarjoamiseen liittyvien ongelmien ratkaisemiseen (asiakastuki).<\/p><p>Verkkokaupan k\u00e4ytt\u00e4j\u00e4n IP-osoitetta tai muita merkkitunnisteita k\u00e4sitell\u00e4\u00e4n tietoyhteiskunnan osana olevan verkkokaupan palvelun tarjoamiseen ja verkonk\u00e4ytt\u00f6tilaston tekemiseen.<\/p><p><strong>Oikeudelliset perusteet<\/strong><\/p><p>Henkil\u00f6tietoja k\u00e4sitell\u00e4\u00e4n asiakkaan kanssa solmitun sopimuksen noudatustarkoituksessa. Henkil\u00f6tietoja k\u00e4sitell\u00e4\u00e4n oikeudellisten velvoitteiden t\u00e4ytt\u00e4miseksi (esimerkiksi kirjanpito ja kuluttajariitojen ratkaiseminen).<\/p><p><strong>Henkil\u00f6tietojen saajat<\/strong><\/p><p>Henkil\u00f6tiedot toimitetaan verkkokaupan asiakastuelle ostojen ja ostohistorian hallinnointiin sek\u00e4 asiakasriitojen ratkaisemiseen.<\/p><p>Nimi, puhelinnumero ja s\u00e4hk\u00f6postiosoite toimitetaan asiakkaan valitsemalle kuljetuspalvelun tarjoajalle. Tavaran perille toimittamista varten l\u00e4hetille toimitetaan yhteystietojen mukana my\u00f6s asiakkaan osoite.<\/p><p>Mik\u00e4li verkkokaupan kirjanpidosta huolehtii palveluntarjoaja, henkil\u00f6tiedot toimitetaan palveluntarjoajalle kirjanpitotoimenpiteiden tekemiseen.<\/p><p>Henkil\u00f6tiedot voidaan toimittaa IT-palvelun tarjoajille, mukaan lukien, mutta ei ainoastaan, KODREX O\u00dc:lle \u2013 mik\u00e4li se on tarpeen verkkokaupan toimivuuden varmistamiseksi tai tietojen majoittamiseksi.<\/p><p><strong>Turvallisuus ja p\u00e4\u00e4sy tietoihin <\/strong><\/p><p>Henkil\u00f6tietoja s\u00e4ilytet\u00e4\u00e4n Zone.ee:n palvelimissa, jotka sijaitsevat Euroopan unionin j\u00e4senmaan tai Euroopan talousalueen maiden alueella. Tietoja voi toimittaa maihin, joiden tietosuojan tason Euroopan komissio on arvioinut riitt\u00e4v\u00e4ksi, ja niille USA:n yrityksille, jotka ovat liittyneet Privacy Shield -mekanismiin.<\/p><p>Henkil\u00f6tietoihin p\u00e4\u00e4sev\u00e4t verkkokaupan ty\u00f6ntekij\u00e4t verkkokaupan k\u00e4ytt\u00e4miseen liittyvien teknisten ongelmien ratkaisemista ja asiakastuen tarjoamista varten.<\/p><p>Verkkokauppa k\u00e4ytt\u00e4\u00e4 asianmukaisia fyysisi\u00e4, j\u00e4rjest\u00f6llisi\u00e4 ja IT-turvakeinoja suojatakseen henkil\u00f6tietoja sattumanvaraiselta tai laittomalta h\u00e4vitt\u00e4miselt\u00e4, katoamiselta, muuttamiselta tai valtuuttamattomalta p\u00e4\u00e4sylt\u00e4 niihin sek\u00e4 niiden julkistamiselta.<\/p><p>Henkil\u00f6tiedot toimitetaan verkkokaupan tietojenk\u00e4sittelij\u00f6ille (esimerkiksi kuljetus- ja datamajoituspalvelujen tarjoajille) ja niit\u00e4 k\u00e4sitell\u00e4\u00e4n verkkokaupan ja k\u00e4sittelij\u00f6iden kesken solmittujen sopimusten perusteella. K\u00e4sittelij\u00f6iden tulee henkil\u00f6tietojen k\u00e4sittelyss\u00e4 taata asianmukaiset suojakeinot.<\/p><p><strong>Henkil\u00f6tietoihin p\u00e4\u00e4sy ja niiden korjaaminen <\/strong><\/p><p>Henkil\u00f6tietoihin p\u00e4\u00e4see ja niit\u00e4 voi korjata verkkokaupan k\u00e4ytt\u00e4j\u00e4profiilissa. Jos osto on suoritettu ilman k\u00e4ytt\u00e4j\u00e4tili\u00e4, henkil\u00f6tietoihin p\u00e4\u00e4see asiakastuen kautta.<\/p><p><strong>Suostumuksen peruminen<\/strong><\/p><p>Mik\u00e4li henkil\u00f6tietoja k\u00e4sitell\u00e4\u00e4n asiakkaan suostumuksen perusteella, asiakkaalla on oikeus perua suostumuksensa ilmoittamalla siit\u00e4 asiakastuelle s\u00e4hk\u00f6postitse.<\/p><p><strong>S\u00e4ilytt\u00e4minen<\/strong><\/p><p>Henkil\u00f6tiedot poistetaan verkkokaupan asiakastilin sulkemisen yhteydess\u00e4, paitsi siin\u00e4 tapauksessa, ett\u00e4 tietojen s\u00e4ilytt\u00e4minen on tarpeen kirjanpitotarkoituksessa tai kuluttajariitojen ratkaisussa.<\/p><p>Ilman asiakastili\u00e4 suoritettujen verkko-ostosten osalta ostohistoriaa s\u00e4ilytet\u00e4\u00e4n kolme vuotta.<\/p><p>Maksukiistojen ja kuluttajariitojen osalta henkil\u00f6tietoja s\u00e4ilytet\u00e4\u00e4n vaatimuksen t\u00e4ytt\u00e4miseen tai vanhenemisajan loppuun asti.<\/p><p>Kirjanpidossa tarvittavia henkil\u00f6tietoja s\u00e4ilytet\u00e4\u00e4n seitsem\u00e4n vuotta.<\/p><p><strong>Poistaminen<\/strong><\/p><p>Henkil\u00f6tietojen poistamiseksi tulee ottaa asiakastukeen ottaa yhteytt\u00e4 s\u00e4hk\u00f6postitse. Poistopyynt\u00f6ihin vastataan viimeist\u00e4\u00e4n yhden kuukauden kuluessa, jolloin tietojen poistoaika t\u00e4smennet\u00e4\u00e4n.<\/p><p><strong>Toimittaminen<\/strong><\/p><p>S\u00e4hk\u00f6postitse esitettyihin henkil\u00f6tietojen toimituspyynt\u00f6ihin vastataan yhden kuukauden kuluessa. Asiakastuki tunnistaa henkil\u00f6n ja n\u00e4ytt\u00e4\u00e4, millaisia henkil\u00f6tietoja toimitetaan.<\/p><p><strong>Suoramarkkinointi<\/strong><\/p><p>Suoramarkkinointiviestien l\u00e4hett\u00e4miseen k\u00e4ytet\u00e4\u00e4n s\u00e4hk\u00f6postiosoitetta ja puhelinnumeroa siin\u00e4 tapauksessa, ett\u00e4 asiakas on antanut t\u00e4t\u00e4 koskevan suostumuksensa. Mik\u00e4li asiakas ei halua en\u00e4\u00e4 saada suoramarkkinointiviestej\u00e4, h\u00e4nen tulisi valita viestin alaosasta t\u00e4t\u00e4 koskeva luopumislinkki tai ottaa yhteytt\u00e4 asiakastukeen.<\/p><p>Mik\u00e4li henkil\u00f6tietoja k\u00e4sitell\u00e4\u00e4n suoramarkkinointitarkoituksessa, asiakkaalla on koska tahansa oikeus esitt\u00e4\u00e4 vastav\u00e4itteit\u00e4 sek\u00e4 henkil\u00f6tietojensa alkuper\u00e4iseen ja my\u00f6s jatkok\u00e4sittelyyn, mukaan lukien suoramarkkinointiin liittyvien profiilien laatimiseen, ilmoittamalla siit\u00e4 asiakastuelle s\u00e4hk\u00f6postitse. (n\u00e4m\u00e4 tiedot tulee esitt\u00e4\u00e4 selke\u00e4sti ja muista tiedoista erill\u00e4\u00e4n).<\/p><p><strong>Kiistojen ratkaiseminen<\/strong><\/p><p>Henkil\u00f6tietojen k\u00e4sittelyyn liittyv\u00e4t kiistat ratkaistaan asiakastuen kautta (YHTEYSTIEDOT). Valvontaviranomainen on Viron tietosuojavirasto Andmekaitse Inspektsioon (<a href=\"mailto:info@aki.ee\">info@aki.ee<\/a>).<\/p>\t\t\t\t\t\t\t\t<\/div>\n\t\t\t\t<\/div>\n\t\t\t\t\t<\/div>\n\t\t<\/div>\n\t\t\t\t\t<\/div>\n\t\t<\/section>\n\t\t\t\t<\/div>\n\t\t","protected":false},"excerpt":{"rendered":"<p>Dreamfire-grillien edustaja Edelgran O\u00dc verkkosivulla dreamfiregrill.com (jatkossa nimell\u00e4 \u201dDreamfire\u201d) noudattaa vastuullisen tietojenk\u00e4sittelyn periaatteita. Dreamfire-sivustolla voi k\u00e4yd\u00e4 jakamatta itsest\u00e4\u00e4n tietoa, mutta tietyiss\u00e4 tapauksissa tarvitsemme tietoa ottaaksemme Sinuun yhteytt\u00e4 esitt\u00e4miisi kysymyksiin tai tiedusteluihin liittyen. T\u00e4m\u00e4 tietosuojak\u00e4yt\u00e4nt\u00f6 selvitt\u00e4\u00e4 tietojen ker\u00e4\u00e4misen ja k\u00e4ytt\u00e4misen tarkoitusta n\u00e4iss\u00e4 tilanteissa. Dreamfire-verkkosivulla k\u00e4ym\u00e4ll\u00e4 hyv\u00e4ksyt tietosuojak\u00e4yt\u00e4nn\u00f6n ehdot. SINUN TIETOJESI JA HENKIL\u00d6TIETOJESI SUOJAAMINEN Dreamfire ei jaa [&hellip;]<\/p>\n","protected":false},"author":2,"featured_media":0,"parent":0,"menu_order":0,"comment_status":"closed","ping_status":"closed","template":"elementor_header_footer","meta":{"footnotes":""},"class_list":["post-10576","page","type-page","status-publish","hentry"],"blocksy_meta":{"styles_descriptor":{"styles":{"desktop":"","tablet":"","mobile":""},"google_fonts":[],"version":6}},"_links":{"self":[{"href":"https:\/\/dreamfiregrill.com\/fi\/wp-json\/wp\/v2\/pages\/10576","targetHints":{"allow":["GET"]}}],"collection":[{"href":"https:\/\/dreamfiregrill.com\/fi\/wp-json\/wp\/v2\/pages"}],"about":[{"href":"https:\/\/dreamfiregrill.com\/fi\/wp-json\/wp\/v2\/types\/page"}],"author":[{"embeddable":true,"href":"https:\/\/dreamfiregrill.com\/fi\/wp-json\/wp\/v2\/users\/2"}],"replies":[{"embeddable":true,"href":"https:\/\/dreamfiregrill.com\/fi\/wp-json\/wp\/v2\/comments?post=10576"}],"version-history":[{"count":8,"href":"https:\/\/dreamfiregrill.com\/fi\/wp-json\/wp\/v2\/pages\/10576\/revisions"}],"predecessor-version":[{"id":15373,"href":"https:\/\/dreamfiregrill.com\/fi\/wp-json\/wp\/v2\/pages\/10576\/revisions\/15373"}],"wp:attachment":[{"href":"https:\/\/dreamfiregrill.com\/fi\/wp-json\/wp\/v2\/media?parent=10576"}],"curies":[{"name":"wp","href":"https:\/\/api.w.org\/{rel}","templated":true}]}}