{"id":11142,"date":"2022-07-04T17:02:25","date_gmt":"2022-07-04T14:02:25","guid":{"rendered":"https:\/\/dreamfiregrill.com\/myyntiehdot\/"},"modified":"2025-05-29T12:55:59","modified_gmt":"2025-05-29T09:55:59","slug":"myyntiehdot","status":"publish","type":"page","link":"https:\/\/dreamfiregrill.com\/fi\/myyntiehdot\/","title":{"rendered":"Myyntiehdot"},"content":{"rendered":"\t\t<div data-elementor-type=\"wp-page\" data-elementor-id=\"11142\" class=\"elementor elementor-11142 elementor-1118\" data-elementor-post-type=\"page\">\n\t\t\t\t\t\t<section class=\"elementor-section elementor-top-section elementor-element elementor-element-d5508b2 elementor-section-boxed elementor-section-height-default elementor-section-height-default\" data-id=\"d5508b2\" data-element_type=\"section\" data-e-type=\"section\">\n\t\t\t\t\t\t<div class=\"elementor-container elementor-column-gap-default\">\n\t\t\t\t\t<div class=\"elementor-column elementor-col-100 elementor-top-column elementor-element elementor-element-5ce46348\" data-id=\"5ce46348\" data-element_type=\"column\" data-e-type=\"column\">\n\t\t\t<div class=\"elementor-widget-wrap elementor-element-populated\">\n\t\t\t\t\t\t<div class=\"elementor-element elementor-element-f8341f2 elementor-widget elementor-widget-text-editor\" data-id=\"f8341f2\" data-element_type=\"widget\" data-e-type=\"widget\" data-widget_type=\"text-editor.default\">\n\t\t\t\t<div class=\"elementor-widget-container\">\n\t\t\t\t\t\t\t\t\t<p>DREAMFIREGRILL.COM-verkkokaupan (jatkossa nimell\u00e4 verkkokauppa) omistaja on Arras O\u00dc (rekisterikoodi 10553332), kotipaikka Valli tee 17, Vaela k\u00fcla, 75413 Kiili vald, Harju maakond<\/p><p><strong>Myyntisopimus, tuotteet ja hinnat.<\/strong><\/p><p>Myyntiehdot koskevat tavaran ostamista verkkokaupasta.<\/p><p>Verkkokaupassa myyt\u00e4vien tuotteiden hinnat ovat kuvattuina tuotteiden ohessa, l\u00e4hetyskustannus lis\u00e4t\u00e4\u00e4n ostoskorissa.<\/p><p>L\u00e4hetyskustannus riippuu toimitusosoitteesta ja -tavasta. Ostoskorissa kuvataan mahdolliset toimitustavat ja hinnat, joiden perusteella voit valita sopivan.<\/p><p>Tuotetiedot ovat verkkokaupassa esitettyin\u00e4 tuotteiden yhteydess\u00e4.<\/p><p><strong>Miten ostetaan<\/strong><\/p><ol><li>Lis\u00e4\u00e4 toivomasi tuote\/tuotteet ostoskoriin.<\/li><li>Kun olet lopettanut tuotteiden valitsemisen, siirry ostoskoriin. Ostoskorissa n\u00e4kyv\u00e4t kaikki valitut tuotteet. Ostoskorissa voit muuttaa tavaroiden m\u00e4\u00e4r\u00e4\u00e4 tai poistaa niit\u00e4. \u201dOstoskorien summat\u201d kuvaa seuraavaa:<ol><li>\u201dV\u00e4lisumma\u201d, joka on kaikkien ostoskoriin lis\u00e4ttyjen tuotteiden summa veroineen.<\/li><li>\u201dToimitus\u201d, josta voit valita sopivan toimitustavan.<br \/>(Lis\u00e4tietoa siit\u00e4 l\u00f6yd\u00e4t kohdasta \u201dL\u00e4hetykset\u201d)<\/li><li>\u201dYhteens\u00e4\u201d\u201d, siell\u00e4 n\u00e4et tilauksen yhteissumman veroineen ja l\u00e4hetyskuluineen.<\/li><\/ol><\/li><li>Paina nuppia \u201dSiirry maksamaan\u201d.<\/li><li>Sinulta kysyt\u00e4\u00e4n laskutustiedot ja toimitusosoite, ole hyv\u00e4 ja t\u00e4yt\u00e4 tarvittavat kent\u00e4t.<\/li><li>Tarkasta tilauksesi uudelleen. Jos olet valinnut l\u00e4hetystavaksi pakettiautomaatin, tulee valita sopiva pakettiautomaatti, josta haluat saada tilauksen haltuusi.<\/li><li>Valitse seuraavaksi sopiva maksutapa. Pankkisiirto, linkin kautta verkkopankkimaksu tai ESTO AS -osamaksu.<\/li><li>Varmista, ett\u00e4 olet lukenut tietosuojak\u00e4yt\u00e4nn\u00f6n ja myyntiehdot, jotka maksamisen yhteydess\u00e4 esitet\u00e4\u00e4n.<\/li><li>Jos tilaus on asianmukaisesti laadittu ja hyv\u00e4ksyt myyntisopimuksen, paina nuppia \u201dEsit\u00e4 tilaus\u201d. Jos tilauksessa on virheit\u00e4, sivun yl\u00e4osassa n\u00e4ytet\u00e4\u00e4n ne sek\u00e4 ohjeet niiden korjaamiseen.<\/li><\/ol><p>Sopimus astuu voimaan maksettavaksi kuuluvan summan saapuessa verkkokaupan pankkitilille. Maksuohjeet l\u00f6yd\u00e4t seuraavasta kappaleesta \u201dMiten maksetaan\u201d.<\/p><p>Mik\u00e4li meid\u00e4n ei ole mahdollista toimittaa tilattua tavaraa varastotilanteen vuoksi tai jostain muusta syyst\u00e4, siit\u00e4 ilmoitetaan ostajalle ensi tilassa ja raha (l\u00e4hetyskuluineen) palautetaan viipym\u00e4tt\u00e4, joka tapauksessa viimeist\u00e4\u00e4n 14 p\u00e4iv\u00e4n kuluessa tavaran ostohetkest\u00e4 lukien.<\/p><p><strong>Miten maksetaan <\/strong><\/p><p>Tilauksen esitt\u00e4misen j\u00e4lkeen voit jatkaa tilauksen maksamisella:<\/p><ol><li>Jos valitsit maksutavaksi \u201dPankkisiirto\u201d, ole hyv\u00e4 ja suorita maksu pankkiyhteyksill\u00e4mme, jotka esitet\u00e4\u00e4n Sinulle tilauksen laatimisen j\u00e4lkeen s\u00e4hk\u00f6postiisi l\u00e4hetetyss\u00e4 tilausvahvistuksessa. Pankkisiirtomaksut vahvistetaan ensi tilassa, joka tapauksessa viimeist\u00e4\u00e4n 2 ty\u00f6p\u00e4iv\u00e4n kuluessa tilauksen laatimisesta.<\/li><li>Jos valitsit maksutavaksi \u201dVerkkopankki\u201d, Sinut suunnataan valitsemasi pankin sivustolle, jossa Sinut ohjataan maksun suoritukseen. Maksun suorittamisen j\u00e4lkeen pyyd\u00e4mme valitsemaan \u201dTakaisin kauppiaan luokse\u201d, sill\u00e4 se takaa sen, ett\u00e4 maksusi vahvistuu, saapuu j\u00e4rjestelm\u00e4\u00e4mme ja voimme ottaa tilauksen ensi tilassa k\u00e4sitelt\u00e4v\u00e4ksi.<\/li><\/ol><p>Kaikki maksut hyv\u00e4ksyt\u00e4\u00e4n euroina (EUR)<\/p><p><strong>L\u00e4hetykset<\/strong><\/p><p>Tavaraa toimitetaan seuraaviin maihin: Viro, Suomi.<\/p><p>Ostaja maksaa l\u00e4hetyskustannukset, joiden hintatiedot esitet\u00e4\u00e4n l\u00e4hetystavan yhteydess\u00e4.<\/p><p>Saatavana on erilaisia l\u00e4hetystapoja, jotka esitet\u00e4\u00e4n toimitusosoitteen ja ostoskorin sis\u00e4ll\u00f6n perusteella:<\/p><ol><li>Jos ostoskorissasi on suurimittaisia tuotteita (esimerkiksi grillej\u00e4), voit k\u00e4ytt\u00e4\u00e4 vain kuljetuskumppaniemme OSC Transport O\u00dc (Virossa) tai \u2026\u2026 (Suomessa) tarjoamaa kuljetustapaa Kuller (Viro), L\u00e4hetti (Suomi), joka ottaa Sinuun puhelimitse yhteytt\u00e4 sopiakseen tavaran perilletoimitusajan.<\/li><li>Jos ostoskorissasi on lis\u00e4tarvikkeita, voit valita \u201dSmartpost Eesti pakiautomaat\u201d, Smartpost Suomi pakettiautomaatti\u201d, jolloin tilauksen voi tulla noutamaan kumppanimme Itella Estonia O\u00dc:n pakettiautomaatista, tai \u201dOmniva Eesti pakiautomaat\u201d (vain Viron sis\u00e4isten toimitusten yhteydess\u00e4), jolloin paketin voi noutaa kumppanimme AS Eesti Post pakettiautomaatista. Kun tilaus on saapunut pakettiautomaattiin, puhelinnumeroosi l\u00e4hetet\u00e4\u00e4n siit\u00e4 viesti.<\/li><\/ol><p>Kaikki l\u00e4hetykset Viron alueella toimitetaan ostajan valitsemaan kohteeseen 3-7 ty\u00f6p\u00e4iv\u00e4n kuluessa myyntisopimuksen solmimisp\u00e4iv\u00e4st\u00e4 lukien.<\/p><p>Kaikki l\u00e4hetykset Suomeen toimitetaan ostajan valitsemaan kohteeseen 3-14 ty\u00f6p\u00e4iv\u00e4n kuluessa myyntisopimuksen solmimisp\u00e4iv\u00e4st\u00e4 lukien.<\/p><p>Poikkeustapauksissa meill\u00e4 on oikeus toimittaa tavara perille enint\u00e4\u00e4n 45 ty\u00f6p\u00e4iv\u00e4n kuluessa.<\/p><p><strong>Tavaran palautusoikeus<\/strong><\/p><p>Tilauksen haltuun saamisen j\u00e4lkeen ostajalla on oikeus vet\u00e4yty\u00e4 verkkokaupan kanssa solmitusta sopimuksesta 14 p\u00e4iv\u00e4n kuluessa.<\/p><p>Tavaran palautusoikeutta ei ole, mik\u00e4li ostajana on oikeushenkil\u00f6.<\/p><p>14 p\u00e4iv\u00e4n palautusoikeus koskee vain tavaraa, jota ei ole k\u00e4ytetty ja on samassa kunnossa kuin verkkokaupasta hankkimisen aikaan. Mik\u00e4li tavarassa on kulumisen j\u00e4lki\u00e4 tai sit\u00e4 on k\u00e4ytetty muuhun k\u00e4ytt\u00f6tarkoitukseen, verkkokaupalla on oikeus muuttaa palautettavaa summaa tavaran arvon v\u00e4henemisen mukaisesti.<\/p><p>Tavaran palauttamiseksi tulee 14 p\u00e4iv\u00e4n kuluessa tavaran haltuun saamisen hetkest\u00e4 lukien esitt\u00e4\u00e4 ilmoitus s\u00e4hk\u00f6postiosoitteeseen <a href=\"mailto:info@dreamfiregrill.com\">info@dreamfiregrill.com<\/a>.<\/p><p>Tavaran palautuskulut maksaa ostaja, paitsi niiss\u00e4 tapauksissa, joissa palautuksen syy perustuu siihen, ett\u00e4 palautettava tuote ei vastaa tilausta (esim. v\u00e4\u00e4r\u00e4 tai viallinen tuote).<\/p><p>Ostajan tulee palauttaa tavara 14 p\u00e4iv\u00e4n kuluessa palautusilmoituksen esitt\u00e4mishetkest\u00e4 tai esitt\u00e4\u00e4 todisteet siit\u00e4, ett\u00e4 on luovuttanut tavaran edell\u00e4 mainitun m\u00e4\u00e4r\u00e4ajan puitteissa kuljettajalle.<\/p><p>Palautetun tavaran saapumishetkell\u00e4 verkkokauppaan verkkokauppa palauttaa ostajalle tavaran summan ensi tilassa, joka tapauksessa viimeist\u00e4\u00e4n 14 p\u00e4iv\u00e4n kuluessa tavaran haltuun saamisesta.<\/p><p>Verkkokaupalla on oikeus kielt\u00e4yty\u00e4 rahan palauttamisesta tavaran haltuun saamiseen asti tai kunnes ostaja on esitt\u00e4nyt todisteen tuotteiden palauttamisesta.<\/p><p>Jos ostaja oli valinnut verkkokaupasta tavanomaista edullisemman l\u00e4hetystavan, verkkokauppa ei ole velvollinen korvaamaan tavanomaisen l\u00e4hetyskulun hintaa.<\/p><p>Verkkokaupalla on oikeus vet\u00e4yty\u00e4 myynnist\u00e4 ja vaatia ostajalta tavaran palauttamista, mik\u00e4li verkkokaupassa esitetty tuotteen hinta on erehdyksen vuoksi merkitt\u00e4v\u00e4sti tavaran markkinahintaa halvempi.<\/p><p><strong>\u00a0<\/strong><\/p><p><strong>Viallinen tavara <\/strong><\/p><p>Verkkokauppa on vastuussa ostajalle myydyn tavaran sopimusehtojen vastaisuudesta tai puutteista, jotka olivat olemassa jo luovutushetkell\u00e4 ja ilmenev\u00e4t kahden vuoden kuluessa tavaran luovuttamisesta ostajalle. Ostajalla on oikeus puutteen ilmetty\u00e4 ottaa kahden kuukauden kuluessa yhteytt\u00e4 verkkokauppaan s\u00e4hk\u00f6postiosoitteella info@dreamfiregrill.com tai puhelinnumerolla +372 56\u00a0906\u00a0996.<\/p><p>Verkkokauppa ei vastaa puutteista, jotka aiheutuvat tavaran ostajalle luovuttamisen j\u00e4lkeen.<\/p><p>Mik\u00e4li verkkokaupasta ostetussa tavarassa on puutteita, joista verkkokauppa on vastuussa, verkkokauppa korjaa tai vaihtaa puutteellisen tavaran. Mik\u00e4li tavaraa ei ole mahdollista korjata eik\u00e4 vaihtaa, verkkokauppa palauttaa ostajalle kaikki myyntisopimukseen liittyv\u00e4t maksut.<\/p><p>Verkkokauppa vastaa ostajan valitukseen kirjallisessa muodossa 15 p\u00e4iv\u00e4n kuluessa.<\/p><p><strong>Suoramarkkinointi ja henkil\u00f6tietojen k\u00e4sitteleminen.<\/strong><\/p><p>Verkkokauppa k\u00e4ytt\u00e4\u00e4 ostajan antamia henkil\u00f6tietoja (ml. nimi, puhelinnumero, osoite, s\u00e4hk\u00f6postiosoite ja pankkiyhteystiedot) vain tilauksen k\u00e4sittelyyn ja tavaran l\u00e4hett\u00e4miseen ostajalle. Verkkokauppa toimittaa henkil\u00f6tiedot kuljetuspalvelun tarjoajalle tavaran perille toimittamiseen.<\/p><p>Verkkokauppa l\u00e4hett\u00e4\u00e4 uutiskirjeit\u00e4 ja tarjouksia ostajan s\u00e4hk\u00f6postiosoitteeseen vain siin\u00e4 tapauksessa, ett\u00e4 ostaja on ilmaissut tahtonsa niit\u00e4 saada kirjoittamalla s\u00e4hk\u00f6postiosoitteensa ja ilmoittanut halunsa saada markkinointiaineistoja.<\/p><p>Ostajalla on koska tahansa mahdollisuus luopua h\u00e4nen s\u00e4hk\u00f6postiosoitteeseensa l\u00e4hetett\u00e4vist\u00e4 tarjouksista ja uutiskirjeist\u00e4 ilmoittamalla siit\u00e4 meille s\u00e4hk\u00f6postitse tai noudattamalla uutiskirjeess\u00e4 olevia ohjeita.<\/p><p><strong>Kiistojen ratkaiseminen<\/strong><\/p><p>Kaikki ostajan valitukset verkkokaupalle tulee esitt\u00e4\u00e4 kirjallisesti s\u00e4hk\u00f6postiosoitteeseen <a href=\"mailto:info@dreamfiregrill.com\">info@dreamfiregrill.com<\/a> tai puhelimitse numeroon +372 56\u00a0906\u00a0996.<\/p><p>Mik\u00e4li ostaja ja verkkokauppa eiv\u00e4t l\u00f6yd\u00e4 valitukseen ratkaisua sopien, ostajalla on oikeus ottaa yhteytt\u00e4 kuluttajansuojaviranomaiseen Tarbijakaitse. Se toimivaltaan kuuluu ostajan ja verkkokaupan v\u00e4lisest\u00e4 sopimuksesta seuraavat riidat. Tarbijakaitsessa asian k\u00e4sittely on ostajalle maksutonta.<\/p><p>Kiistojen ratkaisemiseksi ostaja voi ottaa yhteytt\u00e4 my\u00f6s Euroopan unionin j\u00e4rjest\u00f6ihin.<\/p><p>\u00a0<\/p>\t\t\t\t\t\t\t\t<\/div>\n\t\t\t\t<\/div>\n\t\t\t\t\t<\/div>\n\t\t<\/div>\n\t\t\t\t\t<\/div>\n\t\t<\/section>\n\t\t\t\t<\/div>\n\t\t","protected":false},"excerpt":{"rendered":"<p>DREAMFIREGRILL.COM-verkkokaupan (jatkossa nimell\u00e4 verkkokauppa) omistaja on Arras O\u00dc (rekisterikoodi 10553332), kotipaikka Valli tee 17, Vaela k\u00fcla, 75413 Kiili vald, Harju maakond Myyntisopimus, tuotteet ja hinnat. Myyntiehdot koskevat tavaran ostamista verkkokaupasta. Verkkokaupassa myyt\u00e4vien tuotteiden hinnat ovat kuvattuina tuotteiden ohessa, l\u00e4hetyskustannus lis\u00e4t\u00e4\u00e4n ostoskorissa. L\u00e4hetyskustannus riippuu toimitusosoitteesta ja -tavasta. Ostoskorissa kuvataan mahdolliset toimitustavat ja hinnat, joiden perusteella voit [&hellip;]<\/p>\n","protected":false},"author":2,"featured_media":0,"parent":0,"menu_order":0,"comment_status":"closed","ping_status":"closed","template":"elementor_header_footer","meta":{"footnotes":""},"class_list":["post-11142","page","type-page","status-publish","hentry"],"blocksy_meta":{"styles_descriptor":{"styles":{"desktop":"","tablet":"","mobile":""},"google_fonts":[],"version":6}},"_links":{"self":[{"href":"https:\/\/dreamfiregrill.com\/fi\/wp-json\/wp\/v2\/pages\/11142","targetHints":{"allow":["GET"]}}],"collection":[{"href":"https:\/\/dreamfiregrill.com\/fi\/wp-json\/wp\/v2\/pages"}],"about":[{"href":"https:\/\/dreamfiregrill.com\/fi\/wp-json\/wp\/v2\/types\/page"}],"author":[{"embeddable":true,"href":"https:\/\/dreamfiregrill.com\/fi\/wp-json\/wp\/v2\/users\/2"}],"replies":[{"embeddable":true,"href":"https:\/\/dreamfiregrill.com\/fi\/wp-json\/wp\/v2\/comments?post=11142"}],"version-history":[{"count":9,"href":"https:\/\/dreamfiregrill.com\/fi\/wp-json\/wp\/v2\/pages\/11142\/revisions"}],"predecessor-version":[{"id":15376,"href":"https:\/\/dreamfiregrill.com\/fi\/wp-json\/wp\/v2\/pages\/11142\/revisions\/15376"}],"wp:attachment":[{"href":"https:\/\/dreamfiregrill.com\/fi\/wp-json\/wp\/v2\/media?parent=11142"}],"curies":[{"name":"wp","href":"https:\/\/api.w.org\/{rel}","templated":true}]}}