{"id":16216,"date":"2026-04-29T16:20:39","date_gmt":"2026-04-29T13:20:39","guid":{"rendered":"https:\/\/dreamfiregrill.com\/takuuehdot\/"},"modified":"2026-05-06T13:38:52","modified_gmt":"2026-05-06T10:38:52","slug":"takuuehdot","status":"publish","type":"page","link":"https:\/\/dreamfiregrill.com\/fi\/takuuehdot\/","title":{"rendered":"Takuuehdot"},"content":{"rendered":"\t\t<div data-elementor-type=\"wp-page\" data-elementor-id=\"16216\" class=\"elementor elementor-16216 elementor-16210\" data-elementor-post-type=\"page\">\n\t\t\t\t\t\t<section class=\"elementor-section elementor-top-section elementor-element elementor-element-bedb64a elementor-section-boxed elementor-section-height-default elementor-section-height-default\" data-id=\"bedb64a\" data-element_type=\"section\" data-e-type=\"section\">\n\t\t\t\t\t\t<div class=\"elementor-container elementor-column-gap-default\">\n\t\t\t\t\t<div class=\"elementor-column elementor-col-100 elementor-top-column elementor-element elementor-element-a9fc10e\" data-id=\"a9fc10e\" data-element_type=\"column\" data-e-type=\"column\">\n\t\t\t<div class=\"elementor-widget-wrap elementor-element-populated\">\n\t\t\t\t\t\t<div class=\"elementor-element elementor-element-5b9909c elementor-widget elementor-widget-text-editor\" data-id=\"5b9909c\" data-element_type=\"widget\" data-e-type=\"widget\" data-widget_type=\"text-editor.default\">\n\t\t\t\t<div class=\"elementor-widget-container\">\n\t\t\t\t\t\t\t\t\t<p>Haluamme, ett\u00e4 Dreamfire Kamado -grillisi kest\u00e4\u00e4 vuosia.<br data-start=\"56\" data-end=\"59\" \/>Alta l\u00f6yd\u00e4t selke\u00e4n yhteenvedon siit\u00e4, miten takuumme toimii ja mit\u00e4 se kattaa.<\/p>\n\t\t\t\t\t\t\t\t<\/div>\n\t\t\t\t<\/div>\n\t\t\t\t\t<\/div>\n\t\t<\/div>\n\t\t\t\t\t<\/div>\n\t\t<\/section>\n\t\t\t\t<section class=\"elementor-section elementor-top-section elementor-element elementor-element-bdc4cc7 elementor-section-boxed elementor-section-height-default elementor-section-height-default\" data-id=\"bdc4cc7\" data-element_type=\"section\" data-e-type=\"section\">\n\t\t\t\t\t\t<div class=\"elementor-container elementor-column-gap-default\">\n\t\t\t\t\t<div class=\"elementor-column elementor-col-100 elementor-top-column elementor-element elementor-element-65c58fa\" data-id=\"65c58fa\" data-element_type=\"column\" data-e-type=\"column\">\n\t\t\t<div class=\"elementor-widget-wrap elementor-element-populated\">\n\t\t\t\t\t\t<div class=\"elementor-element elementor-element-661033a elementor-widget elementor-widget-heading\" data-id=\"661033a\" data-element_type=\"widget\" data-e-type=\"widget\" data-widget_type=\"heading.default\">\n\t\t\t\t<div class=\"elementor-widget-container\">\n\t\t\t\t\t<h2 class=\"elementor-heading-title elementor-size-default\">Takuun yhteenveto<\/h2>\t\t\t\t<\/div>\n\t\t\t\t<\/div>\n\t\t\t\t<div class=\"elementor-element elementor-element-cc31fae elementor-widget elementor-widget-text-editor\" data-id=\"cc31fae\" data-element_type=\"widget\" data-e-type=\"widget\" data-widget_type=\"text-editor.default\">\n\t\t\t\t<div class=\"elementor-widget-container\">\n\t\t\t\t\t\t\t\t\t<ul>\n<li>Takuu koskee vain yksityisasiakkaita ja alkuper\u00e4ist\u00e4 ostajaa<\/li>\n<li>Takuun aktivoimiseksi tuote tulee rekister\u00f6id\u00e4 30 p\u00e4iv\u00e4n kuluessa osoitteessa <a href=\"https:\/\/dreamfiregrill.com\/fi\/rekisteroi-dreamfire-grillisi\/\">https:\/\/dreamfiregrill.com\/fi\/rekisteroi-dreamfire-grillisi\/<\/a><\/li>\n<li>Keraaminen runko: rajoitettu elinik\u00e4inen takuu<\/li>\n<li>Muut osat: 2 vuotta (tulipes\u00e4, deflektorilevyt), 1 vuosi (l\u00e4mp\u00f6mittari, tiiviste, puuosat), 180 p\u00e4iv\u00e4\u00e4 (metalliosat)<\/li>\n<li>Takuu kattaa valmistus- ja materiaalivirheet normaalissa k\u00e4yt\u00f6ss\u00e4<\/li>\n<li>Takuu ei kata kulumista, v\u00e4\u00e4rink\u00e4ytt\u00f6\u00e4, s\u00e4\u00e4olosuhteiden aiheuttamia vaurioita eik\u00e4 ruostetta<\/li>\n<li>Takuu ei ole voimassa, jos tuote on ostettu valtuuttamattomalta j\u00e4lleenmyyj\u00e4lt\u00e4<\/li>\n<li>Takuuvaatimuksen tekemiseen tarvitaan ostotodistus ja mahdollisuuksien mukaan kuvat viasta<\/li>\n<\/ul>\n\t\t\t\t\t\t\t\t<\/div>\n\t\t\t\t<\/div>\n\t\t\t\t\t<\/div>\n\t\t<\/div>\n\t\t\t\t\t<\/div>\n\t\t<\/section>\n\t\t\t\t<section class=\"elementor-section elementor-top-section elementor-element elementor-element-b032b95 elementor-section-boxed elementor-section-height-default elementor-section-height-default\" data-id=\"b032b95\" data-element_type=\"section\" data-e-type=\"section\">\n\t\t\t\t\t\t<div class=\"elementor-container elementor-column-gap-default\">\n\t\t\t\t\t<div class=\"elementor-column elementor-col-100 elementor-top-column elementor-element elementor-element-8723b38\" data-id=\"8723b38\" data-element_type=\"column\" data-e-type=\"column\">\n\t\t\t<div class=\"elementor-widget-wrap elementor-element-populated\">\n\t\t\t\t\t\t<div class=\"elementor-element elementor-element-9fce3fd elementor-widget elementor-widget-spacer\" data-id=\"9fce3fd\" data-element_type=\"widget\" data-e-type=\"widget\" data-widget_type=\"spacer.default\">\n\t\t\t\t<div class=\"elementor-widget-container\">\n\t\t\t\t\t\t\t<div class=\"elementor-spacer\">\n\t\t\t<div class=\"elementor-spacer-inner\"><\/div>\n\t\t<\/div>\n\t\t\t\t\t\t<\/div>\n\t\t\t\t<\/div>\n\t\t\t\t<div class=\"elementor-element elementor-element-f8f6794 elementor-widget elementor-widget-heading\" data-id=\"f8f6794\" data-element_type=\"widget\" data-e-type=\"widget\" data-widget_type=\"heading.default\">\n\t\t\t\t<div class=\"elementor-widget-container\">\n\t\t\t\t\t<h2 class=\"elementor-heading-title elementor-size-default\">Takuuehdot (yksityiskohtaisesti)<\/h2>\t\t\t\t<\/div>\n\t\t\t\t<\/div>\n\t\t\t\t<div class=\"elementor-element elementor-element-7196231 elementor-widget elementor-widget-text-editor\" data-id=\"7196231\" data-element_type=\"widget\" data-e-type=\"widget\" data-widget_type=\"text-editor.default\">\n\t\t\t\t<div class=\"elementor-widget-container\">\n\t\t\t\t\t\t\t\t\t<h3 data-section-id=\"p9sacb\" data-start=\"79\" data-end=\"98\">Takuun kattavuus<\/h3>\n<p><\/p>\n<p data-start=\"100\" data-end=\"476\">Dreamfire Kamado -grilleill\u00e4 on rajoitettu takuu seuraavin ehdoin. Dreamfire takaa, ett\u00e4 sen keraamisissa grilleiss\u00e4 ja savustimissa ei ole materiaali- tai valmistusvirheit\u00e4, kun niit\u00e4 k\u00e4ytet\u00e4\u00e4n k\u00e4ytt\u00f6tarkoituksen mukaisesti, normaaleissa olosuhteissa ja asianmukaisesti huollettuina. Takuu koskee vain yksityisasiakkaita ja alkuper\u00e4ist\u00e4 ostajaa eik\u00e4 kata kaupallista k\u00e4ytt\u00f6\u00e4.<\/p>\n<p><\/p>\n<p data-start=\"478\" data-end=\"754\">Takuu kattaa valmistus- ja materiaalivirheet, jotka ilmenev\u00e4t normaalissa k\u00e4yt\u00f6ss\u00e4. Dreamfire korjaa tai vaihtaa vialliset osat oman harkintansa mukaan. Takuu ei kata kuljetus-, ty\u00f6-, pakkaus- tai muita vastaavia kustannuksia, ellei Dreamfire ole kirjallisesti toisin sopinut.<\/p>\n<p><\/p>\n<hr data-start=\"756\" data-end=\"759\" \/>\n<h3 data-section-id=\"16g2rep\" data-start=\"761\" data-end=\"781\">Takuun aktivointi<\/h3>\n<p><\/p>\n<p data-start=\"783\" data-end=\"1050\">Takuu tulee voimaan, kun rekister\u00f6it Kamado-grillisi 30 p\u00e4iv\u00e4n kuluessa ostop\u00e4iv\u00e4st\u00e4 osoitteessa <a href=\"https:\/\/dreamfiregrill.com\/fi\/rekisteroi-dreamfire-grillisi\/\">https:\/\/dreamfiregrill.com\/fi\/rekisteroi-dreamfire-grillisi\/<\/a>\u00a0ja lataat kuvan tai kopion ostokuitista. Jos lataaminen ei ole mahdollista, alkuper\u00e4inen kuitti tulee s\u00e4ilytt\u00e4\u00e4.<\/p>\n<p><\/p>\n<hr data-start=\"1052\" data-end=\"1055\" \/>\n<h3 data-section-id=\"xs2861\" data-start=\"1057\" data-end=\"1069\">Takuuaika<\/h3>\n<p><\/p>\n<p data-start=\"1071\" data-end=\"1343\">Takuun kattavuus on seuraava: keraamisella rungolla on rajoitettu elinik\u00e4inen takuu; keraamisella tulipes\u00e4ll\u00e4 ja deflektorilevyill\u00e4 on kahden vuoden takuu; kupul\u00e4mp\u00f6mittarilla, tiivisteell\u00e4 ja puuosilla on yhden vuoden takuu; ja kaikilla metalliosilla on 180 p\u00e4iv\u00e4n takuu.<\/p>\n<p><\/p>\n<hr data-start=\"1345\" data-end=\"1348\" \/>\n<h3 data-section-id=\"g8d8zg\" data-start=\"1350\" data-end=\"1371\">Mit\u00e4 takuu ei kata<\/h3>\n<p><\/p>\n<p data-start=\"1373\" data-end=\"1759\">Takuu ei kata normaalia kulumista (kuten naarmuja, kolhuja tai kosmeettisia muutoksia), jotka eiv\u00e4t vaikuta tuotteen toimintaan. Takuu ei my\u00f6sk\u00e4\u00e4n kata vahinkoja, jotka johtuvat v\u00e4\u00e4rink\u00e4yt\u00f6st\u00e4, virheellisest\u00e4 k\u00e4yt\u00f6st\u00e4, v\u00e4\u00e4r\u00e4st\u00e4 kokoamisesta, huollosta tai asennuksesta, virheellisest\u00e4 s\u00e4ilytyksest\u00e4, luonnonilmi\u00f6ist\u00e4, kuljetusvaurioista tai luvattomista muutoksista tai lis\u00e4varusteista.<\/p>\n<p><\/p>\n<p data-start=\"1761\" data-end=\"2087\">Takuu ei ole voimassa, jos tuote on vaurioitunut liiallisen kosteuden, sopimattomien ymp\u00e4rist\u00f6olosuhteiden vuoksi tai jos grilli on sijoitettu syttyv\u00e4lle pinnalle. Takuu ei my\u00f6sk\u00e4\u00e4n kata tilanteita, joissa on k\u00e4ytetty sopimattomia polttoaineita tai nesteit\u00e4 (kuten sytytysnestett\u00e4, kemikaaleja tai muita sopimattomia aineita).<\/p>\n<p><\/p>\n<p data-start=\"2089\" data-end=\"2384\">Puuosien s\u00e4\u00e4n aiheuttamat vauriot (kuten halkeamat, haalistuminen tai home) eiv\u00e4t kuulu takuun piiriin. Metalliosien hapettuminen, ruostuminen tai v\u00e4rimuutokset eiv\u00e4t my\u00f6sk\u00e4\u00e4n kuulu takuun piiriin. Pienet kosmeettiset virheet, jotka eiv\u00e4t vaikuta tuotteen toimintaan, eiv\u00e4t kuulu takuun piiriin.<\/p>\n<p><\/p>\n<hr data-start=\"2386\" data-end=\"2389\" \/>\n<h3 data-section-id=\"vzh6bm\" data-start=\"2391\" data-end=\"2412\">Takuun rajoitukset<\/h3>\n<p><\/p>\n<p data-start=\"2414\" data-end=\"2724\">Takuu raukeaa, jos k\u00e4ytt\u00e4j\u00e4 ei ilmoita myyj\u00e4lle viasta v\u00e4litt\u00f6m\u00e4sti sen havaitsemisen j\u00e4lkeen ja jatkaa tuotteen k\u00e4ytt\u00f6\u00e4. Takuu ei my\u00f6sk\u00e4\u00e4n ole voimassa tuotteille, jotka on ostettu valtuuttamattomilta j\u00e4lleenmyyjilt\u00e4 tai kolmansilta osapuolilta. Takuu koskee vain alkuper\u00e4ist\u00e4 ostajaa eik\u00e4 ole siirrett\u00e4viss\u00e4.<\/p>\n<p><\/p>\n<p data-start=\"2726\" data-end=\"3117\">Dreamfire ei vastaa ep\u00e4suorista, satunnaisista tai v\u00e4lillisist\u00e4 vahingoista, mukaan lukien k\u00e4yt\u00f6n keskeytymisest\u00e4 tai haitasta aiheutuvat vahingot. Dreamfire ei my\u00f6sk\u00e4\u00e4n vastaa viiv\u00e4styksist\u00e4, jotka johtuvat sen vaikutusmahdollisuuksien ulkopuolisista tekij\u00f6ist\u00e4, kuten ylivoimaisesta esteest\u00e4, sodasta, viranomaisrajoituksista, lakoista, tulipalosta, tulvista tai toimitusketjun h\u00e4iri\u00f6ist\u00e4.<\/p>\n<p><\/p>\n<hr data-start=\"3119\" data-end=\"3122\" \/>\n<h3 data-section-id=\"1l3ld4x\" data-start=\"3124\" data-end=\"3143\">Takuuvaatimukset<\/h3>\n<p><\/p>\n<p data-start=\"3145\" data-end=\"3299\">Ostohetkell\u00e4 havaitut viat tulee merkit\u00e4 ostotositteeseen. Takuuvaatimusta teht\u00e4ess\u00e4 tulee esitt\u00e4\u00e4 ostotodistus sek\u00e4 mahdollisuuksien mukaan kuvat viasta.<\/p>\n<p><\/p>\n<p data-start=\"3301\" data-end=\"3546\">Takuuasioissa ota yhteytt\u00e4 paikalliseen j\u00e4lleenmyyj\u00e4\u00e4n tai siihen j\u00e4lleenmyyj\u00e4\u00e4n, jolta tuote on ostettu. Ennen yhteydenottoa varmista, ett\u00e4 sinulla on valmiina seuraavat tiedot: mallin nimi, v\u00e4ri, ostotodistus, ostop\u00e4iv\u00e4 sek\u00e4 kuvaus ongelmasta.<\/p>\n\t\t\t\t\t\t\t\t<\/div>\n\t\t\t\t<\/div>\n\t\t\t\t\t<\/div>\n\t\t<\/div>\n\t\t\t\t\t<\/div>\n\t\t<\/section>\n\t\t\t\t<\/div>\n\t\t","protected":false},"excerpt":{"rendered":"<p>Haluamme, ett\u00e4 Dreamfire Kamado -grillisi kest\u00e4\u00e4 vuosia.Alta l\u00f6yd\u00e4t selke\u00e4n yhteenvedon siit\u00e4, miten takuumme toimii ja mit\u00e4 se kattaa. Takuun yhteenveto Takuu koskee vain yksityisasiakkaita ja alkuper\u00e4ist\u00e4 ostajaa Takuun aktivoimiseksi tuote tulee rekister\u00f6id\u00e4 30 p\u00e4iv\u00e4n kuluessa osoitteessa https:\/\/dreamfiregrill.com\/fi\/rekisteroi-dreamfire-grillisi\/ Keraaminen runko: rajoitettu elinik\u00e4inen takuu Muut osat: 2 vuotta (tulipes\u00e4, deflektorilevyt), 1 vuosi (l\u00e4mp\u00f6mittari, tiiviste, puuosat), 180 p\u00e4iv\u00e4\u00e4 [&hellip;]<\/p>\n","protected":false},"author":51,"featured_media":0,"parent":0,"menu_order":0,"comment_status":"closed","ping_status":"closed","template":"","meta":{"footnotes":""},"class_list":["post-16216","page","type-page","status-publish","hentry"],"blocksy_meta":[],"_links":{"self":[{"href":"https:\/\/dreamfiregrill.com\/fi\/wp-json\/wp\/v2\/pages\/16216","targetHints":{"allow":["GET"]}}],"collection":[{"href":"https:\/\/dreamfiregrill.com\/fi\/wp-json\/wp\/v2\/pages"}],"about":[{"href":"https:\/\/dreamfiregrill.com\/fi\/wp-json\/wp\/v2\/types\/page"}],"author":[{"embeddable":true,"href":"https:\/\/dreamfiregrill.com\/fi\/wp-json\/wp\/v2\/users\/51"}],"replies":[{"embeddable":true,"href":"https:\/\/dreamfiregrill.com\/fi\/wp-json\/wp\/v2\/comments?post=16216"}],"version-history":[{"count":3,"href":"https:\/\/dreamfiregrill.com\/fi\/wp-json\/wp\/v2\/pages\/16216\/revisions"}],"predecessor-version":[{"id":16272,"href":"https:\/\/dreamfiregrill.com\/fi\/wp-json\/wp\/v2\/pages\/16216\/revisions\/16272"}],"wp:attachment":[{"href":"https:\/\/dreamfiregrill.com\/fi\/wp-json\/wp\/v2\/media?parent=16216"}],"curies":[{"name":"wp","href":"https:\/\/api.w.org\/{rel}","templated":true}]}}