{"id":10077,"date":"2021-04-21T09:32:32","date_gmt":"2022-05-20T10:55:03","guid":{"rendered":"https:\/\/dreamfiregrill.com\/product\/dreamfire-kamado-smokey-ii\/"},"modified":"2023-11-15T11:30:23","modified_gmt":"2023-11-15T09:30:23","slug":"dreamfire-kamado-smokey-ii","status":"publish","type":"product","link":"https:\/\/dreamfiregrill.com\/fi\/tuote\/dreamfire-kamado-smokey-ii\/","title":{"rendered":"Dreamfire\u00ae Kamado Smokey II"},"content":{"rendered":"<p><strong><span class=\"NormalTextRun SCXW81443294 BCX0\">Dreamfire<\/span> <span class=\"NormalTextRun SCXW81443294 BCX0\">Kamado<\/span> <span class=\"NormalTextRun SCXW81443294 BCX0\">Smokey<\/span><\/strong><span class=\"NormalTextRun SCXW81443294 BCX0\"><strong> II<\/strong> on ainutlaatuinen huippuluokan <\/span><span class=\"NormalTextRun SCXW81443294 BCX0\">kamado<\/span><span class=\"NormalTextRun SCXW81443294 BCX0\">, jolla on seuraavat ominaisuudet ja lis\u00e4varusteet:<\/span><\/p>\n<p><span class=\"TextRun SCXW17359502 BCX0\" lang=\"FI-FI\" xml:lang=\"FI-FI\" data-contrast=\"auto\"><span class=\"NormalTextRun SCXW17359502 BCX0\"><strong>Uusi p\u00e4ivitetty Lux Pro grillausj\u00e4rjestelm\u00e4<\/strong> &#8211; Kolme tasoa, 6 <\/span><span class=\"NormalTextRun SCXW17359502 BCX0\">heavy-<\/span><span class=\"SpellingError SCXW17359502 BCX0\">duty<\/span><span class=\"NormalTextRun SCXW17359502 BCX0\"> puoliympyr\u00e4n muotoista ruostumatonta ter\u00e4sritil\u00e4\u00e4, kaksi keraamista puoliympyr\u00e4n muotoista <\/span><span class=\"SpellingError SCXW17359502 BCX0\">deflektoria<\/span><span class=\"NormalTextRun SCXW17359502 BCX0\"> ja mukavat kahvat koko j\u00e4rjestelm\u00e4n nostamiseen &#8211; t\u00e4m\u00e4 tekee <\/span><span class=\"SpellingError SCXW17359502 BCX0\">Dreamfire<\/span> <span class=\"SpellingError SCXW17359502 BCX0\">Kamado<\/span> <span class=\"SpellingError SCXW17359502 BCX0\">Smokey<\/span><span class=\"NormalTextRun SCXW17359502 BCX0\"> II:sta eritt\u00e4in joustavan grillin, jossa voit k\u00e4ytt\u00e4\u00e4 ritil\u00f6it\u00e4 ja <\/span><span class=\"SpellingError SCXW17359502 BCX0\">deflektoreita<\/span><span class=\"NormalTextRun SCXW17359502 BCX0\"> kymmeniss\u00e4 eri kokoonpanoissa.<\/span><\/span><span class=\"EOP SCXW17359502 BCX0\" data-ccp-props=\"{&quot;201341983&quot;:0,&quot;335559731&quot;:720,&quot;335559739&quot;:160,&quot;335559740&quot;:259}\">\u00a0<\/span><\/p>\n<p><span class=\"TextRun SCXW247267774 BCX0\" lang=\"FI-FI\" xml:lang=\"FI-FI\" data-contrast=\"auto\"><strong><span class=\"NormalTextRun SCXW247267774 BCX0\">Uusi <\/span><span class=\"SpellingError SCXW247267774 BCX0\">FeatherTouch<\/span><\/strong><span class=\"NormalTextRun SCXW247267774 BCX0\"><strong> -sarjan saranat<\/strong> &#8211; mullistava uusi sarana, joka tekee kannen avaamisesta sulavan ja kevyen.<\/span><\/span><span class=\"EOP SCXW247267774 BCX0\" data-ccp-props=\"{&quot;201341983&quot;:0,&quot;335559731&quot;:720,&quot;335559739&quot;:160,&quot;335559740&quot;:259}\">\u00a0<\/span><\/p>\n<p><span class=\"TextRun SCXW8550751 BCX0\" lang=\"FI-FI\" xml:lang=\"FI-FI\" data-contrast=\"auto\"><span class=\"NormalTextRun SCXW8550751 BCX0\"><strong>Ruostumattomasta ter\u00e4ksest\u00e4 valmistettu hiilikori<\/strong> &#8211; <\/span><span class=\"SpellingError SCXW8550751 BCX0\">Dreamfire<\/span> <span class=\"SpellingError SCXW8550751 BCX0\">Kamado<\/span> <span class=\"SpellingError SCXW8550751 BCX0\">Smokey<\/span><span class=\"NormalTextRun SCXW8550751 BCX0\"> II:ssa on mukana helppok\u00e4ytt\u00f6inen hiilikori, joka mahdollistaa ylim\u00e4\u00e4r\u00e4isen tuhkan poiston hiilien v\u00e4lill\u00e4 ja varmistaa t\u00e4ydellisen ilmavirran hiilille. Ennen <\/span><span class=\"SpellingError SCXW8550751 BCX0\">kamadon<\/span><span class=\"NormalTextRun SCXW8550751 BCX0\"> k\u00e4ytt\u00f6\u00e4 poista hiilikori grillist\u00e4, kopauta tuhka ja pienet hiilenpalat pois ja aseta kori takaisin tulipes\u00e4\u00e4n. Hiilikorin avulla ei koskaan tule ongelmia, ett\u00e4 ritil\u00e4 olisi tuhkapatinan alla, est\u00e4en tehokasta pala<\/span><span class=\"NormalTextRun SCXW8550751 BCX0\">a<\/span><span class=\"NormalTextRun SCXW8550751 BCX0\">mista.<\/span><\/span><span class=\"EOP SCXW8550751 BCX0\" data-ccp-props=\"{&quot;201341983&quot;:0,&quot;335559731&quot;:720,&quot;335559739&quot;:160,&quot;335559740&quot;:259}\">\u00a0<\/span><\/p>\n<p><span class=\"TextRun SCXW74031281 BCX0\" lang=\"FI-FI\" xml:lang=\"FI-FI\" data-contrast=\"auto\"><span class=\"NormalTextRun SCXW74031281 BCX0\"><strong>Savustuslastujen ja -palojen lis\u00e4ysaukko rungossa<\/strong> &#8211; Voit lis\u00e4t\u00e4 savustuslastuja\/lastuja\/pellettej\u00e4 k\u00e4tev\u00e4sti <\/span><span class=\"SpellingError SCXW74031281 BCX0\">Dreamfire<\/span> <span class=\"SpellingError SCXW74031281 BCX0\">Kamado<\/span> <span class=\"SpellingError SCXW74031281 BCX0\">Smokey<\/span><span class=\"NormalTextRun SCXW74031281 BCX0\"> II:n rungon erityisen aukon <\/span><span class=\"NormalTextRun SCXW74031281 BCX0\">kautta. Et en\u00e4\u00e4 tarvitse avata grillin kantta ja poistaa koko ritil\u00e4j\u00e4rjestelm\u00e4\u00e4 savustuslastujen lis\u00e4\u00e4miseksi. T\u00e4m\u00e4n ansiosta kosteus, savu ja tietysti l\u00e4mp\u00f6 pysyv\u00e4t grilliss\u00e4 eiv\u00e4tk\u00e4 mene hukkaan.<\/span><\/span><span class=\"EOP SCXW74031281 BCX0\" data-ccp-props=\"{&quot;201341983&quot;:0,&quot;335559731&quot;:720,&quot;335559739&quot;:160,&quot;335559740&quot;:259}\">\u00a0<\/span><\/p>\n<p><span data-contrast=\"auto\"><strong>Dreamfire Meatspotter 100 Bluetooth -l\u00e4mp\u00f6mittari<\/strong> &#8211; Meid\u00e4n Bluetooth -l\u00e4mp\u00f6mittarimme Meatspotter 100 tarjoaa grillaajalle mielenrauhaa ja mahdollisuuden hoitaa muita asioita samalla, kun Smokey II valmistaa seuraavaa herkullista ruokaa. Kun joko grillin l\u00e4mp\u00f6tila tai ruoan sis\u00e4l\u00e4mp\u00f6tila saavuttaa asetetun asteen, Meatspotterin sovellus puhelimessa ilmoittaa siit\u00e4. Voit seurata tapahtumia puhelimesta poissa ollessasi ja n\u00e4et l\u00e4mp\u00f6tilat suurelta taustavalaistulta n\u00e4yt\u00f6lt\u00e4 grillin vierell\u00e4.<\/span><span data-ccp-props=\"{&quot;201341983&quot;:0,&quot;335559731&quot;:720,&quot;335559739&quot;:160,&quot;335559740&quot;:259}\">\u00a0<\/span><\/p>\n<p><span data-contrast=\"auto\"><strong>Moniosainen keraaminen tulentekopaikka<\/strong> &#8211; Dreamfire Kamado Smokey II:ssa on ainutlaatuinen moniosainen tulentekopaikka. Moniosainen tulentekopaikka kest\u00e4\u00e4 suuria l\u00e4mp\u00f6tilanvaihteluita, joten et en\u00e4\u00e4 koskaan tarvitse huolehtia sis\u00e4isen keramiikan rikkoutumisesta kuten tavallisten kamadojen tulentekopaikoissa. Metallirakenne helpottaa tulentekopaikan nostamista pois grillist\u00e4, kun grilli on siirrett\u00e4v\u00e4 tai perusteellista puhdistusta varten.<\/span><span data-ccp-props=\"{&quot;201341983&quot;:0,&quot;335559731&quot;:720,&quot;335559739&quot;:160,&quot;335559740&quot;:259}\">\u00a0<\/span><\/p>\n<p><span data-contrast=\"auto\"><strong>Sadesuoja<\/strong> &#8211; Dreamfire Kamado Smokey II:n pakettiin sis\u00e4ltyy laadukas sadesuoja, joka pit\u00e4\u00e4 grillin puhtaana ja suojattuna UV-s\u00e4teilylt\u00e4, sateelta, lumelta ja (siite)p\u00f6lylt\u00e4.<\/span><span data-ccp-props=\"{&quot;201341983&quot;:0,&quot;335559731&quot;:720,&quot;335559739&quot;:160,&quot;335559740&quot;:259}\">\u00a0<\/span><\/p>\n<p><span data-contrast=\"auto\"><strong>Savustuslastujen lis\u00e4ysv\u00e4line ja tuhkakaavin<\/strong> &#8211; Pakkaus sis\u00e4lt\u00e4\u00e4 metallisen erityisen tuhkakaavin tuhkan poistamiseen ja erityisv\u00e4lineen savustuslastujen lis\u00e4\u00e4miseen rungon aukkoon.<\/span><span data-ccp-props=\"{&quot;201341983&quot;:0,&quot;335559731&quot;:720,&quot;335559739&quot;:160,&quot;335559740&quot;:259}\">\u00a0<\/span><\/p>\n<p><span data-contrast=\"auto\"><strong>Ruostumattomat osat<\/strong> &#8211; Smokey II:ssa on korkealaatuiset 304-ter\u00e4ksest\u00e4 valmistetut osat, kuten savupeltit, runko, kahva ja metallinauhat. Ruostumattomat osat tarkoittavat, ett\u00e4 sinun ei tarvitse huolehtia, ett\u00e4 kamado ruostuisi muutamassa kuukaudessa.<\/span><span data-ccp-props=\"{&quot;201341983&quot;:0,&quot;335559731&quot;:720,&quot;335559739&quot;:160,&quot;335559740&quot;:259}\">\u00a0<\/span><\/p>\n<p><span data-contrast=\"auto\"><strong>Ruostumattomasta ter\u00e4ksest\u00e4 valmistettu runko ja eritt\u00e4in kest\u00e4v\u00e4t py\u00f6r\u00e4t<\/strong> &#8211; Dreamfire Kamado Smokey II:n pakkaukseen sis\u00e4ltyy vahva ruostumattomasta ter\u00e4ksest\u00e4 valmistettu runko, jossa on laadukkaat py\u00f6r\u00e4t. T\u00e4m\u00e4n ansiosta kamado on tyylik\u00e4s kotona ja sit\u00e4 on helppo liikuttaa.<\/span><span data-ccp-props=\"{&quot;201341983&quot;:0,&quot;335559731&quot;:720,&quot;335559739&quot;:160,&quot;335559740&quot;:259}\">\u00a0<\/span><\/p>\n<p><span data-contrast=\"auto\"><strong>Eritt\u00e4in paksu ja tiivis keraamiikka<\/strong> &#8211; Dreamfire Kamado Smokey II:n keraaminen runko on valmistettu erityisen paksusta ja tihe\u00e4st\u00e4 keraamisesta materiaalista, mik\u00e4 tekee Smokey II:sta erityisen kest\u00e4v\u00e4n ja muita kamado-tyypin grillej\u00e4 paremmin l\u00e4mm\u00f6n s\u00e4ilytt\u00e4v\u00e4n. Paksu keraamiikka pit\u00e4\u00e4 my\u00f6s grillin ulkopinnan viile\u00e4mp\u00e4n\u00e4 kuin metalligrillit, mik\u00e4 tekee kamadosta turvallisimman grillityypin.<\/span><span data-ccp-props=\"{&quot;201341983&quot;:0,&quot;335559731&quot;:720,&quot;335559739&quot;:160,&quot;335559740&quot;:259}\">\u00a0<\/span><\/p>\n<p><span data-contrast=\"auto\"><strong>Eritt\u00e4in tehokas tiiviste rungon ja kannen v\u00e4lill\u00e4<\/strong> \u2013 laadukas tiiviste tarkoittaa, ett\u00e4 koko grilliss\u00e4 oleva ilma on hallinnassasi s\u00e4\u00e4t\u00e4m\u00e4ll\u00e4 savupelttej\u00e4. T\u00e4m\u00e4 tekee kypsennyksest\u00e4 helppoa, koska l\u00e4mp\u00f6tila pysyy vakaana. T\u00e4m\u00e4 tarkoittaa my\u00f6s sit\u00e4, ett\u00e4 ruoanlaiton p\u00e4\u00e4tytty\u00e4 j\u00e4ljelle j\u00e4\u00e4nyt hiili sammuu vain muutamassa minuutissa, mik\u00e4 v\u00e4hent\u00e4\u00e4 huomattavasti hiilen kulutusta.<\/span><span data-ccp-props=\"{&quot;201341983&quot;:0,&quot;335559731&quot;:720,&quot;335559739&quot;:160,&quot;335559740&quot;:259}\">\u00a0<\/span><\/p>\n<p><span data-contrast=\"auto\"><strong>Puiset sivutasot ripustuskoukuilla<\/strong> \u2013 Irrotettavat puusivutasot tarjoavat grillille ty\u00f6tilaa, johon voit k\u00e4tev\u00e4sti asettaa tarvikkeita. Koukkuihin voit ripustaa mukavasti pinsetit, lastat, savustuslastujen lis\u00e4ysv\u00e4lineen ja paljon muuta.<\/span><span data-ccp-props=\"{&quot;201341983&quot;:0,&quot;335559731&quot;:720,&quot;335559739&quot;:160,&quot;335559740&quot;:259}\">\u00a0<\/span><\/p>\n<p><span data-contrast=\"auto\"><strong>Helppo koota<\/strong> \u2013 Dreamfire Kamado Smokey II on suurelta osin valmiiksi koottu pakkauksessa, mik\u00e4 tarkoittaa, ett\u00e4 sinun tarvitsee vain koota runko, tulipes\u00e4 ja kiinnitt\u00e4\u00e4 kahva ja sivutasot. Kaikki muu on jo koottu, joten Kamadon kokoaminen kest\u00e4\u00e4 alle 30 minuuttia.<\/span><span data-ccp-props=\"{&quot;201341983&quot;:0,&quot;335559731&quot;:720,&quot;335559739&quot;:160,&quot;335559740&quot;:259}\">\u00a0<\/span><\/p>\n<p><span data-contrast=\"auto\">Dreamfire Kamado Smokey II sopii terasseille ja kotipihoille, ja se on samalla suosituin Kamado-koko. T\u00e4ll\u00e4 grillill\u00e4 voit valmistaa esimerkiksi noin 14-16 porsaan sis\u00e4filett\u00e4 kerrallaan (12-15+ henkil\u00f6lle). Grilliss\u00e4 on tarpeeksi tilaa valmistaa samanaikaisesti lihaa, vihanneksia ja muita lisukkeita. Smokey II sopii erinomaisesti my\u00f6s pienempiin ravintoloihin BBQ-tarjoiluun.<\/span><span data-ccp-props=\"{&quot;201341983&quot;:0,&quot;335559731&quot;:720,&quot;335559739&quot;:160,&quot;335559740&quot;:259}\">\u00a0<\/span><\/p>\n<p><span data-contrast=\"auto\">Rajoitettu elinik\u00e4inen takuu \u2013 Keraamiselle rungolle my\u00f6nnet\u00e4\u00e4n rajoitettu elinik\u00e4inen takuu.<\/span><span data-ccp-props=\"{&quot;201341983&quot;:0,&quot;335559739&quot;:160,&quot;335559740&quot;:259}\">\u00a0<\/span><\/p>\n<p><strong>Tekniset tiedot:\u00a0<\/strong><\/p>\n<ul>\n<li><span data-contrast=\"auto\">V\u00e4ri: Night Sky (Y\u00f6taivas)<\/span><\/li>\n<li>Rungon ulkohalkaisija: 56,5 cm<\/li>\n<li>Rungon sis\u00e4halkaisija: 50 cm<\/li>\n<li>Grillaushalkaisija: 47 cm<\/li>\n<li>Yhden tason paistoala: 1735 cm\u00b2<\/li>\n<li>Kolmen tason yhteinen paistoala LUX PRO -j\u00e4rjestelm\u00e4ll\u00e4: 5205 cm\u00b2<\/li>\n<li>Rajoitettu elinik\u00e4inen takuu<\/li>\n<li>Yksinoikeudellinen sile\u00e4 muotoilu<span data-ccp-props=\"{&quot;201341983&quot;:0,&quot;335559731&quot;:720,&quot;335559739&quot;:160,&quot;335559740&quot;:259}\">\u00a0<\/span><\/li>\n<\/ul>\n","protected":false},"excerpt":{"rendered":"<p>Dreamfire Kamado Smokey II on uudistettu versio suositusta alkuper\u00e4isest\u00e4 Smokey-mallista \u2013 todellista innovatiivisuutta kamadojen maailmassa. Dreamfire Kamado Smokey II on muotoiltu todelliselle grillaamisen harrastajalle, joka arvostaa jokaista pient\u00e4 yksityiskohtaa ja odottaa kamadoltaan sek\u00e4 parhaita materiaaleja ett\u00e4 parasta toimivuutta. Dreamfire Kamado Smokey II ovat grillifanit luoneet toisille grillifaneille.<\/p>\n","protected":false},"featured_media":12687,"template":"","meta":[],"product_brand":[],"product_cat":[90],"product_tag":[],"class_list":{"0":"post-10077","1":"product","2":"type-product","3":"status-publish","4":"has-post-thumbnail","6":"product_cat-grillit","8":"first","9":"instock","10":"taxable","11":"shipping-taxable","12":"purchasable","13":"product-type-simple"},"_links":{"self":[{"href":"https:\/\/dreamfiregrill.com\/fi\/wp-json\/wp\/v2\/product\/10077","targetHints":{"allow":["GET"]}}],"collection":[{"href":"https:\/\/dreamfiregrill.com\/fi\/wp-json\/wp\/v2\/product"}],"about":[{"href":"https:\/\/dreamfiregrill.com\/fi\/wp-json\/wp\/v2\/types\/product"}],"wp:featuredmedia":[{"embeddable":true,"href":"https:\/\/dreamfiregrill.com\/fi\/wp-json\/wp\/v2\/media\/12687"}],"wp:attachment":[{"href":"https:\/\/dreamfiregrill.com\/fi\/wp-json\/wp\/v2\/media?parent=10077"}],"wp:term":[{"taxonomy":"product_brand","embeddable":true,"href":"https:\/\/dreamfiregrill.com\/fi\/wp-json\/wp\/v2\/product_brand?post=10077"},{"taxonomy":"product_cat","embeddable":true,"href":"https:\/\/dreamfiregrill.com\/fi\/wp-json\/wp\/v2\/product_cat?post=10077"},{"taxonomy":"product_tag","embeddable":true,"href":"https:\/\/dreamfiregrill.com\/fi\/wp-json\/wp\/v2\/product_tag?post=10077"}],"curies":[{"name":"wp","href":"https:\/\/api.w.org\/{rel}","templated":true}]}}