{"id":10083,"date":"2021-04-20T10:16:54","date_gmt":"2021-04-20T07:16:54","guid":{"rendered":"https:\/\/dreamfiregrill.com\/product\/dreamfire-kamado-comfy-black\/"},"modified":"2023-11-15T14:54:55","modified_gmt":"2023-11-15T12:54:55","slug":"dreamfire-kamado-comfy-black","status":"publish","type":"product","link":"https:\/\/dreamfiregrill.com\/fi\/tuote\/dreamfire-kamado-comfy-black\/","title":{"rendered":"Dreamfire\u00ae Kamado Comfy Black"},"content":{"rendered":"<p><span data-contrast=\"auto\">Dreamfire Kamado Comfy on varustettu seuraavilla ominaisuuksilla ja lis\u00e4varusteilla:<\/span><span data-ccp-props=\"{&quot;201341983&quot;:0,&quot;335559739&quot;:160,&quot;335559740&quot;:259}\">\u00a0<\/span><\/p>\n<p><span data-contrast=\"auto\"><strong>Yksinoikeudellinen kuusikulmainen ulkodesign<\/strong> &#8211; nyt enemm\u00e4n v\u00e4rej\u00e4 kuin koskaan aikaisemmin!<\/span><span data-ccp-props=\"{&quot;201341983&quot;:0,&quot;335559739&quot;:160,&quot;335559740&quot;:259}\">\u00a0<\/span><\/p>\n<p><span data-contrast=\"auto\"><strong>\u00c4l\u00e4 tyydy tyls\u00e4\u00e4n suunnitteluun<\/strong> &#8211; olemme t\u00e4ysin samaa mielt\u00e4 siit\u00e4, ett\u00e4 grilli on takapihalla paitsi ruoanlaittov\u00e4line my\u00f6s designelementti. Comfy-malleilla voit olla varma, ett\u00e4 kamadosi on ainutlaatuisen ja tyylikk\u00e4\u00e4n muotoilun yhdistelm\u00e4, mutta samalla se ei tingi laadusta tai toiminnallisuudesta.<\/span><span data-ccp-props=\"{&quot;201341983&quot;:0,&quot;335559739&quot;:160,&quot;335559740&quot;:259}\">\u00a0<\/span><\/p>\n<p><span data-contrast=\"auto\"><strong>Kaksitasoinen grillausj\u00e4rjestelm\u00e4 LUX<\/strong> &#8211; kaksi tasoa, nelj\u00e4 puolikuun muotoista ruostumattomasta ter\u00e4ksest\u00e4 valmistettua ritil\u00e4\u00e4, kaksi keraamista puolikuun muotoista deflektorilevy\u00e4 ja mukavat kahvat koko j\u00e4rjestelm\u00e4n nostamiseen \u2013 t\u00e4m\u00e4 tekee Dreamfire Kamado Comfyst\u00e4 todella joustavan grillin, jossa voit k\u00e4ytt\u00e4\u00e4 ritil\u00f6it\u00e4 ja deflektoreita kymmeniss\u00e4 eri kokoonpanoissa.\u00a0\u00a0<\/span><span data-ccp-props=\"{&quot;201341983&quot;:0,&quot;335559739&quot;:160,&quot;335559740&quot;:259}\">\u00a0<\/span><\/p>\n<p><span data-contrast=\"auto\"><strong>Uusi FeatherTouch-saranasuunnittelu<\/strong> &#8211; vallankumouksellinen uusi saranasuunnittelu, joka tekee Comfy Classicin kannen avaamisen eritt\u00e4in kevyeksi.<\/span><span data-ccp-props=\"{&quot;201341983&quot;:0,&quot;335559739&quot;:160,&quot;335559740&quot;:259}\">\u00a0<\/span><\/p>\n<p><span data-contrast=\"auto\"><strong>Ruostumattomasta ter\u00e4ksest\u00e4 valmistettu hiiligrilliastia<\/strong> \u2013 Dreamfire Kamado Comfy settiin sis\u00e4ltyy helppok\u00e4ytt\u00f6inen hiiligrilliastia, jonka avulla ylim\u00e4\u00e4r\u00e4inen tuhka on helppo poistaa hiilien v\u00e4lilt\u00e4, varmistaen optimaalisen ilmavirran hiilille. Ennen kamadon k\u00e4ytt\u00f6\u00e4 nosta hiiligrilliastia ulos grillist\u00e4, ravistele tuhka ja pienet hiilenpalaset pois ja aseta astia takaisin tulipes\u00e4\u00e4n. Hiiligrilliastian avulla ei koskaan synny ongelmaa, jossa tuhka est\u00e4\u00e4 hiili\u00e4 palamasta tehokkaasti.<\/span><span data-ccp-props=\"{&quot;201341983&quot;:0,&quot;335559739&quot;:160,&quot;335559740&quot;:259}\">\u00a0<\/span><\/p>\n<p><span data-contrast=\"auto\"><strong>Dreamfire Meatspotter 100 Bluetooth l\u00e4mp\u00f6mittari<\/strong> \u2013 Meid\u00e4n Bluetooth l\u00e4mp\u00f6mittarimme Meatspotter 100 antaa grillimestarille mielenrauhaa ja mahdollisuuden hoitaa muita asioita samalla, kun Smokey II valmistaa seuraavaa herkullista ruokaa. Kun joko grillin l\u00e4mp\u00f6tila tai ruoan sis\u00e4l\u00e4mp\u00f6tila saavuttaa asetetun tason, Meatspotterin sovellus puhelimessa ilmoittaa siit\u00e4. Ollessasi poissa grillilt\u00e4 voit seurata tapahtumia puhelimen kautta, ja ollessasi grillin vieress\u00e4 voit tarkastella l\u00e4mp\u00f6tiloja suurelta taustavalaistulta n\u00e4yt\u00f6lt\u00e4.<\/span><span data-ccp-props=\"{&quot;201341983&quot;:0,&quot;335559739&quot;:160,&quot;335559740&quot;:259}\">\u00a0<\/span><\/p>\n<p><span data-contrast=\"auto\"><strong>Moniosainen keraaminen tulipes\u00e4<\/strong> \u2013 Dreamfire Kamado Comfy Classicissa on ainutlaatuinen moniosainen tulipes\u00e4. Moniosainen tulipes\u00e4 kest\u00e4\u00e4 suuria l\u00e4mp\u00f6tilanvaihteluita, mik\u00e4 tarkoittaa, ettei sinun en\u00e4\u00e4 koskaan tarvitse huolehtia sis\u00e4keramiikan rikkoutumisesta, kuten perinteisen kamado-tulipes\u00e4n kanssa. Metallirunko tekee tulipes\u00e4n k\u00e4tev\u00e4ksi nostaa pois grillist\u00e4, kun grilli\u00e4 pit\u00e4\u00e4 siirt\u00e4\u00e4 tai puhdistaa perusteellisesti.<\/span><span data-ccp-props=\"{&quot;201341983&quot;:0,&quot;335559739&quot;:160,&quot;335559740&quot;:259}\">\u00a0<\/span><\/p>\n<p><span data-contrast=\"auto\"><strong>Sadesuoja<\/strong> &#8211; mukana tulee laadukas sadesuoja, joka pit\u00e4\u00e4 grillin puhtaana ja suojaa sit\u00e4 UV-s\u00e4teilt\u00e4, sateelta, lumelta ja (siite)p\u00f6lylt\u00e4.<\/span><span data-ccp-props=\"{&quot;201341983&quot;:0,&quot;335559739&quot;:160,&quot;335559740&quot;:259}\">\u00a0<\/span><\/p>\n<p><span data-contrast=\"auto\"><strong>Dreamfire tuhkakaavi<\/strong> &#8211; tekee tuhkan poistamisen grillin alaosan laatikosta helpoksi. Sopii my\u00f6s hyvin hiilien sekoittamiseen grillin sis\u00e4ll\u00e4!<\/span><span data-ccp-props=\"{&quot;201341983&quot;:0,&quot;335559739&quot;:160,&quot;335559740&quot;:259}\">\u00a0<\/span><\/p>\n<p><span data-contrast=\"auto\"><strong>Ruostumattomasta ter\u00e4ksest\u00e4 valmistettu yl\u00e4luukku katolla<\/strong> &#8211; Comfy yl\u00e4luukulla on pitk\u00e4 kahva, jossa on l\u00e4mp\u00f6\u00e4 kest\u00e4v\u00e4 k\u00e4rki, mik\u00e4 tekee siit\u00e4 helppok\u00e4ytt\u00f6isen ja turvallisen. Korkealaatuinen ruostumaton ter\u00e4s takaa sille erinomaisen kest\u00e4vyyden, ja sadesuoja tekee grillin ulkona s\u00e4ilytt\u00e4misest\u00e4 huoletonta ymp\u00e4ri vuoden. Satoi tai paistoi, grilli pysyy sis\u00e4lt\u00e4 kuivana.<\/span><span data-ccp-props=\"{&quot;201341983&quot;:0,&quot;335559739&quot;:160,&quot;335559740&quot;:259}\">\u00a0<\/span><\/p>\n<p><span data-contrast=\"auto\"><strong>Vahvat ruostumattomasta ter\u00e4ksest\u00e4 valmistetut ritil\u00e4t<\/strong> &#8211; Dreamfire Kamado Comfy grilliss\u00e4 on paksut ruostumattomasta ter\u00e4ksest\u00e4 valmistetut ritil\u00e4t. N\u00e4ill\u00e4 ritil\u00f6ill\u00e4 on eritt\u00e4in pitk\u00e4 k\u00e4ytt\u00f6ik\u00e4 paksun materiaalinsa ansiosta. Ruostumattomat puolikuun muotoiset ritil\u00e4t ovat helppoja puhdistaa, eiv\u00e4tk\u00e4 ne taivu tai sulaa.<\/span><span data-ccp-props=\"{&quot;201341983&quot;:0,&quot;335559739&quot;:160,&quot;335559740&quot;:259}\">\u00a0<\/span><\/p>\n<p><span data-contrast=\"auto\"><strong>Ruostumattomasta ter\u00e4ksest\u00e4 valmistettu runko, jossa on erityisen kest\u00e4v\u00e4t py\u00f6r\u00e4t<\/strong> &#8211; Dreamfire Kamado Comfy Classic setiss\u00e4 on vahva ruostumaton ter\u00e4sjalkakehys, jossa on laadukkaat py\u00f6r\u00e4t. T\u00e4m\u00e4n ansiosta kamado on tyylik\u00e4s ja sit\u00e4 on helppo siirt\u00e4\u00e4.<\/span><span data-ccp-props=\"{&quot;201341983&quot;:0,&quot;335559739&quot;:160,&quot;335559740&quot;:259}\">\u00a0<\/span><\/p>\n<p><span data-contrast=\"auto\"><strong>Ruostumattomat osat<\/strong> &#8211; Comfy Kamadossa on korkealaatuiset 304-ruostumattomasta ter\u00e4ksest\u00e4 valmistetut osat, mukaan lukien luukut, runko ja metalliset vy\u00f6t. Ruostumattoman ter\u00e4ksen osien kanssa ei tarvitse huolehtia siit\u00e4, ett\u00e4 kamado alkaisi ruostua jo muutamassa kuukaudessa.<\/span><span data-ccp-props=\"{&quot;201341983&quot;:0,&quot;335559739&quot;:160,&quot;335559740&quot;:259}\">\u00a0<\/span><\/p>\n<p><span data-contrast=\"auto\"><strong>Erityisen paksu ja tiivis keramiikka<\/strong> &#8211; Dreamfire Kamado Comfy keraaminen runko on valmistettu erityisen paksusta ja tiiviist\u00e4 keraamisesta materiaalista, mik\u00e4 tekee Comfysta eritt\u00e4in kest\u00e4v\u00e4n ja tehokkaasti l\u00e4mp\u00f6\u00e4 s\u00e4ilytt\u00e4v\u00e4n verrattuna muihin kamadotyyppisiin grilleihin. Paksu keramiikka pit\u00e4\u00e4 my\u00f6s grillin ulkopinnan viile\u00e4mp\u00e4n\u00e4 kuin metalliset grillit, mik\u00e4 tekee kamadosta turvallisemman grillivaihtoehdon.<\/span><span data-ccp-props=\"{&quot;201341983&quot;:0,&quot;335559739&quot;:160,&quot;335559740&quot;:259}\">\u00a0<\/span><\/p>\n<p><span data-contrast=\"auto\"><strong>Erityisen tehokas tiiviste rungon ja kannen v\u00e4lill\u00e4<\/strong> &#8211; Korkealaatuinen tiiviste tarkoittaa, ett\u00e4 kaikki grilliss\u00e4 oleva ilma on hallinnassasi, sill\u00e4 voit s\u00e4\u00e4t\u00e4\u00e4 sit\u00e4 luukuilla. T\u00e4m\u00e4 tekee ruoanlaittoprosessista helppoa, koska l\u00e4mp\u00f6tila pysyy tasaisena. Se tarkoittaa my\u00f6s, ett\u00e4 ruoanlaiton p\u00e4\u00e4tytty\u00e4 j\u00e4ljell\u00e4 oleva hiili sammuu vain muutamassa minuutissa, mik\u00e4 v\u00e4hent\u00e4\u00e4 merkitt\u00e4v\u00e4sti hiilenkulutusta.<\/span><span data-ccp-props=\"{&quot;201341983&quot;:0,&quot;335559739&quot;:160,&quot;335559740&quot;:259}\">\u00a0<\/span><\/p>\n<p><span data-contrast=\"auto\"><strong>Puiset sivutasot ripustuskoukuilla<\/strong> &#8211; Irrotettavat puiset sivutasot tarjoavat grillille ty\u00f6tilaa, johon voit k\u00e4tev\u00e4sti asettaa tarvikkeita. Koukkuihin voit k\u00e4tev\u00e4sti ripustaa omat grillipihtisi, lapion ja paljon muuta.<\/span><span data-ccp-props=\"{&quot;201341983&quot;:0,&quot;335559739&quot;:160,&quot;335559740&quot;:259}\">\u00a0<\/span><\/p>\n<p><span data-contrast=\"auto\"><strong>Rajoitettu elinik\u00e4inen takuu<\/strong> \u2013 Keraamiselle rungolle my\u00f6nnet\u00e4\u00e4n rajoitettu elinik\u00e4inen takuu.<\/span><span data-ccp-props=\"{&quot;201341983&quot;:0,&quot;335559739&quot;:160,&quot;335559740&quot;:259}\">\u00a0<\/span><\/p>\n<p><strong>Tekniset tiedot:<\/strong><span data-ccp-props=\"{&quot;201341983&quot;:0,&quot;335559739&quot;:160,&quot;335559740&quot;:259}\">\u00a0<\/span><\/p>\n<ul>\n<li><span data-contrast=\"auto\">V\u00e4rit: Musta, Sininen, &#8221;Tiili&#8221;<\/span><\/li>\n<li>Rungon ulkohalkaisija: 56,5 cm (22 tuumaa)<\/li>\n<li>Rungon sis\u00e4halkaisija: 50 cm (20 tuumaa)<\/li>\n<li>Grillaushalkaisija: 47 cm (19 tuumaa)<\/li>\n<li>Yhden tason paistoala: 1735 cm\u00b2<\/li>\n<li>Kahden tason yhteinen paistoala yhteens\u00e4 LUX -j\u00e4rjestelm\u00e4ll\u00e4: 3470 cm\u00b2<\/li>\n<li>Rajoitettu elinik\u00e4inen takuu<\/li>\n<li>Tyylik\u00e4s kuusikulmainen kuvioitu muotoilu<span data-ccp-props=\"{&quot;201341983&quot;:0,&quot;335559739&quot;:160,&quot;335559740&quot;:259}\">\u00a0<\/span><\/li>\n<\/ul>\n","protected":false},"excerpt":{"rendered":"<p><span class=\"TextRun SCXW140090635 BCX0\" lang=\"FI-FI\" xml:lang=\"FI-FI\" data-contrast=\"auto\"><span class=\"SpellingError SCXW140090635 BCX0\">Dreamfire<\/span> <span class=\"SpellingError SCXW140090635 BCX0\">Kamado<\/span> <span class=\"SpellingError SCXW140090635 BCX0\">Comfy<\/span><span class=\"NormalTextRun SCXW140090635 BCX0\"> Classic<\/span><span class=\"NormalTextRun SCXW140090635 BCX0\"> &#8211; s<\/span><span class=\"NormalTextRun SCXW140090635 BCX0\">uunniteltu sinun puutarhaasi! Ainutlaatuinen patentoitu muotoilu ja <\/span><span class=\"NormalTextRun SCXW140090635 BCX0\">valittavissa olevat 3 eri v\u00e4ris\u00e4vy\u00e4 <\/span><span class=\"NormalTextRun SCXW140090635 BCX0\">tekev\u00e4t <\/span><span class=\"SpellingError SCXW140090635 BCX0\">Comfy<\/span><span class=\"NormalTextRun SCXW140090635 BCX0\"> Classicista jokaisen puutarhan helmen. <\/span><span class=\"SpellingError SCXW140090635 BCX0\">Comfy<\/span><span class=\"NormalTextRun SCXW140090635 BCX0\">-settiin sis\u00e4ltyy kaikki tarvittava grillaamiseen, kuten kaksikerroksinen paistoj\u00e4rjestelm\u00e4 levittimill\u00e4, Bluetooth-ruoanl\u00e4mp\u00f6mittari <\/span><span class=\"SpellingError SCXW140090635 BCX0\">Meatspotter<\/span><span class=\"NormalTextRun SCXW140090635 BCX0\"> 100, sadesuoja, moniosainen sytytysastia ja paljon muuta. <\/span><span class=\"SpellingError SCXW140090635 BCX0\">Comfy<\/span><span class=\"NormalTextRun SCXW140090635 BCX0\"> Classic tarjoaa paitsi upean ulkon\u00e4\u00f6n my\u00f6s poikkeuksellisen hyv\u00e4t paisto-<\/span><span class=\"NormalTextRun SCXW140090635 BCX0\">ominaisuudet &#8211; mehev\u00e4 liha, karamellisoidut vihannekset, rapeat leivonnaiset &#8211; <\/span><span class=\"SpellingError SCXW140090635 BCX0\">Dreamfire<\/span> <span class=\"SpellingError SCXW140090635 BCX0\">Kamado<\/span> <span class=\"SpellingError SCXW140090635 BCX0\">Comfy<\/span><span class=\"NormalTextRun SCXW140090635 BCX0\"> -grillill\u00e4 ainoa rajoitus on oma mielikuvituksesi!<\/span><\/span><span class=\"EOP SCXW140090635 BCX0\" data-ccp-props=\"{&quot;201341983&quot;:0,&quot;335559739&quot;:160,&quot;335559740&quot;:259}\">\u00a0<\/span><\/p>\n","protected":false},"featured_media":12582,"template":"","meta":[],"product_brand":[],"product_cat":[90],"product_tag":[],"class_list":{"0":"post-10083","1":"product","2":"type-product","3":"status-publish","4":"has-post-thumbnail","6":"product_cat-grillit","8":"first","9":"instock","10":"taxable","11":"shipping-taxable","12":"purchasable","13":"product-type-simple"},"_links":{"self":[{"href":"https:\/\/dreamfiregrill.com\/fi\/wp-json\/wp\/v2\/product\/10083","targetHints":{"allow":["GET"]}}],"collection":[{"href":"https:\/\/dreamfiregrill.com\/fi\/wp-json\/wp\/v2\/product"}],"about":[{"href":"https:\/\/dreamfiregrill.com\/fi\/wp-json\/wp\/v2\/types\/product"}],"wp:featuredmedia":[{"embeddable":true,"href":"https:\/\/dreamfiregrill.com\/fi\/wp-json\/wp\/v2\/media\/12582"}],"wp:attachment":[{"href":"https:\/\/dreamfiregrill.com\/fi\/wp-json\/wp\/v2\/media?parent=10083"}],"wp:term":[{"taxonomy":"product_brand","embeddable":true,"href":"https:\/\/dreamfiregrill.com\/fi\/wp-json\/wp\/v2\/product_brand?post=10083"},{"taxonomy":"product_cat","embeddable":true,"href":"https:\/\/dreamfiregrill.com\/fi\/wp-json\/wp\/v2\/product_cat?post=10083"},{"taxonomy":"product_tag","embeddable":true,"href":"https:\/\/dreamfiregrill.com\/fi\/wp-json\/wp\/v2\/product_tag?post=10083"}],"curies":[{"name":"wp","href":"https:\/\/api.w.org\/{rel}","templated":true}]}}