{"id":10105,"date":"2021-04-22T17:08:44","date_gmt":"2022-05-26T07:48:21","guid":{"rendered":"https:\/\/dreamfiregrill.com\/product\/dreamfire-grillausmatto\/"},"modified":"2023-07-07T14:58:59","modified_gmt":"2023-07-07T11:58:59","slug":"dreamfire-grillausmatto","status":"publish","type":"product","link":"https:\/\/dreamfiregrill.com\/fi\/tuote\/dreamfire-grillausmatto\/","title":{"rendered":"Dreamfire\u00ae grillausmatto 40x33cm"},"content":{"rendered":"<p>Dreamfire\u00ae-grillausmatto on tarkoitettu k\u00e4ytett\u00e4v\u00e4ksi kaikkien grillien p\u00e4\u00e4ll\u00e4. Aseta grillimatto grillin p\u00e4\u00e4lle ja ruoka paistomatolle.<\/p>\n","protected":false},"excerpt":{"rendered":"<p>Dreamfire\u00ae-grillausmatto on tarkoitettu k\u00e4ytett\u00e4v\u00e4ksi kaikkien grillien p\u00e4\u00e4ll\u00e4. Aseta grillimatto grillin p\u00e4\u00e4lle ja ruoka paistomatolle.<\/p>\n","protected":false},"featured_media":9714,"template":"","meta":[],"product_brand":[],"product_cat":[94],"product_tag":[],"class_list":{"0":"post-10105","1":"product","2":"type-product","3":"status-publish","4":"has-post-thumbnail","6":"product_cat-grillaustarvikkeet","8":"first","9":"instock","10":"taxable","11":"shipping-taxable","12":"purchasable","13":"product-type-simple"},"_links":{"self":[{"href":"https:\/\/dreamfiregrill.com\/fi\/wp-json\/wp\/v2\/product\/10105","targetHints":{"allow":["GET"]}}],"collection":[{"href":"https:\/\/dreamfiregrill.com\/fi\/wp-json\/wp\/v2\/product"}],"about":[{"href":"https:\/\/dreamfiregrill.com\/fi\/wp-json\/wp\/v2\/types\/product"}],"wp:featuredmedia":[{"embeddable":true,"href":"https:\/\/dreamfiregrill.com\/fi\/wp-json\/wp\/v2\/media\/9714"}],"wp:attachment":[{"href":"https:\/\/dreamfiregrill.com\/fi\/wp-json\/wp\/v2\/media?parent=10105"}],"wp:term":[{"taxonomy":"product_brand","embeddable":true,"href":"https:\/\/dreamfiregrill.com\/fi\/wp-json\/wp\/v2\/product_brand?post=10105"},{"taxonomy":"product_cat","embeddable":true,"href":"https:\/\/dreamfiregrill.com\/fi\/wp-json\/wp\/v2\/product_cat?post=10105"},{"taxonomy":"product_tag","embeddable":true,"href":"https:\/\/dreamfiregrill.com\/fi\/wp-json\/wp\/v2\/product_tag?post=10105"}],"curies":[{"name":"wp","href":"https:\/\/api.w.org\/{rel}","templated":true}]}}