{"id":10107,"date":"2021-09-13T15:19:36","date_gmt":"2022-05-26T07:52:35","guid":{"rendered":"https:\/\/dreamfiregrill.com\/product\/dreamfire-ruostumattomasta-teraksesta-valmistettu-puhdistusharja-safe-avaajan-kera\/"},"modified":"2023-11-15T15:09:19","modified_gmt":"2023-11-15T13:09:19","slug":"dreamfire-ruostumattomasta-teraksesta-valmistettu-puhdistusharja-safe-avaajan-kera","status":"publish","type":"product","link":"https:\/\/dreamfiregrill.com\/fi\/tuote\/dreamfire-ruostumattomasta-teraksesta-valmistettu-puhdistusharja-safe-avaajan-kera\/","title":{"rendered":"Dreamfire ruostumaton ter\u00e4spuhdistusharja \u201dSafe\u201d pullonavajalla"},"content":{"rendered":"<p><span data-contrast=\"auto\">Dreamfire ruostumattomasta ter\u00e4ksest\u00e4 valmistettu &#8221;Safe&#8221; puhdistusharja varmistaa, ett\u00e4 voit puhdistaa grilliritil\u00e4si v\u00e4h\u00e4ll\u00e4 vaivalla ja turvallisesti &#8211; harjassa ei ole irtoavia harjakarvoja, jotka voisivat irrota harjasta ja p\u00e4\u00e4ty\u00e4 ruokaan. Harjassa on my\u00f6s raaputin ja pullonavaaja.<\/span><span data-ccp-props=\"{&quot;201341983&quot;:0,&quot;335559739&quot;:160,&quot;335559740&quot;:259}\">\u00a0<\/span><\/p>\n<p><span data-contrast=\"auto\">Pituus 45 cm.<\/span><span data-ccp-props=\"{&quot;201341983&quot;:0,&quot;335559739&quot;:160,&quot;335559740&quot;:259}\">\u00a0<\/span><\/p>\n","protected":false},"excerpt":{"rendered":"<p><span data-contrast=\"auto\">Dreamfire ruostumattomasta ter\u00e4ksest\u00e4 valmistettu &#8221;Safe&#8221; puhdistusharja varmistaa, ett\u00e4 voit puhdistaa grilliritil\u00e4si v\u00e4h\u00e4ll\u00e4 vaivalla ja turvallisesti &#8211; harjassa ei ole irtoavia harjakarvoja, jotka voisivat irrota harjasta ja p\u00e4\u00e4ty\u00e4 ruokaan. Harjassa on my\u00f6s raaputin ja pullonavaaja.<\/span><span data-ccp-props=\"{&quot;201341983&quot;:0,&quot;335559739&quot;:160,&quot;335559740&quot;:259}\">\u00a0<\/span><\/p>\n<p><span data-contrast=\"auto\">Pituus 45 cm.<\/span><span data-ccp-props=\"{&quot;201341983&quot;:0,&quot;335559739&quot;:160,&quot;335559740&quot;:259}\">\u00a0<\/span><\/p>\n","protected":false},"featured_media":11539,"template":"","meta":[],"product_brand":[],"product_cat":[94],"product_tag":[97,95,96],"class_list":{"0":"post-10107","1":"product","2":"type-product","3":"status-publish","4":"has-post-thumbnail","6":"product_cat-grillaustarvikkeet","7":"product_tag-brush-fi","8":"product_tag-dreamfire-fi","9":"product_tag-safe-fi","11":"first","12":"instock","13":"taxable","14":"shipping-taxable","15":"purchasable","16":"product-type-simple"},"_links":{"self":[{"href":"https:\/\/dreamfiregrill.com\/fi\/wp-json\/wp\/v2\/product\/10107","targetHints":{"allow":["GET"]}}],"collection":[{"href":"https:\/\/dreamfiregrill.com\/fi\/wp-json\/wp\/v2\/product"}],"about":[{"href":"https:\/\/dreamfiregrill.com\/fi\/wp-json\/wp\/v2\/types\/product"}],"wp:featuredmedia":[{"embeddable":true,"href":"https:\/\/dreamfiregrill.com\/fi\/wp-json\/wp\/v2\/media\/11539"}],"wp:attachment":[{"href":"https:\/\/dreamfiregrill.com\/fi\/wp-json\/wp\/v2\/media?parent=10107"}],"wp:term":[{"taxonomy":"product_brand","embeddable":true,"href":"https:\/\/dreamfiregrill.com\/fi\/wp-json\/wp\/v2\/product_brand?post=10107"},{"taxonomy":"product_cat","embeddable":true,"href":"https:\/\/dreamfiregrill.com\/fi\/wp-json\/wp\/v2\/product_cat?post=10107"},{"taxonomy":"product_tag","embeddable":true,"href":"https:\/\/dreamfiregrill.com\/fi\/wp-json\/wp\/v2\/product_tag?post=10107"}],"curies":[{"name":"wp","href":"https:\/\/api.w.org\/{rel}","templated":true}]}}