{"id":10110,"date":"2021-04-22T16:58:37","date_gmt":"2022-05-26T08:24:49","guid":{"rendered":"https:\/\/dreamfiregrill.com\/product\/dreamfire-paistojarjestelma-lux-pro\/"},"modified":"2023-11-15T15:39:47","modified_gmt":"2023-11-15T13:39:47","slug":"dreamfire-kypsennysjarjestelma-lux-pro","status":"publish","type":"product","link":"https:\/\/dreamfiregrill.com\/fi\/tuote\/dreamfire-kypsennysjarjestelma-lux-pro\/","title":{"rendered":"Dreamfire kypsennysj\u00e4rjestelm\u00e4 LUX PRO"},"content":{"rendered":"<p><span data-contrast=\"auto\">Paketissa sis\u00e4ltyy<\/span><span data-ccp-props=\"{&quot;201341983&quot;:0,&quot;335559739&quot;:160,&quot;335559740&quot;:259}\">\u00a0<\/span><\/p>\n<p><span data-contrast=\"auto\">2 kpl puolikuun muotoista paistotasoa<\/span><span data-ccp-props=\"{&quot;201341983&quot;:0,&quot;335559739&quot;:160,&quot;335559740&quot;:259}\">\u00a0<\/span><\/p>\n<p><span data-contrast=\"auto\">2 kpl puolikuun muotoista keraamista l\u00e4mp\u00f6levitint\u00e4<\/span><span data-ccp-props=\"{&quot;201341983&quot;:0,&quot;335559739&quot;:160,&quot;335559740&quot;:259}\">\u00a0<\/span><\/p>\n<p><span data-contrast=\"auto\">1 kpl kattilan\/wokin teline rengas<\/span><span data-ccp-props=\"{&quot;201341983&quot;:0,&quot;335559739&quot;:160,&quot;335559740&quot;:259}\">\u00a0<\/span><\/p>\n<p><span data-contrast=\"auto\">Vahvasta ja eritt\u00e4in paksusta ruostumattomasta ter\u00e4ksest\u00e4 valmistettu paistoalustan kehys nostokahvoilla.<\/span><span data-ccp-props=\"{&quot;201341983&quot;:0,&quot;335559739&quot;:160,&quot;335559740&quot;:259}\">\u00a0<\/span><\/p>\n","protected":false},"excerpt":{"rendered":"<p><span class=\"TextRun SCXW106537394 BCX0\" lang=\"FI-FI\" xml:lang=\"FI-FI\" data-contrast=\"auto\"><span class=\"SpellingError SCXW106537394 BCX0\">Dreamfire<\/span><span class=\"NormalTextRun SCXW106537394 BCX0\">\u00ae LUX PRO kypsennysj\u00e4rjestelm\u00e4t on suunniteltu Virossa ja valmistettu erityisen paksusta ruostumattomasta ter\u00e4ksest\u00e4. Kypsennysj\u00e4rjestelm\u00e4ll\u00e4 voit laajentaa grillipintaasi ja hallita l\u00e4mp\u00f6tilaa paremmin.<\/span><\/span><span class=\"EOP SCXW106537394 BCX0\" data-ccp-props=\"{&quot;201341983&quot;:0,&quot;335559739&quot;:160,&quot;335559740&quot;:259}\">\u00a0<\/span><\/p>\n","protected":false},"featured_media":11572,"template":"","meta":[],"product_brand":[],"product_cat":[94],"product_tag":[],"class_list":{"0":"post-10110","1":"product","2":"type-product","3":"status-publish","4":"has-post-thumbnail","6":"product_cat-grillaustarvikkeet","8":"first","9":"instock","10":"taxable","11":"shipping-taxable","12":"purchasable","13":"product-type-simple"},"_links":{"self":[{"href":"https:\/\/dreamfiregrill.com\/fi\/wp-json\/wp\/v2\/product\/10110","targetHints":{"allow":["GET"]}}],"collection":[{"href":"https:\/\/dreamfiregrill.com\/fi\/wp-json\/wp\/v2\/product"}],"about":[{"href":"https:\/\/dreamfiregrill.com\/fi\/wp-json\/wp\/v2\/types\/product"}],"wp:featuredmedia":[{"embeddable":true,"href":"https:\/\/dreamfiregrill.com\/fi\/wp-json\/wp\/v2\/media\/11572"}],"wp:attachment":[{"href":"https:\/\/dreamfiregrill.com\/fi\/wp-json\/wp\/v2\/media?parent=10110"}],"wp:term":[{"taxonomy":"product_brand","embeddable":true,"href":"https:\/\/dreamfiregrill.com\/fi\/wp-json\/wp\/v2\/product_brand?post=10110"},{"taxonomy":"product_cat","embeddable":true,"href":"https:\/\/dreamfiregrill.com\/fi\/wp-json\/wp\/v2\/product_cat?post=10110"},{"taxonomy":"product_tag","embeddable":true,"href":"https:\/\/dreamfiregrill.com\/fi\/wp-json\/wp\/v2\/product_tag?post=10110"}],"curies":[{"name":"wp","href":"https:\/\/api.w.org\/{rel}","templated":true}]}}