{"id":10116,"date":"2021-04-22T13:21:42","date_gmt":"2022-05-26T08:37:37","guid":{"rendered":"https:\/\/dreamfiregrill.com\/product\/dreamfire-leppahiilet-50l\/"},"modified":"2023-11-16T13:32:59","modified_gmt":"2023-11-16T11:32:59","slug":"dreamfire-leppahiilet-50l","status":"publish","type":"product","link":"https:\/\/dreamfiregrill.com\/fi\/tuote\/dreamfire-leppahiilet-50l\/","title":{"rendered":"Dreamfire lepp\u00e4hiilet 50L"},"content":{"rendered":"<p>Korkealaatuinen erityisen isopalainen Dreamfire\u00ae-lepp\u00e4hiili. Ihanteellinen hiili kotona grillaamiseen, ravintoloissa k\u00e4ytett\u00e4v\u00e4ksi.<br \/>\nSuuret, tasakokoiset palat ja ravintolalaatu takaavat tasaisen kuumuuden ja v\u00e4h\u00e4isen hiilenkulutuksen. Sopii ihanteellisesti pitkiin grillaamisiin ja savustuksiin. T\u00e4m\u00e4n grillihiilen laatuosoittajat ovat Virossa saatavilla olevista grillihiilist\u00e4 parhaimmat. Sytytt\u00e4minen vie noin 5-10 minuuttia.<\/p>\n","protected":false},"excerpt":{"rendered":"<p>Koko: 50L<\/p>\n","protected":false},"featured_media":11649,"template":"","meta":[],"product_brand":[],"product_cat":[148],"product_tag":[],"class_list":{"0":"post-10116","1":"product","2":"type-product","3":"status-publish","4":"has-post-thumbnail","6":"product_cat-hiilta-ja-tupakointia-fi","8":"first","9":"instock","10":"taxable","11":"shipping-taxable","12":"purchasable","13":"product-type-simple"},"_links":{"self":[{"href":"https:\/\/dreamfiregrill.com\/fi\/wp-json\/wp\/v2\/product\/10116","targetHints":{"allow":["GET"]}}],"collection":[{"href":"https:\/\/dreamfiregrill.com\/fi\/wp-json\/wp\/v2\/product"}],"about":[{"href":"https:\/\/dreamfiregrill.com\/fi\/wp-json\/wp\/v2\/types\/product"}],"wp:featuredmedia":[{"embeddable":true,"href":"https:\/\/dreamfiregrill.com\/fi\/wp-json\/wp\/v2\/media\/11649"}],"wp:attachment":[{"href":"https:\/\/dreamfiregrill.com\/fi\/wp-json\/wp\/v2\/media?parent=10116"}],"wp:term":[{"taxonomy":"product_brand","embeddable":true,"href":"https:\/\/dreamfiregrill.com\/fi\/wp-json\/wp\/v2\/product_brand?post=10116"},{"taxonomy":"product_cat","embeddable":true,"href":"https:\/\/dreamfiregrill.com\/fi\/wp-json\/wp\/v2\/product_cat?post=10116"},{"taxonomy":"product_tag","embeddable":true,"href":"https:\/\/dreamfiregrill.com\/fi\/wp-json\/wp\/v2\/product_tag?post=10116"}],"curies":[{"name":"wp","href":"https:\/\/api.w.org\/{rel}","templated":true}]}}