{"id":10122,"date":"2021-04-22T13:14:45","date_gmt":"2022-05-26T09:00:19","guid":{"rendered":"https:\/\/dreamfiregrill.com\/product\/dreamfire-pitsalapio\/"},"modified":"2023-11-15T16:02:53","modified_gmt":"2023-11-15T14:02:53","slug":"dreamfire-pitsalapio","status":"publish","type":"product","link":"https:\/\/dreamfiregrill.com\/fi\/tuote\/dreamfire-pitsalapio\/","title":{"rendered":"Dreamfire pitsalapio"},"content":{"rendered":"<p><span class=\"TextRun SCXW174197902 BCX0\" lang=\"FI-FI\" xml:lang=\"FI-FI\" data-contrast=\"auto\"><span class=\"SpellingError SCXW174197902 BCX0\">Dreamfire<\/span><span class=\"NormalTextRun SCXW174197902 BCX0\">\u00a0alumiininen pitsalapio on todellinen ammattilaisen ty\u00f6v\u00e4line, jolla voi helposti nostaa pitsan <\/span><span class=\"SpellingError SCXW174197902 BCX0\">Dreamfire<\/span><span class=\"NormalTextRun SCXW174197902 BCX0\">-pitsalevylt\u00e4. Ohutta pitsalapio<\/span><span class=\"NormalTextRun SCXW174197902 BCX0\">ta<\/span><span class=\"NormalTextRun SCXW174197902 BCX0\"> on helppo ty\u00f6nt\u00e4\u00e4 pitsan tai muun paistoksen alle ja pitk\u00e4 k\u00e4densija ta<\/span><span class=\"NormalTextRun SCXW174197902 BCX0\">k<\/span><span class=\"NormalTextRun SCXW174197902 BCX0\">aa kuuman uunin l\u00e4hell\u00e4 turvallisuuden.<\/span><\/span><\/p>\n","protected":false},"excerpt":{"rendered":"<p><span class=\"TextRun SCXW174197902 BCX0\" lang=\"FI-FI\" xml:lang=\"FI-FI\" data-contrast=\"auto\"><span class=\"SpellingError SCXW174197902 BCX0\">Dreamfire<\/span><span class=\"NormalTextRun SCXW174197902 BCX0\">\u00a0alumiininen pitsalapio on todellinen ammattilaisen ty\u00f6v\u00e4line, jolla voi helposti nostaa pitsan <\/span><span class=\"SpellingError SCXW174197902 BCX0\">Dreamfire<\/span><span class=\"NormalTextRun SCXW174197902 BCX0\">-pitsalevylt\u00e4. Ohutta pitsalapio<\/span><span class=\"NormalTextRun SCXW174197902 BCX0\">ta<\/span><span class=\"NormalTextRun SCXW174197902 BCX0\"> on helppo ty\u00f6nt\u00e4\u00e4 pitsan tai muun paistoksen alle ja pitk\u00e4 k\u00e4densija ta<\/span><span class=\"NormalTextRun SCXW174197902 BCX0\">k<\/span><span class=\"NormalTextRun SCXW174197902 BCX0\">aa kuuman uunin l\u00e4hell\u00e4 turvallisuuden.<\/span><\/span><\/p>\n<p>Pituus: 64cm<\/p>\n","protected":false},"featured_media":9682,"template":"","meta":[],"product_brand":[],"product_cat":[94],"product_tag":[],"class_list":{"0":"post-10122","1":"product","2":"type-product","3":"status-publish","4":"has-post-thumbnail","6":"product_cat-grillaustarvikkeet","8":"first","9":"instock","10":"taxable","11":"shipping-taxable","12":"purchasable","13":"product-type-simple"},"_links":{"self":[{"href":"https:\/\/dreamfiregrill.com\/fi\/wp-json\/wp\/v2\/product\/10122","targetHints":{"allow":["GET"]}}],"collection":[{"href":"https:\/\/dreamfiregrill.com\/fi\/wp-json\/wp\/v2\/product"}],"about":[{"href":"https:\/\/dreamfiregrill.com\/fi\/wp-json\/wp\/v2\/types\/product"}],"wp:featuredmedia":[{"embeddable":true,"href":"https:\/\/dreamfiregrill.com\/fi\/wp-json\/wp\/v2\/media\/9682"}],"wp:attachment":[{"href":"https:\/\/dreamfiregrill.com\/fi\/wp-json\/wp\/v2\/media?parent=10122"}],"wp:term":[{"taxonomy":"product_brand","embeddable":true,"href":"https:\/\/dreamfiregrill.com\/fi\/wp-json\/wp\/v2\/product_brand?post=10122"},{"taxonomy":"product_cat","embeddable":true,"href":"https:\/\/dreamfiregrill.com\/fi\/wp-json\/wp\/v2\/product_cat?post=10122"},{"taxonomy":"product_tag","embeddable":true,"href":"https:\/\/dreamfiregrill.com\/fi\/wp-json\/wp\/v2\/product_tag?post=10122"}],"curies":[{"name":"wp","href":"https:\/\/api.w.org\/{rel}","templated":true}]}}