{"id":10160,"date":"2019-08-27T13:10:42","date_gmt":"2019-08-27T10:10:42","guid":{"rendered":"https:\/\/dreamfiregrill.com\/product\/dreamfire-farkkukankainen-esiliina\/"},"modified":"2023-11-15T15:34:55","modified_gmt":"2023-11-15T13:34:55","slug":"dreamfire-teksakankaasta-valmistettu-esiliina","status":"publish","type":"product","link":"https:\/\/dreamfiregrill.com\/fi\/tuote\/dreamfire-teksakankaasta-valmistettu-esiliina\/","title":{"rendered":"Dreamfire teksakankaasta valmistettu esiliina"},"content":{"rendered":"<p><span data-contrast=\"auto\">Dreamfire teksakankaasta valmistettu BBQ-esiliina on valmistettu paksusta ja kest\u00e4v\u00e4st\u00e4 materiaalista, joten se sopii t\u00e4ydellisesti vaatteiden suojaamiseen grillatessa. Esiliinassa on s\u00e4\u00e4dett\u00e4v\u00e4 kaulanauha, vy\u00f6 ja isot taskut.<\/span><span data-ccp-props=\"{&quot;201341983&quot;:0,&quot;335559739&quot;:160,&quot;335559740&quot;:259}\">\u00a0<\/span><\/p>\n<p><span data-contrast=\"auto\">Esiliinan mitat: 90 cm x 70 cm<\/span><\/p>\n","protected":false},"excerpt":{"rendered":"<p><span data-contrast=\"auto\">Dreamfire teksakankaasta valmistettu BBQ-esiliina on valmistettu paksusta ja kest\u00e4v\u00e4st\u00e4 materiaalista, joten se sopii t\u00e4ydellisesti vaatteiden suojaamiseen grillatessa. Esiliinassa on s\u00e4\u00e4dett\u00e4v\u00e4 kaulanauha, vy\u00f6 ja isot taskut.<\/span><span data-ccp-props=\"{&quot;201341983&quot;:0,&quot;335559739&quot;:160,&quot;335559740&quot;:259}\">\u00a0<\/span><\/p>\n<p><span data-contrast=\"auto\">Esiliinan mitat: 90 cm x 70 cm<\/span><\/p>\n","protected":false},"featured_media":10161,"template":"","meta":[],"product_brand":[],"product_cat":[94],"product_tag":[],"class_list":{"0":"post-10160","1":"product","2":"type-product","3":"status-publish","4":"has-post-thumbnail","6":"product_cat-grillaustarvikkeet","8":"first","9":"outofstock","10":"taxable","11":"shipping-taxable","12":"purchasable","13":"product-type-simple"},"_links":{"self":[{"href":"https:\/\/dreamfiregrill.com\/fi\/wp-json\/wp\/v2\/product\/10160","targetHints":{"allow":["GET"]}}],"collection":[{"href":"https:\/\/dreamfiregrill.com\/fi\/wp-json\/wp\/v2\/product"}],"about":[{"href":"https:\/\/dreamfiregrill.com\/fi\/wp-json\/wp\/v2\/types\/product"}],"wp:featuredmedia":[{"embeddable":true,"href":"https:\/\/dreamfiregrill.com\/fi\/wp-json\/wp\/v2\/media\/10161"}],"wp:attachment":[{"href":"https:\/\/dreamfiregrill.com\/fi\/wp-json\/wp\/v2\/media?parent=10160"}],"wp:term":[{"taxonomy":"product_brand","embeddable":true,"href":"https:\/\/dreamfiregrill.com\/fi\/wp-json\/wp\/v2\/product_brand?post=10160"},{"taxonomy":"product_cat","embeddable":true,"href":"https:\/\/dreamfiregrill.com\/fi\/wp-json\/wp\/v2\/product_cat?post=10160"},{"taxonomy":"product_tag","embeddable":true,"href":"https:\/\/dreamfiregrill.com\/fi\/wp-json\/wp\/v2\/product_tag?post=10160"}],"curies":[{"name":"wp","href":"https:\/\/api.w.org\/{rel}","templated":true}]}}