{"id":10196,"date":"2019-08-27T13:13:55","date_gmt":"2019-08-27T10:13:55","guid":{"rendered":"https:\/\/dreamfiregrill.com\/product\/dreamfire-meatspotter-100-bluetooth\/"},"modified":"2023-11-15T15:03:42","modified_gmt":"2023-11-15T13:03:42","slug":"dreamfire-meatspotter-100-bluetooth","status":"publish","type":"product","link":"https:\/\/dreamfiregrill.com\/fi\/tuote\/dreamfire-meatspotter-100-bluetooth\/","title":{"rendered":"Dreamfire\u00ae Meatspotter 100 Bluetooth l\u00e4mp\u00f6mittari"},"content":{"rendered":"<p><span data-contrast=\"auto\">Mittarin mukana toimitetaan 2 anturia (mahdollista liitt\u00e4\u00e4 jopa 6 anturia \u2013 lis\u00e4anturit on ostettava erikseen).<\/span><span data-ccp-props=\"{&quot;201341983&quot;:0,&quot;335559739&quot;:160,&quot;335559740&quot;:259}\">&nbsp;<\/span><\/p>\n<p><span data-contrast=\"auto\">Dreamfire\u00ae Meatspotter 100:lla on suuri taustavalaistu n\u00e4ytt\u00f6, josta on eritt\u00e4in k\u00e4tev\u00e4\u00e4 tarkastella nykyist\u00e4 l\u00e4mp\u00f6tilaa grillin l\u00e4heisyydess\u00e4. L\u00e4mp\u00f6mittarin rungossa on merkkivalot, joten tied\u00e4t aina, mink\u00e4 anturin l\u00e4mp\u00f6tilaa t\u00e4ll\u00e4 hetkell\u00e4 n\u00e4ytet\u00e4\u00e4n.<\/span><span data-ccp-props=\"{&quot;201341983&quot;:0,&quot;335559739&quot;:160,&quot;335559740&quot;:259}\">&nbsp;<\/span><\/p>\n<p><span data-contrast=\"auto\">Tekniset tiedot:<\/span><span data-ccp-props=\"{&quot;201341983&quot;:0,&quot;335559739&quot;:160,&quot;335559740&quot;:259}\">&nbsp;<\/span><\/p>\n<p><span data-contrast=\"auto\">Tarkkuus: 0-99 \u00b0C \u00b1 1%. 100-199 \u00b0C \u00b1 2%. 200-300 \u00b0C \u00b1 3%<\/span><span data-ccp-props=\"{&quot;201341983&quot;:0,&quot;335559739&quot;:160,&quot;335559740&quot;:259}\">&nbsp;<\/span><\/p>\n<p><span data-contrast=\"auto\">L\u00e4mp\u00f6tilan kesto: Hetkellinen mittaus \u2013 1-350 \u00b0C<\/span><span data-ccp-props=\"{&quot;201341983&quot;:0,&quot;335559739&quot;:160,&quot;335559740&quot;:259}\">&nbsp;<\/span><\/p>\n<p><span data-contrast=\"auto\">L\u00e4mp\u00f6tilan kesto: Pitk\u00e4aikainen mittaus \u2013 1-300 \u00b0C<\/span><span data-ccp-props=\"{&quot;201341983&quot;:0,&quot;335559739&quot;:160,&quot;335559740&quot;:259}\">&nbsp;<\/span><\/p>\n<p><span data-contrast=\"auto\">Kypsennysasteet: Rare (raaka), medium rare (puoliraaka), medium (keskikyps\u00e4), medium well (puolikyps\u00e4), well (kyps\u00e4).<\/span><span data-ccp-props=\"{&quot;201341983&quot;:0,&quot;335559739&quot;:160,&quot;335559740&quot;:259}\">&nbsp;<\/span><\/p>\n<p><span data-contrast=\"auto\">H\u00e4lytykset: L\u00e4mp\u00f6tila-alueen ilmoitus, l\u00e4mp\u00f6tilan saavuttamisen ilmoitus, ajastin, Bluetooth-yhteyden katkeamisen ilmoitus.<\/span><span data-ccp-props=\"{&quot;201341983&quot;:0,&quot;335559739&quot;:160,&quot;335559740&quot;:259}\">&nbsp;<\/span><\/p>\n<p><span data-contrast=\"auto\">Paino: 144 grammaa<\/span><span data-ccp-props=\"{&quot;201341983&quot;:0,&quot;335559739&quot;:160,&quot;335559740&quot;:259}\">&nbsp;<\/span><\/p>\n<p><span data-contrast=\"auto\">Mitat: 9 cm x 9.5 cm x 2 cm<\/span><span data-ccp-props=\"{&quot;201341983&quot;:0,&quot;335559739&quot;:160,&quot;335559740&quot;:259}\">&nbsp;<\/span><\/p>\n<p><span data-contrast=\"auto\">N\u00e4ytt\u00f6: LCD \/ \u00c4lylaite<\/span><span data-ccp-props=\"{&quot;201341983&quot;:0,&quot;335559739&quot;:160,&quot;335559740&quot;:259}\">&nbsp;<\/span><\/p>\n<p><span data-contrast=\"auto\">Anturin johdon pituus: 100 cm<\/span><span data-ccp-props=\"{&quot;201341983&quot;:0,&quot;335559739&quot;:160,&quot;335559740&quot;:259}\">&nbsp;<\/span><\/p>\n<p><span data-contrast=\"auto\">Anturin pituus: 106 mm<\/span><span data-ccp-props=\"{&quot;201341983&quot;:0,&quot;335559739&quot;:160,&quot;335559740&quot;:259}\">&nbsp;<\/span><\/p>\n<p><span data-contrast=\"auto\">Anturin halkaisija: 2 mm<\/span><span data-ccp-props=\"{&quot;201341983&quot;:0,&quot;335559739&quot;:160,&quot;335559740&quot;:259}\">&nbsp;<\/span><\/p>\n","protected":false},"excerpt":{"rendered":"<p><span data-contrast=\"auto\">Dreamfire\u00ae Meatspotter 100:lla on suuri taustavalaistu n\u00e4ytt\u00f6, josta on eritt\u00e4in k\u00e4tev\u00e4\u00e4 tarkastella nykyist\u00e4 l\u00e4mp\u00f6tilaa grillin l\u00e4heisyydess\u00e4. L\u00e4mp\u00f6mittarin rungossa on merkkivalot, joten tied\u00e4t aina, mink\u00e4 anturin l\u00e4mp\u00f6tilaa t\u00e4ll\u00e4 hetkell\u00e4 n\u00e4ytet\u00e4\u00e4n.<\/span><span data-ccp-props=\"{&quot;201341983&quot;:0,&quot;335559739&quot;:160,&quot;335559740&quot;:259}\">&nbsp;<\/span><\/p>\n","protected":false},"featured_media":10205,"template":"","meta":[],"product_brand":[],"product_cat":[94],"product_tag":[],"class_list":{"0":"post-10196","1":"product","2":"type-product","3":"status-publish","4":"has-post-thumbnail","6":"product_cat-grillaustarvikkeet","7":"product_shipping_class-accessories","9":"first","10":"instock","11":"taxable","12":"shipping-taxable","13":"purchasable","14":"product-type-simple"},"_links":{"self":[{"href":"https:\/\/dreamfiregrill.com\/fi\/wp-json\/wp\/v2\/product\/10196","targetHints":{"allow":["GET"]}}],"collection":[{"href":"https:\/\/dreamfiregrill.com\/fi\/wp-json\/wp\/v2\/product"}],"about":[{"href":"https:\/\/dreamfiregrill.com\/fi\/wp-json\/wp\/v2\/types\/product"}],"wp:featuredmedia":[{"embeddable":true,"href":"https:\/\/dreamfiregrill.com\/fi\/wp-json\/wp\/v2\/media\/10205"}],"wp:attachment":[{"href":"https:\/\/dreamfiregrill.com\/fi\/wp-json\/wp\/v2\/media?parent=10196"}],"wp:term":[{"taxonomy":"product_brand","embeddable":true,"href":"https:\/\/dreamfiregrill.com\/fi\/wp-json\/wp\/v2\/product_brand?post=10196"},{"taxonomy":"product_cat","embeddable":true,"href":"https:\/\/dreamfiregrill.com\/fi\/wp-json\/wp\/v2\/product_cat?post=10196"},{"taxonomy":"product_tag","embeddable":true,"href":"https:\/\/dreamfiregrill.com\/fi\/wp-json\/wp\/v2\/product_tag?post=10196"}],"curies":[{"name":"wp","href":"https:\/\/api.w.org\/{rel}","templated":true}]}}