{"id":10246,"date":"2020-05-27T16:04:24","date_gmt":"2022-05-30T07:24:39","guid":{"rendered":"https:\/\/dreamfiregrill.com\/product\/dreamfire-leppapuinen-grillauslauta\/"},"modified":"2023-11-16T13:33:07","modified_gmt":"2023-11-16T11:33:07","slug":"dreamfire-leppapuinen-grillauslauta","status":"publish","type":"product","link":"https:\/\/dreamfiregrill.com\/fi\/tuote\/dreamfire-leppapuinen-grillauslauta\/","title":{"rendered":"Dreamfire\u00ae lepp\u00e4puinen grillauslauta"},"content":{"rendered":"<p>Paksu lepp\u00e4puinen Dreamfire\u00ae-grillauslauta. Lepp\u00e4lauta on tyylik\u00e4s ja riitt\u00e4v\u00e4n suuri, joten siihen mahtuvat isommatkin kalan- tai lihanpalat. Yht\u00e4 grillauslautaa voi k\u00e4ytt\u00e4\u00e4 jopa 10 kertaa.<\/p>\n","protected":false},"excerpt":{"rendered":"<p>Pituus 40-42cm.<br \/>\nLeveys 15-25cm.<\/p>\n","protected":false},"featured_media":8615,"template":"","meta":[],"product_brand":[],"product_cat":[148],"product_tag":[],"class_list":{"0":"post-10246","1":"product","2":"type-product","3":"status-publish","4":"has-post-thumbnail","6":"product_cat-hiilta-ja-tupakointia-fi","8":"first","9":"instock","10":"taxable","11":"shipping-taxable","12":"purchasable","13":"product-type-simple"},"_links":{"self":[{"href":"https:\/\/dreamfiregrill.com\/fi\/wp-json\/wp\/v2\/product\/10246","targetHints":{"allow":["GET"]}}],"collection":[{"href":"https:\/\/dreamfiregrill.com\/fi\/wp-json\/wp\/v2\/product"}],"about":[{"href":"https:\/\/dreamfiregrill.com\/fi\/wp-json\/wp\/v2\/types\/product"}],"wp:featuredmedia":[{"embeddable":true,"href":"https:\/\/dreamfiregrill.com\/fi\/wp-json\/wp\/v2\/media\/8615"}],"wp:attachment":[{"href":"https:\/\/dreamfiregrill.com\/fi\/wp-json\/wp\/v2\/media?parent=10246"}],"wp:term":[{"taxonomy":"product_brand","embeddable":true,"href":"https:\/\/dreamfiregrill.com\/fi\/wp-json\/wp\/v2\/product_brand?post=10246"},{"taxonomy":"product_cat","embeddable":true,"href":"https:\/\/dreamfiregrill.com\/fi\/wp-json\/wp\/v2\/product_cat?post=10246"},{"taxonomy":"product_tag","embeddable":true,"href":"https:\/\/dreamfiregrill.com\/fi\/wp-json\/wp\/v2\/product_tag?post=10246"}],"curies":[{"name":"wp","href":"https:\/\/api.w.org\/{rel}","templated":true}]}}