{"id":10248,"date":"2019-04-17T12:55:57","date_gmt":"2019-04-17T09:55:57","guid":{"rendered":"https:\/\/dreamfiregrill.com\/product\/dreamfire-valurautaritila-puolikuu\/"},"modified":"2023-07-07T14:59:17","modified_gmt":"2023-07-07T11:59:17","slug":"dreamfire-valurautaritila-puolikuu","status":"publish","type":"product","link":"https:\/\/dreamfiregrill.com\/fi\/tuote\/dreamfire-valurautaritila-puolikuu\/","title":{"rendered":"Dreamfire\u00ae valurautaritil\u00e4 puolikuu Classic"},"content":{"rendered":"<p>Valurauta-posliiniritil\u00e4t ovat tarttumattomat, helposti puhdistettavat ja jakavat kuumuuden tasaisesti. Sopii k\u00e4ytett\u00e4v\u00e4ksi avotulella; kest\u00e4v\u00e4, ei kuumene liikaa, siet\u00e4\u00e4 mekaanisia iskuja.<\/p>\n","protected":false},"excerpt":{"rendered":"<p>Mitat 46,5 \u00d7 1,5cm.<\/p>\n","protected":false},"featured_media":10249,"template":"","meta":[],"product_brand":[],"product_cat":[94],"product_tag":[],"class_list":{"0":"post-10248","1":"product","2":"type-product","3":"status-publish","4":"has-post-thumbnail","6":"product_cat-grillaustarvikkeet","7":"product_shipping_class-accessories","9":"first","10":"outofstock","11":"taxable","12":"shipping-taxable","13":"purchasable","14":"product-type-simple"},"_links":{"self":[{"href":"https:\/\/dreamfiregrill.com\/fi\/wp-json\/wp\/v2\/product\/10248","targetHints":{"allow":["GET"]}}],"collection":[{"href":"https:\/\/dreamfiregrill.com\/fi\/wp-json\/wp\/v2\/product"}],"about":[{"href":"https:\/\/dreamfiregrill.com\/fi\/wp-json\/wp\/v2\/types\/product"}],"wp:featuredmedia":[{"embeddable":true,"href":"https:\/\/dreamfiregrill.com\/fi\/wp-json\/wp\/v2\/media\/10249"}],"wp:attachment":[{"href":"https:\/\/dreamfiregrill.com\/fi\/wp-json\/wp\/v2\/media?parent=10248"}],"wp:term":[{"taxonomy":"product_brand","embeddable":true,"href":"https:\/\/dreamfiregrill.com\/fi\/wp-json\/wp\/v2\/product_brand?post=10248"},{"taxonomy":"product_cat","embeddable":true,"href":"https:\/\/dreamfiregrill.com\/fi\/wp-json\/wp\/v2\/product_cat?post=10248"},{"taxonomy":"product_tag","embeddable":true,"href":"https:\/\/dreamfiregrill.com\/fi\/wp-json\/wp\/v2\/product_tag?post=10248"}],"curies":[{"name":"wp","href":"https:\/\/api.w.org\/{rel}","templated":true}]}}